{"id":7164,"date":"2017-01-29T12:11:19","date_gmt":"2017-01-29T11:11:19","guid":{"rendered":"http:\/\/roessler-mastering.com\/?page_id=7164\/"},"modified":"2020-03-22T12:09:54","modified_gmt":"2020-03-22T11:09:54","slug":"blog","status":"publish","type":"page","link":"https:\/\/roessler-mastering.com\/de\/blog\/","title":{"rendered":"Blog &#038; News &#8211; Tests:"},"content":{"rendered":"<div  data-slideshow-options=\"{&quot;animation&quot;:&quot;fade&quot;,&quot;autoplay&quot;:false,&quot;loop_autoplay&quot;:&quot;once&quot;,&quot;interval&quot;:5,&quot;loop_manual&quot;:&quot;manual-endless&quot;,&quot;autoplay_stopper&quot;:false,&quot;noNavigation&quot;:false,&quot;show_slide_delay&quot;:90}\" class='avia-content-slider avia-content-grid-active avia-content-slider1 avia-content-slider-even  avia-builder-el-0  avia-builder-el-no-sibling  av-slideshow-ui av-control-default   av-no-slider-navigation av-slideshow-manual av-loop-once av-loop-manual-endless '  itemscope=\"itemscope\" itemtype=\"https:\/\/schema.org\/Blog\" ><div class=\"avia-content-slider-inner\"><div class=\"slide-entry-wrap\"><article class='slide-entry flex_column  post-entry post-entry-8686 slide-entry-overview slide-loop-1 slide-parity-odd  av_one_half first real-thumbnail posttype-post post-format-standard'  itemscope=\"itemscope\" itemtype=\"https:\/\/schema.org\/CreativeWork\" ><a href='https:\/\/roessler-mastering.com\/de\/blog\/musik-mastering\/' data-rel='slide-1' class='slide-image' title='Musik Mastering:'><img decoding=\"async\" fetchpriority=\"high\" width=\"495\" height=\"400\" src=\"https:\/\/roessler-mastering.com\/wp-content\/uploads\/event-opal-495x400.jpg\" class=\"wp-image-6940 avia-img-lazy-loading-not-6940 attachment-portfolio size-portfolio wp-post-image\" alt=\"EDM &amp; Electronic Music Mastering\" \/><\/a><div class=\"slide-content\"><header class=\"entry-content-header\" aria-label=\"Slide: Musik Mastering:\"><span class=\"blog-categories minor-meta\"><a href=\"https:\/\/roessler-mastering.com\/de\/blog\/category\/tutorials\/\" rel=\"tag\">Tutorials<\/a> <\/span><h3 class='slide-entry-title entry-title '  itemprop=\"headline\" ><a href='https:\/\/roessler-mastering.com\/de\/blog\/musik-mastering\/' title='Musik Mastering:'>Musik Mastering:<\/a><\/h3><span class=\"av-vertical-delimiter\"><\/span><\/header><div class='slide-entry-excerpt entry-content'  itemprop=\"text\" >Professionelles Musik Mastering f\u00fcr Alben und EP's. Lassen Sie Ihr Projekt von unserem Mastering Engineer analog mastern. In unserem Studio erhalten Ihre Songs eine Qualit\u00e4t die von einem Instant Mastering Service nicht erreicht werden kann. Weiterhin bieten wir auch <a href=\"https:\/\/roessler-mastering.com\/de\/online-mixing\/\">Online Mixing & Mastering<\/a> an.<div class=\"read-more-link\"><a href=\"https:\/\/roessler-mastering.com\/de\/blog\/musik-mastering\/\" class=\"more-link\">Weiterlesen<span class='more-link-arrow avia-svg-icon avia-font-svg_entypo-fontello' data-av_svg_icon='right-open-big' data-av_iconset='svg_entypo-fontello'><svg version=\"1.1\" xmlns=\"http:\/\/www.w3.org\/2000\/svg\" width=\"15\" height=\"32\" viewBox=\"0 0 15 32\" preserveAspectRatio=\"xMidYMid meet\" role=\"graphics-symbol\" aria-hidden=\"true\">\n<path d=\"M0.416 27.84l11.456-11.84-11.456-11.904q-0.832-0.832 0-1.536 0.832-0.832 1.536 0l12.544 12.608q0.768 0.832 0 1.6l-12.544 12.608q-0.704 0.832-1.536 0-0.832-0.704 0-1.536z\"><\/path>\n<\/svg><\/span><\/a><\/div><\/div><\/div><footer class=\"entry-footer\"><div class=\"slide-meta\"><time class='slide-meta-time updated'  itemprop=\"datePublished\" datetime=\"2017-08-19T12:03:47+02:00\" >August 19, 2017<\/time><\/div><\/footer><span class='hidden'>\n\t\t\t\t<span class='av-structured-data'  itemprop=\"image\" itemscope=\"itemscope\" itemtype=\"https:\/\/schema.org\/ImageObject\" >\n\t\t\t\t\t\t<span itemprop='url'>https:\/\/roessler-mastering.com\/wp-content\/uploads\/event-opal.jpg<\/span>\n\t\t\t\t\t\t<span itemprop='height'>630<\/span>\n\t\t\t\t\t\t<span itemprop='width'>1500<\/span>\n\t\t\t\t<\/span>\n\t\t\t\t<span class='av-structured-data'  itemprop=\"publisher\" itemtype=\"https:\/\/schema.org\/Organization\" itemscope=\"itemscope\" >\n\t\t\t\t\t\t<span itemprop='name'>Author<\/span>\n\t\t\t\t\t\t<span itemprop='logo' itemscope itemtype='https:\/\/schema.org\/ImageObject'>\n\t\t\t\t\t\t\t<span itemprop='url'>https:\/\/roessler-mastering.com\/wp-content\/uploads\/logobl.png<\/span>\n\t\t\t\t\t\t<\/span>\n\t\t\t\t<\/span><span class='av-structured-data'  itemprop=\"author\" itemscope=\"itemscope\" itemtype=\"https:\/\/schema.org\/Person\" ><span itemprop='name'>Author<\/span><\/span><span class='av-structured-data'  itemprop=\"datePublished\" datetime=\"2017-01-29T12:11:19+01:00\" >2017-08-19 12:03:47<\/span><span class='av-structured-data'  itemprop=\"dateModified\" itemtype=\"https:\/\/schema.org\/dateModified\" >2020-03-22 12:54:17<\/span><span class='av-structured-data'  itemprop=\"mainEntityOfPage\" itemtype=\"https:\/\/schema.org\/mainEntityOfPage\" ><span itemprop='name'>Musik Mastering:<\/span><\/span><\/span><\/article><article class='slide-entry flex_column  post-entry post-entry-8746 slide-entry-overview slide-loop-2 slide-parity-even  av_one_half  real-thumbnail posttype-post post-format-standard'  itemscope=\"itemscope\" itemtype=\"https:\/\/schema.org\/CreativeWork\" ><a href='https:\/\/roessler-mastering.com\/de\/blog\/sidechain-kompression-mix-tipps\/' data-rel='slide-1' class='slide-image' title='Sidechain Kompression &#038; Mix Tipps'><img decoding=\"async\" fetchpriority=\"high\" width=\"495\" height=\"175\" src=\"https:\/\/roessler-mastering.com\/wp-content\/uploads\/compression-495x175.jpg\" class=\"wp-image-6911 avia-img-lazy-loading-not-6911 attachment-portfolio size-portfolio wp-post-image\" alt=\"sidechain compression\" \/><\/a><div class=\"slide-content\"><header class=\"entry-content-header\" aria-label=\"Slide: Sidechain Kompression &amp; Mix Tipps\"><span class=\"blog-categories minor-meta\"><a href=\"https:\/\/roessler-mastering.com\/de\/blog\/category\/tutorials\/\" rel=\"tag\">Tutorials<\/a> <\/span><h3 class='slide-entry-title entry-title '  itemprop=\"headline\" ><a href='https:\/\/roessler-mastering.com\/de\/blog\/sidechain-kompression-mix-tipps\/' title='Sidechain Kompression &#038; Mix Tipps'>Sidechain Kompression &#038; Mix Tipps<\/a><\/h3><span class=\"av-vertical-delimiter\"><\/span><\/header><div class='slide-entry-excerpt entry-content'  itemprop=\"text\" >Sidechain Kompression ist eine oft verwendete Mixing & Mastering Technik und wird auch beim <a href=\"https:\/\/roessler-mastering.com\/de\/audio-mastering\/stem-mastering\/\">Stem Mastering Online<\/a> genutzt. Sie wird unter anderem auch \"Upward\" Kompression genannt und wird oft mit der verwandten \"New York (NY)\" Kompression verwechselt. Diese spezielle Mix Technik wird oft genutzt um zu De-Essen, um Lead- von Backing - Vocals klanglich zu separieren, sowie f\u00fcr das \"Bass Ducking\".<div class=\"read-more-link\"><a href=\"https:\/\/roessler-mastering.com\/de\/blog\/sidechain-kompression-mix-tipps\/\" class=\"more-link\">Weiterlesen<span class='more-link-arrow avia-svg-icon avia-font-svg_entypo-fontello' data-av_svg_icon='right-open-big' data-av_iconset='svg_entypo-fontello'><svg version=\"1.1\" xmlns=\"http:\/\/www.w3.org\/2000\/svg\" width=\"15\" height=\"32\" viewBox=\"0 0 15 32\" preserveAspectRatio=\"xMidYMid meet\" role=\"graphics-symbol\" aria-hidden=\"true\">\n<path d=\"M0.416 27.84l11.456-11.84-11.456-11.904q-0.832-0.832 0-1.536 0.832-0.832 1.536 0l12.544 12.608q0.768 0.832 0 1.6l-12.544 12.608q-0.704 0.832-1.536 0-0.832-0.704 0-1.536z\"><\/path>\n<\/svg><\/span><\/a><\/div><\/div><\/div><footer class=\"entry-footer\"><div class=\"slide-meta\"><time class='slide-meta-time updated'  itemprop=\"datePublished\" datetime=\"2017-08-19T11:39:46+02:00\" >August 19, 2017<\/time><\/div><\/footer><span class='hidden'>\n\t\t\t\t<span class='av-structured-data'  itemprop=\"image\" itemscope=\"itemscope\" itemtype=\"https:\/\/schema.org\/ImageObject\" >\n\t\t\t\t\t\t<span itemprop='url'>https:\/\/roessler-mastering.com\/wp-content\/uploads\/compression.jpg<\/span>\n\t\t\t\t\t\t<span itemprop='height'>175<\/span>\n\t\t\t\t\t\t<span itemprop='width'>953<\/span>\n\t\t\t\t<\/span>\n\t\t\t\t<span class='av-structured-data'  itemprop=\"publisher\" itemtype=\"https:\/\/schema.org\/Organization\" itemscope=\"itemscope\" >\n\t\t\t\t\t\t<span itemprop='name'>Author<\/span>\n\t\t\t\t\t\t<span itemprop='logo' itemscope itemtype='https:\/\/schema.org\/ImageObject'>\n\t\t\t\t\t\t\t<span itemprop='url'>https:\/\/roessler-mastering.com\/wp-content\/uploads\/logobl.png<\/span>\n\t\t\t\t\t\t<\/span>\n\t\t\t\t<\/span><span class='av-structured-data'  itemprop=\"author\" itemscope=\"itemscope\" itemtype=\"https:\/\/schema.org\/Person\" ><span itemprop='name'>Author<\/span><\/span><span class='av-structured-data'  itemprop=\"datePublished\" datetime=\"2017-01-29T12:11:19+01:00\" >2017-08-19 11:39:46<\/span><span class='av-structured-data'  itemprop=\"dateModified\" itemtype=\"https:\/\/schema.org\/dateModified\" >2020-03-22 12:55:12<\/span><span class='av-structured-data'  itemprop=\"mainEntityOfPage\" itemtype=\"https:\/\/schema.org\/mainEntityOfPage\" ><span itemprop='name'>Sidechain Kompression &#038; Mix Tipps<\/span><\/span><\/span><\/article><\/div><div class=\"slide-entry-wrap\"><article class='slide-entry flex_column  post-entry post-entry-8629 slide-entry-overview slide-loop-3 slide-parity-odd  av_one_half first real-thumbnail posttype-post post-format-standard'  itemscope=\"itemscope\" itemtype=\"https:\/\/schema.org\/CreativeWork\" ><a href='https:\/\/roessler-mastering.com\/de\/blog\/fl-studio\/' data-rel='slide-1' class='slide-image' title='Fl Studio Kaufen? Was bring Fruity Loops 20?'><img decoding=\"async\" fetchpriority=\"high\" width=\"470\" height=\"400\" src=\"https:\/\/roessler-mastering.com\/wp-content\/uploads\/fl-studio-470x400.jpg\" class=\"wp-image-8492 avia-img-lazy-loading-not-8492 attachment-portfolio size-portfolio wp-post-image\" alt=\"Fl Studio Edit Window\" \/><\/a><div class=\"slide-content\"><header class=\"entry-content-header\" aria-label=\"Slide: Fl Studio Kaufen? Was bring Fruity Loops 20?\"><span class=\"blog-categories minor-meta\"><a href=\"https:\/\/roessler-mastering.com\/de\/blog\/category\/tutorials\/\" rel=\"tag\">Tutorials<\/a> <\/span><h3 class='slide-entry-title entry-title '  itemprop=\"headline\" ><a href='https:\/\/roessler-mastering.com\/de\/blog\/fl-studio\/' title='Fl Studio Kaufen? Was bring Fruity Loops 20?'>Fl Studio Kaufen? Was bring Fruity Loops 20?<\/a><\/h3><span class=\"av-vertical-delimiter\"><\/span><\/header><div class='slide-entry-excerpt entry-content'  itemprop=\"text\" >Vor kurzem konnten wir die DAW Fl Studio des Softwareherstellers Image Line ausf\u00fchrlich testen. Dazu nutzen wir die neueste Version 20 des Fruity Loops Nachfolgers. Wir pr\u00fcften die Funktionalit\u00e4t f\u00fcr den Produzenten \/ Beatmaker in der Praxis. <div class=\"read-more-link\"><a href=\"https:\/\/roessler-mastering.com\/de\/blog\/fl-studio\/\" class=\"more-link\">Weiterlesen<span class='more-link-arrow avia-svg-icon avia-font-svg_entypo-fontello' data-av_svg_icon='right-open-big' data-av_iconset='svg_entypo-fontello'><svg version=\"1.1\" xmlns=\"http:\/\/www.w3.org\/2000\/svg\" width=\"15\" height=\"32\" viewBox=\"0 0 15 32\" preserveAspectRatio=\"xMidYMid meet\" role=\"graphics-symbol\" aria-hidden=\"true\">\n<path d=\"M0.416 27.84l11.456-11.84-11.456-11.904q-0.832-0.832 0-1.536 0.832-0.832 1.536 0l12.544 12.608q0.768 0.832 0 1.6l-12.544 12.608q-0.704 0.832-1.536 0-0.832-0.704 0-1.536z\"><\/path>\n<\/svg><\/span><\/a><\/div><\/div><\/div><footer class=\"entry-footer\"><div class=\"slide-meta\"><time class='slide-meta-time updated'  itemprop=\"datePublished\" datetime=\"2017-08-01T14:48:26+02:00\" >August 1, 2017<\/time><\/div><\/footer><span class='hidden'>\n\t\t\t\t<span class='av-structured-data'  itemprop=\"image\" itemscope=\"itemscope\" itemtype=\"https:\/\/schema.org\/ImageObject\" >\n\t\t\t\t\t\t<span itemprop='url'>https:\/\/roessler-mastering.com\/wp-content\/uploads\/fl-studio.jpg<\/span>\n\t\t\t\t\t\t<span itemprop='height'>470<\/span>\n\t\t\t\t\t\t<span itemprop='width'>470<\/span>\n\t\t\t\t<\/span>\n\t\t\t\t<span class='av-structured-data'  itemprop=\"publisher\" itemtype=\"https:\/\/schema.org\/Organization\" itemscope=\"itemscope\" >\n\t\t\t\t\t\t<span itemprop='name'>Author<\/span>\n\t\t\t\t\t\t<span itemprop='logo' itemscope itemtype='https:\/\/schema.org\/ImageObject'>\n\t\t\t\t\t\t\t<span itemprop='url'>https:\/\/roessler-mastering.com\/wp-content\/uploads\/logobl.png<\/span>\n\t\t\t\t\t\t<\/span>\n\t\t\t\t<\/span><span class='av-structured-data'  itemprop=\"author\" itemscope=\"itemscope\" itemtype=\"https:\/\/schema.org\/Person\" ><span itemprop='name'>Author<\/span><\/span><span class='av-structured-data'  itemprop=\"datePublished\" datetime=\"2017-01-29T12:11:19+01:00\" >2017-08-01 14:48:26<\/span><span class='av-structured-data'  itemprop=\"dateModified\" itemtype=\"https:\/\/schema.org\/dateModified\" >2020-03-22 12:55:51<\/span><span class='av-structured-data'  itemprop=\"mainEntityOfPage\" itemtype=\"https:\/\/schema.org\/mainEntityOfPage\" ><span itemprop='name'>Fl Studio Kaufen? Was bring Fruity Loops 20?<\/span><\/span><\/span><\/article><article class='slide-entry flex_column  post-entry post-entry-7167 slide-entry-overview slide-loop-4 slide-parity-even  post-entry-last  av_one_half  real-thumbnail posttype-post post-format-standard'  itemscope=\"itemscope\" itemtype=\"https:\/\/schema.org\/CreativeWork\" ><a href='https:\/\/roessler-mastering.com\/de\/blog\/samplitude\/' data-rel='slide-1' class='slide-image' title='Samplitude Pro X3:'><img decoding=\"async\" fetchpriority=\"high\" width=\"495\" height=\"400\" src=\"https:\/\/roessler-mastering.com\/wp-content\/uploads\/Samplitude-Pro-X-3-495x400.jpg\" class=\"wp-image-7449 avia-img-lazy-loading-not-7449 attachment-portfolio size-portfolio wp-post-image\" alt=\"Samplitude Pro X3\" \/><\/a><div class=\"slide-content\"><header class=\"entry-content-header\" aria-label=\"Slide: Samplitude Pro X3:\"><span class=\"blog-categories minor-meta\"><a href=\"https:\/\/roessler-mastering.com\/de\/blog\/category\/tutorials\/\" rel=\"tag\">Tutorials<\/a> <\/span><h3 class='slide-entry-title entry-title '  itemprop=\"headline\" ><a href='https:\/\/roessler-mastering.com\/de\/blog\/samplitude\/' title='Samplitude Pro X3:'>Samplitude Pro X3:<\/a><\/h3><span class=\"av-vertical-delimiter\"><\/span><\/header><div class='slide-entry-excerpt entry-content'  itemprop=\"text\" >Vor kurzem konnten wir Samplitude Pro X3 in unserem Studio ausf\u00fchrlich testen. Wir pr\u00fcften die DAW auf die Kompatibilit\u00e4t im Mastering Studio. Die neueste Version der Software bringt einige interessante Neuerungen wie zb. die M\u00f6glichkeit DDP's und Red Book CD's zu erstellen, dies war vorher nur in der gr\u00f6\u00dferen DAW Sequoia m\u00f6glich. <div class=\"read-more-link\"><a href=\"https:\/\/roessler-mastering.com\/de\/blog\/samplitude\/\" class=\"more-link\">Weiterlesen<span class='more-link-arrow avia-svg-icon avia-font-svg_entypo-fontello' data-av_svg_icon='right-open-big' data-av_iconset='svg_entypo-fontello'><svg version=\"1.1\" xmlns=\"http:\/\/www.w3.org\/2000\/svg\" width=\"15\" height=\"32\" viewBox=\"0 0 15 32\" preserveAspectRatio=\"xMidYMid meet\" role=\"graphics-symbol\" aria-hidden=\"true\">\n<path d=\"M0.416 27.84l11.456-11.84-11.456-11.904q-0.832-0.832 0-1.536 0.832-0.832 1.536 0l12.544 12.608q0.768 0.832 0 1.6l-12.544 12.608q-0.704 0.832-1.536 0-0.832-0.704 0-1.536z\"><\/path>\n<\/svg><\/span><\/a><\/div><\/div><\/div><footer class=\"entry-footer\"><div class=\"slide-meta\"><time class='slide-meta-time updated'  itemprop=\"datePublished\" datetime=\"2017-01-29T12:14:38+01:00\" >Januar 29, 2017<\/time><\/div><\/footer><span class='hidden'>\n\t\t\t\t<span class='av-structured-data'  itemprop=\"image\" itemscope=\"itemscope\" itemtype=\"https:\/\/schema.org\/ImageObject\" >\n\t\t\t\t\t\t<span itemprop='url'>https:\/\/roessler-mastering.com\/wp-content\/uploads\/Samplitude-Pro-X-3.jpg<\/span>\n\t\t\t\t\t\t<span itemprop='height'>470<\/span>\n\t\t\t\t\t\t<span itemprop='width'>900<\/span>\n\t\t\t\t<\/span>\n\t\t\t\t<span class='av-structured-data'  itemprop=\"publisher\" itemtype=\"https:\/\/schema.org\/Organization\" itemscope=\"itemscope\" >\n\t\t\t\t\t\t<span itemprop='name'>Author<\/span>\n\t\t\t\t\t\t<span itemprop='logo' itemscope itemtype='https:\/\/schema.org\/ImageObject'>\n\t\t\t\t\t\t\t<span itemprop='url'>https:\/\/roessler-mastering.com\/wp-content\/uploads\/logobl.png<\/span>\n\t\t\t\t\t\t<\/span>\n\t\t\t\t<\/span><span class='av-structured-data'  itemprop=\"author\" itemscope=\"itemscope\" itemtype=\"https:\/\/schema.org\/Person\" ><span itemprop='name'>Author<\/span><\/span><span class='av-structured-data'  itemprop=\"datePublished\" datetime=\"2017-01-29T12:11:19+01:00\" >2017-01-29 12:14:38<\/span><span class='av-structured-data'  itemprop=\"dateModified\" itemtype=\"https:\/\/schema.org\/dateModified\" >2020-03-22 12:56:28<\/span><span class='av-structured-data'  itemprop=\"mainEntityOfPage\" itemtype=\"https:\/\/schema.org\/mainEntityOfPage\" ><span itemprop='name'>Samplitude Pro X3:<\/span><\/span><\/span><\/article><\/div><\/div><\/div>\n","protected":false},"excerpt":{"rendered":"","protected":false},"author":11,"featured_media":0,"parent":0,"menu_order":0,"comment_status":"closed","ping_status":"closed","template":"","meta":{"footnotes":""},"class_list":["post-7164","page","type-page","status-publish","hentry"],"_links":{"self":[{"href":"https:\/\/roessler-mastering.com\/de\/wp-json\/wp\/v2\/pages\/7164","targetHints":{"allow":["GET"]}}],"collection":[{"href":"https:\/\/roessler-mastering.com\/de\/wp-json\/wp\/v2\/pages"}],"about":[{"href":"https:\/\/roessler-mastering.com\/de\/wp-json\/wp\/v2\/types\/page"}],"author":[{"embeddable":true,"href":"https:\/\/roessler-mastering.com\/de\/wp-json\/wp\/v2\/users\/11"}],"replies":[{"embeddable":true,"href":"https:\/\/roessler-mastering.com\/de\/wp-json\/wp\/v2\/comments?post=7164"}],"version-history":[{"count":0,"href":"https:\/\/roessler-mastering.com\/de\/wp-json\/wp\/v2\/pages\/7164\/revisions"}],"wp:attachment":[{"href":"https:\/\/roessler-mastering.com\/de\/wp-json\/wp\/v2\/media?parent=7164"}],"curies":[{"name":"wp","href":"https:\/\/api.w.org\/{rel}","templated":true}]}}