{"id":6530,"date":"2016-10-21T16:21:43","date_gmt":"2016-10-21T14:21:43","guid":{"rendered":"http:\/\/roessler-mastering.com\/de\/?page_id=6530"},"modified":"2025-09-20T13:36:53","modified_gmt":"2025-09-20T11:36:53","slug":"mastering-studio","status":"publish","type":"page","link":"https:\/\/roessler-mastering.com\/de\/","title":{"rendered":"Mastering Studio"},"content":{"rendered":"<div id='full_slider_1'  class='avia-fullwidth-slider main_color avia-shadow   avia-builder-el-0  el_before_av_section  avia-builder-el-first   container_wrap fullsize'  ><div  class='avia-slideshow av-md59jm-bc69390e9a0be876cff688140b1f31d2 avia-slideshow-no scaling av_slideshow_full avia-slide-slider av-slideshow-ui av-control-hidden av-no-slider-navigation av-hide-nav-arrows av-slideshow-autoplay av-loop-endless av-loop-manual-endless av-default-height-applied   avia-slideshow-1' data-slideshow-options=\"{&quot;animation&quot;:&quot;slide&quot;,&quot;autoplay&quot;:true,&quot;loop_autoplay&quot;:&quot;endless&quot;,&quot;interval&quot;:5,&quot;loop_manual&quot;:&quot;manual-endless&quot;,&quot;autoplay_stopper&quot;:false,&quot;noNavigation&quot;:true,&quot;bg_slider&quot;:false,&quot;keep_padding&quot;:false,&quot;hoverpause&quot;:false,&quot;show_slide_delay&quot;:0}\"  itemprop=\"image\" itemscope=\"itemscope\" itemtype=\"https:\/\/schema.org\/ImageObject\" ><ul class='avia-slideshow-inner ' style='padding-bottom: 30%;'><li  class='avia-slideshow-slide av-md59jm-bc69390e9a0be876cff688140b1f31d2__0  av-single-slide slide-1 slide-odd'><div data-rel='slideshow-1' class='avia-slide-wrap '   ><img decoding=\"async\" fetchpriority=\"high\" class=\"wp-image-10301 avia-img-lazy-loading-not-10301\"  src=\"https:\/\/roessler-mastering.com\/wp-content\/uploads\/coverhome.jpg\" width=\"1600\" height=\"480\" title='Album Cover' alt=''  itemprop=\"thumbnailUrl\" srcset=\"https:\/\/roessler-mastering.com\/wp-content\/uploads\/coverhome.jpg 1600w, https:\/\/roessler-mastering.com\/wp-content\/uploads\/coverhome-300x90.jpg 300w, https:\/\/roessler-mastering.com\/wp-content\/uploads\/coverhome-768x230.jpg 768w, https:\/\/roessler-mastering.com\/wp-content\/uploads\/coverhome-1030x309.jpg 1030w, https:\/\/roessler-mastering.com\/wp-content\/uploads\/coverhome-1500x450.jpg 1500w, https:\/\/roessler-mastering.com\/wp-content\/uploads\/coverhome-705x212.jpg 705w, https:\/\/roessler-mastering.com\/wp-content\/uploads\/coverhome-450x135.jpg 450w\" sizes=\"(max-width: 1600px) 100vw, 1600px\" \/><\/div><\/li><\/ul><\/div><\/div>\n<div id='av_section_1'  class='avia-section av-ierg82-402c2df7dc2612e71fbb726adcc83405 main_color avia-section-default avia-no-border-styling  avia-builder-el-1  el_after_av_slideshow_full  el_before_av_section  avia-bg-style-scroll container_wrap fullsize'  ><div class='container av-section-cont-open' ><div class='template-page content  av-content-full alpha units'><div class='post-entry post-entry-type-page post-entry-6530'><div class='entry-content-wrapper clearfix'>\n<section  class='av_textblock_section av-hsqeua-127f3ed7f99fcef63221416990d337bb '   itemscope=\"itemscope\" itemtype=\"https:\/\/schema.org\/CreativeWork\" ><div class='avia_textblock'  itemprop=\"text\" ><h1 style=\"text-align: center;\">Mastering Studio &#8211; Professionell &amp; Analog:<\/h1>\n<p>Mit mehr als 9 Jahren in der Musikbranche ist unser <strong>Mastering Studio<\/strong>\u00a0in\u00a0N\u00fcrnberg (Deutschland) weltweit Partner f\u00fcr Labels, Musiker und Produzenten. Wir haben uns\u00a0auf <strong>Online\u00a0Mastering <\/strong>&amp; Mixing<strong>\u00a0<\/strong>von Musikproduktionen<strong>\u00a0<\/strong>spezialisiert.\u00a0Wir bieten Services f\u00fcr: CD- Pressungen, Vinyl Mastering Services (inklusive eines DDP Image \u2019s, ISRC Codes und einer Red Book CDR) sowie Multi-Track Processing. Unser Mastering Engineer ist Experte f\u00fcr das Audio Remastering\u00a0von bereits releasten Projekten und Musikkatalogen f\u00fcr die Wiederver\u00f6ffentlichung. Das Audio Mastering Online beinhaltet die Korrektur von Mix- und Balancierungs- Fehlern sowie die Lautst\u00e4rkenoptimierung, Fades, Track Sequencing.<\/p>\n<p>1) F\u00fcllen Sie unser Kontaktformular aus oder senden Sie uns eine Email. 2) Danach kontaktieren wir Sie um alle Details nach Ihren W\u00fcnschen zu planen. 3) Senden Sie uns Ihre Tracks \u00fcber Wetransfer. 4) Nun mastern wir Ihr Projekt\u00a0nach Ihren klanglichen Vorstellungen. 5) Sie erhalten Ihre fertig gemasterten Songs innerhalb von 4 Werktagen von uns zur\u00fcck.\u00a0Wir begleiten Sie von der Projektplanung bis hin zum Release durch alle Schritte der Produktion.<\/p>\n<p>Unsere\u00a0Credits beinhalten internationale K\u00fcnstler wie: Oh No, Saigon, Pete Rock, Talib Kweli und viele mehr. Mehr Infos finden Sie in unseren Referenzen. Mehrere von uns gemasterte Projekte wurden f\u00fcr Album of the Year Awards nominiert, gewannen den Swiss Music Award und erreichten Radio sowie vordere Chart Platzierungen.<\/p>\n<\/div><\/section>\n<\/div><\/div><\/div><!-- close content main div --><\/div><\/div><div id='av_section_2'  class='avia-section av-fxti5u-72c19e4d2b88d8cb980c8794bcc9642c main_color avia-section-default avia-shadow  avia-builder-el-3  el_after_av_section  el_before_av_section  avia-bg-style-scroll container_wrap fullsize'  ><div class='container av-section-cont-open' ><div class='template-page content  av-content-full alpha units'><div class='post-entry post-entry-type-page post-entry-6530'><div class='entry-content-wrapper clearfix'>\n\n<style type=\"text\/css\" data-created_by=\"avia_inline_auto\" id=\"style-css-av-e8e7oi-18e562e62ccef8285b480b344f2bb765\">\n.flex_column.av-e8e7oi-18e562e62ccef8285b480b344f2bb765{\nborder-radius:0px 0px 0px 0px;\npadding:0px 0px 0px 0px;\n}\n<\/style>\n<div  class='flex_column av-e8e7oi-18e562e62ccef8285b480b344f2bb765 av_one_half  avia-builder-el-4  el_before_av_one_half  avia-builder-el-first  first flex_column_div av-zero-column-padding  '     ><section  class='av_textblock_section av-cg0tr6-f158680fb04e0f0d6046c52e21966517 '   itemscope=\"itemscope\" itemtype=\"https:\/\/schema.org\/CreativeWork\" ><div class='avia_textblock'  itemprop=\"text\" ><h2>Online Mastering Studio:<\/h2>\n<p>Das Mastering Studio\u00a0ist mit ausgew\u00e4hlten analogen &amp; digitalen Ger\u00e4ten ausgestattet. Wir nutzen unter anderem analoge Eqs, Limiter und Kompressoren um die Lautst\u00e4rke, Stereobreite und Dynamik zu verbessern. Jedem Mix wird mit Pr\u00e4zision mehr Klarheit, Pr\u00e4senz, W\u00e4rme und Punch verliehen. Mit Hilfe verschiedenster Bearbeitungstechniken bringt der Online Mastering Prozess die Audioqualit\u00e4t Ihrer Musik\u00a0auf das\u00a0h\u00f6chstm\u00f6gliche Niveau.<\/p>\n<p>Weiterhin bieten wir auch\u00a0<a href=\"https:\/\/roessler-mastering.com\/de\/online-mixing\/\">Online Mixing<\/a>, sowie analoges <a href=\"https:\/\/roessler-mastering.com\/de\/audio-mastering\/stem-mastering\/\">Stem Mastering<\/a>. Musik muss heutzutage auf verschiedensten Systemen und Release\u00a0Formaten brilliant klingen um die Zuh\u00f6rer\u00a0zu \u00fcberzeugen. Deshalb ist es besonders wichtig einen erfahrenen Mastering Engineer auszuw\u00e4hlen der \u00fcber analoge Hardware und Monitorsysteme verf\u00fcgt.<\/p>\n<p>Die Regie des Studios wurde nach hohen Standards akustisch optimiert. Somit haben wir eine kritische Abh\u00f6rumgebung geschaffen, die es uns erlaubt die Frequenzen Ihrer Musikproduktion\u00a0bis ins kleinste\u00a0Detail zu optimieren.\u00a0Nach dem Songwriting und der Aufnahme\u00a0im Tonstudio sollten Sie gerade beim\u00a0letzten Schritt in der Produktion keine Qualit\u00e4tsabstriche machen.\u00a0Mit Hilfe unseres Mastering Studios stehen Ihnen High End Equipment und jahrelange Erfahrung zur Verf\u00fcgung.<\/p>\n<\/div><\/section><\/div>\n<style type=\"text\/css\" data-created_by=\"avia_inline_auto\" id=\"style-css-av-ap33ea-dc708499fc388c7451d25be3abfab0ca\">\n.flex_column.av-ap33ea-dc708499fc388c7451d25be3abfab0ca{\nborder-radius:0px 0px 0px 0px;\npadding:0px 0px 0px 0px;\n}\n<\/style>\n<div  class='flex_column av-ap33ea-dc708499fc388c7451d25be3abfab0ca av_one_half  avia-builder-el-6  el_after_av_one_half  avia-builder-el-last  flex_column_div av-zero-column-padding  '     ><style type=\"text\/css\" data-created_by=\"avia_inline_auto\" id=\"style-css-av-9m6f0i-e656bdc08b6f17e1b84846fb1d23ca8e\">\n.avia-image-container.av-9m6f0i-e656bdc08b6f17e1b84846fb1d23ca8e img.avia_image{\nbox-shadow:none;\n}\n.avia-image-container.av-9m6f0i-e656bdc08b6f17e1b84846fb1d23ca8e .av-image-caption-overlay-center{\ncolor:#ffffff;\n}\n<\/style>\n<div  class='avia-image-container av-9m6f0i-e656bdc08b6f17e1b84846fb1d23ca8e av-styling-circle avia-align-center  avia-builder-el-7  avia-builder-el-no-sibling '   itemprop=\"image\" itemscope=\"itemscope\" itemtype=\"https:\/\/schema.org\/ImageObject\" ><div class=\"avia-image-container-inner\"><div class=\"avia-image-overlay-wrap\"><img decoding=\"async\" fetchpriority=\"high\" class='wp-image-10300 avia-img-lazy-loading-not-10300 avia_image ' src=\"https:\/\/roessler-mastering.com\/wp-content\/uploads\/studiohome.jpg\" alt='' title='Our Facility'  height=\"400\" width=\"400\"  itemprop=\"thumbnailUrl\" srcset=\"https:\/\/roessler-mastering.com\/wp-content\/uploads\/studiohome.jpg 400w, https:\/\/roessler-mastering.com\/wp-content\/uploads\/studiohome-80x80.jpg 80w, https:\/\/roessler-mastering.com\/wp-content\/uploads\/studiohome-300x300.jpg 300w, https:\/\/roessler-mastering.com\/wp-content\/uploads\/studiohome-36x36.jpg 36w, https:\/\/roessler-mastering.com\/wp-content\/uploads\/studiohome-180x180.jpg 180w, https:\/\/roessler-mastering.com\/wp-content\/uploads\/studiohome-120x120.jpg 120w\" sizes=\"(max-width: 400px) 100vw, 400px\" \/><\/div><\/div><\/div><\/div><\/div><\/div><\/div><!-- close content main div --><\/div><\/div>\n<style type=\"text\/css\" data-created_by=\"avia_inline_auto\" id=\"style-css-av-7juvki-623cab9fb5736761bf055c26e935694b\">\n.avia-section.av-7juvki-623cab9fb5736761bf055c26e935694b .av-extra-border-element .av-extra-border-inner{\nbackground-color:#ffffff;\n}\n<\/style>\n<div id='av_section_3'  class='avia-section av-7juvki-623cab9fb5736761bf055c26e935694b main_color avia-section-default avia-shadow  avia-builder-el-8  el_after_av_section  avia-builder-el-last  avia-bg-style-scroll av-arrow-down-section container_wrap fullsize'  ><div class='container av-section-cont-open' ><div class='template-page content  av-content-full alpha units'><div class='post-entry post-entry-type-page post-entry-6530'><div class='entry-content-wrapper clearfix'>\n<section  class='av_textblock_section av-6aq7wy-b4049bdb322e1ac4e6f2e721a407b36f '   itemscope=\"itemscope\" itemtype=\"https:\/\/schema.org\/CreativeWork\" ><div class='avia_textblock'  itemprop=\"text\" ><h3 style=\"text-align: center;\">Testen Sie unseren Online Mastering Service kostenlos!<\/h3>\n<p>Testen\u00a0Sie unser Online Mastering Studio kostenlos (inkl. Mix Check):\u00a0\u00dcberzeugen Sie sich von unserer Qualit\u00e4t\u00a0bevor sie eine Session buchen. Emailen Sie uns (mit Informationen \u00fcber Ihr Projekt) um Ihr Testmaster anzufordern (nur f\u00fcr Projekte mit einem Minimum von 3 Songs). Uploaden\u00a0Sie Ihren Mix als Wav, Aiff File (44. 1khz Samplerate und 24 Bit). <strong>W\u00e4hlen Sie zwischen Stereo oder Stem Mastering:<\/strong> W\u00e4hrend des Multi-Track Processings nutzen wir bis zu 8 Tracks Ihres Mixes f\u00fcr die Bearbeitung. Das <em>Online Mastering<\/em>\u00a0mit Multi-Tracks\u00a0beinhaltet die Summierung jedes Stems durch unsere Vintage Tools. Dies ist perfekt um Mixen die W\u00e4rme von Recording Konsolen zu verleihen. Man erh\u00e4lt mehr Tiefe im Mixdown &amp; Punch, sowie einen erh\u00f6hten Dynamikumfang.\u00a0Weiterhin bieten wir Services\u00a0f\u00fcr CD, Vinyl und Digital Release, sowie Remaster von bereits ver\u00f6ffentlichten Produktionen.<\/p>\n<p><strong>Nutzen Sie unseren Online Mixing Service:\u00a0<\/strong>Das Mixing &amp; Mastering Online ist inklusive einer gemasterten Version des Songs (wenn ben\u00f6tigt). Jeder Song wird mit Hilfe unseres Dangerous 2 Bus Summierers und analoger Hardware des <em>Mastering Studio<\/em>\u00a0gepr\u00e4gt.\u00a0SSL, Neve und weitere\u00a0Konsolen sind auf Anfrage separat verf\u00fcgbar. Die Preise f\u00fcr das Online Mixing inkl. ganzer Projekte k\u00f6nnen individuell mit Ihnen ausgearbeitet werden. Diese sind abh\u00e4ngig von der Spurenanzahl.<\/p>\n<\/div><\/section>\n\n<style type=\"text\/css\" data-created_by=\"avia_inline_auto\" id=\"style-css-av-eayzm-68f9b4bcb0e2c4b17b726edafc7dc3a1\">\n#top .hr.hr-invisible.av-eayzm-68f9b4bcb0e2c4b17b726edafc7dc3a1{\nheight:15px;\n}\n<\/style>\n<div  class='hr av-eayzm-68f9b4bcb0e2c4b17b726edafc7dc3a1 hr-invisible  avia-builder-el-10  el_after_av_textblock  el_before_av_button '><span class='hr-inner '><span class=\"hr-inner-style\"><\/span><\/span><\/div>\n<div  class='avia-button-wrap av-2b5jdu-b64e48dfb968bee3c43d71cc4ea7bc29-wrap avia-button-center  avia-builder-el-11  el_after_av_hr  avia-builder-el-last '><a href='https:\/\/roessler-mastering.com\/de\/kontakt\/'  class='avia-button av-2b5jdu-b64e48dfb968bee3c43d71cc4ea7bc29 av-link-btn avia-icon_select-no avia-size-x-large avia-position-center avia-color-theme-color'   aria-label=\"Kostenloses Testmaster anfordern:\"><span class='avia_iconbox_title' >Kostenloses Testmaster anfordern:<\/span><\/a><\/div>\n<\/p>\n","protected":false},"excerpt":{"rendered":"","protected":false},"author":11,"featured_media":0,"parent":0,"menu_order":0,"comment_status":"closed","ping_status":"closed","template":"","meta":{"footnotes":""},"class_list":["post-6530","page","type-page","status-publish","hentry"],"_links":{"self":[{"href":"https:\/\/roessler-mastering.com\/de\/wp-json\/wp\/v2\/pages\/6530","targetHints":{"allow":["GET"]}}],"collection":[{"href":"https:\/\/roessler-mastering.com\/de\/wp-json\/wp\/v2\/pages"}],"about":[{"href":"https:\/\/roessler-mastering.com\/de\/wp-json\/wp\/v2\/types\/page"}],"author":[{"embeddable":true,"href":"https:\/\/roessler-mastering.com\/de\/wp-json\/wp\/v2\/users\/11"}],"replies":[{"embeddable":true,"href":"https:\/\/roessler-mastering.com\/de\/wp-json\/wp\/v2\/comments?post=6530"}],"version-history":[{"count":3,"href":"https:\/\/roessler-mastering.com\/de\/wp-json\/wp\/v2\/pages\/6530\/revisions"}],"predecessor-version":[{"id":10410,"href":"https:\/\/roessler-mastering.com\/de\/wp-json\/wp\/v2\/pages\/6530\/revisions\/10410"}],"wp:attachment":[{"href":"https:\/\/roessler-mastering.com\/de\/wp-json\/wp\/v2\/media?parent=6530"}],"curies":[{"name":"wp","href":"https:\/\/api.w.org\/{rel}","templated":true}]}}