{"id":6489,"date":"2016-10-19T15:49:37","date_gmt":"2016-10-19T13:49:37","guid":{"rendered":"http:\/\/roessler-mastering.com\/de\/?page_id=6489"},"modified":"2020-03-22T12:14:44","modified_gmt":"2020-03-22T11:14:44","slug":"online-mixing","status":"publish","type":"page","link":"https:\/\/roessler-mastering.com\/de\/online-mixing\/","title":{"rendered":"Online Mixing"},"content":{"rendered":"\n<style type=\"text\/css\" data-created_by=\"avia_inline_auto\" id=\"style-css-av-jned17ty-eefc0ea228a7fad2629f16e497238485\">\n.avia-section.av-jned17ty-eefc0ea228a7fad2629f16e497238485{\nbackground-color:#ffffff;\nbackground-image:url(https:\/\/roessler-mastering.com\/wp-content\/uploads\/analogcomp.jpg);\nbackground-repeat:no-repeat;\nbackground-position:50% 0%;\nbackground-attachment:scroll;\n}\n.avia-section.av-jned17ty-eefc0ea228a7fad2629f16e497238485 .av-section-color-overlay{\nopacity:0.2;\nbackground-color:#000000;\n}\n<\/style>\n<div id='av_section_1'  class='avia-section av-jned17ty-eefc0ea228a7fad2629f16e497238485 main_color avia-section-no-padding avia-no-border-styling  avia-builder-el-0  el_before_av_section  avia-builder-el-first  avia-bg-style-scroll av-section-color-overlay-active av-minimum-height av-minimum-height-custom av-height-custom  container_wrap fullsize'  data-section-bg-repeat='no-repeat' data-av_minimum_height_px='500'><div class=\"av-section-color-overlay-wrap\"><div class=\"av-section-color-overlay\"><\/div><div class='container av-section-cont-open' style='height:500px'><main  role=\"main\" itemprop=\"mainContentOfPage\"  class='template-page content  av-content-full alpha units'><div class='post-entry post-entry-type-page post-entry-6489'><div class='entry-content-wrapper clearfix'>\n\n<style type=\"text\/css\" data-created_by=\"avia_inline_auto\" id=\"style-css-av-jp2o0vfs-e1f755a5ad5aeaba18fa60a380a8f13a\">\n#top .av-special-heading.av-jp2o0vfs-e1f755a5ad5aeaba18fa60a380a8f13a{\nmargin:0 0 8% 0;\npadding-bottom:25px;\ncolor:#ffffff;\nfont-size:3vw;\n}\nbody .av-special-heading.av-jp2o0vfs-e1f755a5ad5aeaba18fa60a380a8f13a .av-special-heading-tag .heading-char{\nfont-size:25px;\n}\n#top #wrap_all .av-special-heading.av-jp2o0vfs-e1f755a5ad5aeaba18fa60a380a8f13a .av-special-heading-tag{\nfont-size:3vw;\n}\n.av-special-heading.av-jp2o0vfs-e1f755a5ad5aeaba18fa60a380a8f13a .special-heading-inner-border{\nborder-color:#ffffff;\n}\n.av-special-heading.av-jp2o0vfs-e1f755a5ad5aeaba18fa60a380a8f13a .av-subheading{\nfont-size:17px;\n}\n\n@media only screen and (min-width: 768px) and (max-width: 989px){ \n#top #wrap_all .av-special-heading.av-jp2o0vfs-e1f755a5ad5aeaba18fa60a380a8f13a .av-special-heading-tag{\nfont-size:22px;\n}\n.av-special-heading.av-jp2o0vfs-e1f755a5ad5aeaba18fa60a380a8f13a .av-subheading{\nfont-size:16px;\n}\n}\n\n@media only screen and (min-width: 480px) and (max-width: 767px){ \n#top #wrap_all .av-special-heading.av-jp2o0vfs-e1f755a5ad5aeaba18fa60a380a8f13a .av-special-heading-tag{\nfont-size:22px;\n}\n.av-special-heading.av-jp2o0vfs-e1f755a5ad5aeaba18fa60a380a8f13a .av-subheading{\nfont-size:16px;\n}\n}\n\n@media only screen and (max-width: 479px){ \n#top #wrap_all .av-special-heading.av-jp2o0vfs-e1f755a5ad5aeaba18fa60a380a8f13a .av-special-heading-tag{\nfont-size:19px;\n}\n.av-special-heading.av-jp2o0vfs-e1f755a5ad5aeaba18fa60a380a8f13a .av-subheading{\nfont-size:13px;\n}\n}\n<\/style>\n<div  class='av-special-heading av-jp2o0vfs-e1f755a5ad5aeaba18fa60a380a8f13a av-special-heading-h1 custom-color-heading blockquote modern-quote modern-centered  avia-builder-el-1  avia-builder-el-no-sibling  av-inherit-size'><h1 class='av-special-heading-tag '  itemprop=\"headline\"  >Online Mixing und Mastering F\u00fcr K\u00fcnstler Weltweit:<\/h1><div class='av_custom_color av-subheading av-subheading_below'><p>Beim\u00a0Online\u00a0Mixing\u00a0werden Ihre Songs mit einer Kombination aus digital und analog Equipment aus unserem\u00a0Mixing Studio\u00a0professionell bearbeitet.\u00a0Wenn Sie uns kontaktieren werden wir alle Projektdetails nach Ihren Anforderungen planen. Gerne k\u00f6nnen Sie uns einen Beispielsong zusenden, der einen \u00e4hnlichen Sound besitzt, den Ihre Produktion am Ende aufweisen soll.\u00a0Rough Mixes sind erw\u00fcnscht. Wir werden Ihre Idee weiterf\u00fchren und Ihnen dann eine weiterentwickelte Version Ihres Songs zusenden.<\/p>\n<\/div><div class=\"special-heading-border\"><div class=\"special-heading-inner-border\"><\/div><\/div><\/div>\n<\/div><\/div><\/main><!-- close content main element --><\/div><\/div><\/div><div id='av_section_2'  class='avia-section av-ws1x55-9e58b1b69405f35ddcac8b62219b9668 main_color avia-section-default avia-no-border-styling  avia-builder-el-2  el_after_av_section  el_before_av_section  avia-bg-style-scroll container_wrap fullsize'  ><div class='container av-section-cont-open' ><div class='template-page content  av-content-full alpha units'><div class='post-entry post-entry-type-page post-entry-6489'><div class='entry-content-wrapper clearfix'>\n\n<style type=\"text\/css\" data-created_by=\"avia_inline_auto\" id=\"style-css-av-vc0f5l-46c38b609164dd039f611852084baf7c\">\n.flex_column.av-vc0f5l-46c38b609164dd039f611852084baf7c{\nborder-radius:0px 0px 0px 0px;\npadding:0px 0px 0px 0px;\n}\n<\/style>\n<div  class='flex_column av-vc0f5l-46c38b609164dd039f611852084baf7c av_one_half  avia-builder-el-3  el_before_av_one_half  avia-builder-el-first  first flex_column_div av-zero-column-padding  '     ><p><section  class='av_textblock_section av-t00l4p-c91c529b1887e1c5ffbb502a53b63cfb '   itemscope=\"itemscope\" itemtype=\"https:\/\/schema.org\/CreativeWork\" ><div class='avia_textblock'  itemprop=\"text\" ><p>Genau wie beim Online Mastering k\u00f6nnen Sie Audio Files \u00fcber unseren FTP Server, Wetransfer, Yousendit oder \u00e4hnlichen Filetransferservices an uns \u00fcbermitteln. Unser Service ist eine einfache Methode f\u00fcr unsere Kunden Songs an uns zu senden.<\/p>\n<p>Nachdem wir Ihnen eine erste Version zur Abnahme gesendet haben, k\u00f6nnen Sie uns gegebenenfalls \u00c4nderungsw\u00fcnsche mitteilen z.B. Balance- oder Sound\u00e4nderungen, Effektmodifikationen oder \u00e4hnliches.<\/p>\n<\/div><\/section><br \/>\n<section  class='av_textblock_section av-rtl8k9-238c7befca0a35307aca21a6383f8d37 '   itemscope=\"itemscope\" itemtype=\"https:\/\/schema.org\/CreativeWork\" ><div class='avia_textblock'  itemprop=\"text\" ><p>Als Mixing Engineer hat\u00a0Manuel Roessler auch die M\u00f6glichkeit sich in separate analoge Recording Studios weltweit (je nach Standort des Kunden) ein zu buchen.<\/p>\n<p>Kontaktieren Sie uns bitte rechtzeitig f\u00fcr analoge Konsolen Mixe, damit wir Ihr Projekt planen und ein geeignetes Tonstudio online ausw\u00e4hlen k\u00f6nnen. Jede Konsole hat ihre eigene Klangfarbe, deshalb muss sie entsprechend des Musikgenres &#038; K\u00fcnstler ausgew\u00e4hlt werden.<\/p>\n<p>Ihre Musikproduktion kann in ber\u00fchmten Recording- und Mixing- Studios auf analogen Konsolen wie SSL, Api und mehr abgemischt werden. Wir haben Zugriff auf bekannte Mix Studios weltweit wie: Miloco, Metropolis &#038; Abbey Road Studios.<\/p>\n<p>Wir nutzen eine Kombination aus analog und digital Audio Equipment f\u00fcr das <em>Online Mixing<\/em>. Dies verleiht\u00a0Ihren Tracks einen warmen, analogen und druckvollen Klang.<\/p>\n<p>Unser Studio ist mit\u00a0Equipment von Firmen wie Dangerous Music, Avid, Universal Audio, Solid State Logic (SSL), Slate Digital, Waves und mehr ausgestattet.<\/p>\n<\/div><\/section><\/p><\/div>\n<style type=\"text\/css\" data-created_by=\"avia_inline_auto\" id=\"style-css-av-p1vrvt-0c80fb8adfbd84f2fc69830e32680af3\">\n.flex_column.av-p1vrvt-0c80fb8adfbd84f2fc69830e32680af3{\nborder-radius:0px 0px 0px 0px;\npadding:0px 0px 0px 0px;\n}\n<\/style>\n<div  class='flex_column av-p1vrvt-0c80fb8adfbd84f2fc69830e32680af3 av_one_half  avia-builder-el-6  el_after_av_one_half  avia-builder-el-last  flex_column_div av-zero-column-padding  '     ><style type=\"text\/css\" data-created_by=\"avia_inline_auto\" id=\"style-css-av-o8pbix-249ad15f36981f48e61699683d81deb5\">\n.avia-image-container.av-o8pbix-249ad15f36981f48e61699683d81deb5 img.avia_image{\nbox-shadow:none;\n}\n.avia-image-container.av-o8pbix-249ad15f36981f48e61699683d81deb5 .av-image-caption-overlay-center{\ncolor:#ffffff;\n}\n<\/style>\n<div  class='avia-image-container av-o8pbix-249ad15f36981f48e61699683d81deb5 av-styling-circle avia-align-center  avia-builder-el-7  avia-builder-el-no-sibling '   itemprop=\"image\" itemscope=\"itemscope\" itemtype=\"https:\/\/schema.org\/ImageObject\" ><div class=\"avia-image-container-inner\"><div class=\"avia-image-overlay-wrap\"><img decoding=\"async\" fetchpriority=\"high\" class='wp-image-9475 avia-img-lazy-loading-not-9475 avia_image ' src=\"https:\/\/roessler-mastering.com\/wp-content\/uploads\/analog-studio.jpg\" alt='Online Mixing by Manuel Roessler using equipment' title='Analog Online Mixing'  height=\"400\" width=\"400\"  itemprop=\"thumbnailUrl\" srcset=\"https:\/\/roessler-mastering.com\/wp-content\/uploads\/analog-studio.jpg 400w, https:\/\/roessler-mastering.com\/wp-content\/uploads\/analog-studio-80x80.jpg 80w, https:\/\/roessler-mastering.com\/wp-content\/uploads\/analog-studio-300x300.jpg 300w, https:\/\/roessler-mastering.com\/wp-content\/uploads\/analog-studio-36x36.jpg 36w, https:\/\/roessler-mastering.com\/wp-content\/uploads\/analog-studio-180x180.jpg 180w, https:\/\/roessler-mastering.com\/wp-content\/uploads\/analog-studio-120x120.jpg 120w\" sizes=\"(max-width: 400px) 100vw, 400px\" \/><\/div><\/div><\/div><\/div>\n<\/p>\n<\/div><\/div><\/div><!-- close content main div --><\/div><\/div><div id='av_section_3'  class='avia-section av-mzgdjt-a4726429e72c350cb45cbd04eb26beac main_color avia-section-default avia-shadow  avia-builder-el-8  el_after_av_section  el_before_av_section  avia-bg-style-scroll container_wrap fullsize'  ><div class='container av-section-cont-open' ><div class='template-page content  av-content-full alpha units'><div class='post-entry post-entry-type-page post-entry-6489'><div class='entry-content-wrapper clearfix'>\n\n<style type=\"text\/css\" data-created_by=\"avia_inline_auto\" id=\"style-css-av-l1fst5-22cf99bae1dc579d6c42b462b22b3377\">\n.flex_column.av-l1fst5-22cf99bae1dc579d6c42b462b22b3377{\nborder-radius:0px 0px 0px 0px;\npadding:0px 0px 0px 0px;\n}\n<\/style>\n<div  class='flex_column av-l1fst5-22cf99bae1dc579d6c42b462b22b3377 av_one_half  avia-builder-el-9  el_before_av_one_half  avia-builder-el-first  first flex_column_div av-zero-column-padding  '     ><section  class='av_textblock_section av-1xx2kp-6eb4ac09c7490d628a590a360338cef3 '   itemscope=\"itemscope\" itemtype=\"https:\/\/schema.org\/CreativeWork\" ><div class='avia_textblock'  itemprop=\"text\" ><h2>Professionelles Online Mixing Studio:<\/h2>\n<p>Lassen Sie Ihre Songs exklusiv von Manuel Roessler mischen und mastern. Ausgew\u00e4hlte SSL und Neve Studios sind auf Anfrage verf\u00fcgbar. Senden Sie uns Ihre Songs egal von wo auch immer weltweit. Nutzen Sie unseren FTP Server oder Dropbox &#038; Wetransfer um Ihre Files zu \u00fcbermitteln.<\/p>\n<\/div><\/section><br \/>\n<section  class='av_textblock_section av-gqutax-2659c38c9100bca63c622fc7fac73e3d '   itemscope=\"itemscope\" itemtype=\"https:\/\/schema.org\/CreativeWork\" ><div class='avia_textblock'  itemprop=\"text\" ><p>Unsere <strong>Online Mixing Preise<\/strong> starten ab 1-24 Spur Mixe. Ausf\u00fchrliche\u00a0Informationen finden Sie in unserer Preissektion. Kontaktieren Sie uns f\u00fcr ein individuelles analog Mixing Angebot oder Album Paketpreise. Unser Mix Engineer plant Ihr Projekt und \u00fcbersendet Ihnen alle weiteren Informationen.<\/p>\n<\/div><\/section><br \/>\n<section  class='av_textblock_section av-fyqq49-973d7783c620aaf3cd2123bf8eb96dd6 '   itemscope=\"itemscope\" itemtype=\"https:\/\/schema.org\/CreativeWork\" ><div class='avia_textblock'  itemprop=\"text\" ><p>Wir bieten schnelle Bearbeitungszeiten f\u00fcr alle Projekte. Nach dem File Upload ben\u00f6tigen wir zirka \u00a02-6 Arbeitstage (je nach Projekt) um Ihnen Ihren gemischt und oder gemasterten Song zur\u00fcckzusenden. Die Bearbeitungszeit differiert je nach Art des Projektes und Soundqualit\u00e4t der Produktion. Z.b. ben\u00f6tigt Analog Stem Mastering weniger Zeit als ein Mixdown.<\/p>\n<\/div><\/section><br \/>\n<section  class='av_textblock_section av-eir5kp-fa89c613dfcecd3fa4b8a989e8b79572 '   itemscope=\"itemscope\" itemtype=\"https:\/\/schema.org\/CreativeWork\" ><div class='avia_textblock'  itemprop=\"text\" ><p><strong>Wie muss ich meine Files exportieren?<\/strong><\/p>\n<p>Bitte exportieren Sie alle Tracks mit den gleichen Start- und End- Punkten. Die Files m\u00fcssen richtig benannt sein z.B.: Kick, Snare, Bass etc.! Erstellen Sie einen Ordner der alle exportierten Files enth\u00e4lt. Falls die Song BPM bekannt ist teilen Sie uns dies bitte mit. Die Tracks f\u00fcr das Online Mixing m\u00fcssen im wav oder aiff Format mit einer Bit &#038; Sample Rate ab 16 Bit (oder h\u00f6her) und ab 44.1 kHz (oder h\u00f6her)\u00a0exportiert werden. Keiner der Files sollte clippen oder distorten.<\/p>\n<\/div><\/section><\/p><\/div>\n<style type=\"text\/css\" data-created_by=\"avia_inline_auto\" id=\"style-css-av-cvko1l-ff96e40de943884cef7bf3584ee2bcd7\">\n.flex_column.av-cvko1l-ff96e40de943884cef7bf3584ee2bcd7{\nborder-radius:0px 0px 0px 0px;\npadding:0px 0px 0px 0px;\n}\n<\/style>\n<div  class='flex_column av-cvko1l-ff96e40de943884cef7bf3584ee2bcd7 av_one_half  avia-builder-el-14  el_after_av_one_half  avia-builder-el-last  flex_column_div av-zero-column-padding  '     ><style type=\"text\/css\" data-created_by=\"avia_inline_auto\" id=\"style-css-av-aj5tw9-117d43f7d16ab2bafb037422cadb5add\">\n.avia-image-container.av-aj5tw9-117d43f7d16ab2bafb037422cadb5add img.avia_image{\nbox-shadow:none;\n}\n.avia-image-container.av-aj5tw9-117d43f7d16ab2bafb037422cadb5add .av-image-caption-overlay-center{\ncolor:#ffffff;\n}\n<\/style>\n<div  class='avia-image-container av-aj5tw9-117d43f7d16ab2bafb037422cadb5add av-styling-circle avia-align-center  avia-builder-el-15  avia-builder-el-no-sibling '   itemprop=\"image\" itemscope=\"itemscope\" itemtype=\"https:\/\/schema.org\/ImageObject\" ><div class=\"avia-image-container-inner\"><div class=\"avia-image-overlay-wrap\"><img decoding=\"async\" fetchpriority=\"high\" class='wp-image-9477 avia-img-lazy-loading-not-9477 avia_image ' src=\"https:\/\/roessler-mastering.com\/wp-content\/uploads\/mix-studio-1.jpg\" alt='Mix Engineer in Studio on a console' title='mix-studio'  height=\"400\" width=\"400\"  itemprop=\"thumbnailUrl\" srcset=\"https:\/\/roessler-mastering.com\/wp-content\/uploads\/mix-studio-1.jpg 400w, https:\/\/roessler-mastering.com\/wp-content\/uploads\/mix-studio-1-80x80.jpg 80w, https:\/\/roessler-mastering.com\/wp-content\/uploads\/mix-studio-1-300x300.jpg 300w, https:\/\/roessler-mastering.com\/wp-content\/uploads\/mix-studio-1-36x36.jpg 36w, https:\/\/roessler-mastering.com\/wp-content\/uploads\/mix-studio-1-180x180.jpg 180w, https:\/\/roessler-mastering.com\/wp-content\/uploads\/mix-studio-1-120x120.jpg 120w\" sizes=\"(max-width: 400px) 100vw, 400px\" \/><\/div><\/div><\/div><\/div><\/div><\/div><\/div><!-- close content main div --><\/div><\/div><div id='av_section_4'  class='avia-section av-9l9epl-e5fd5fd4e9a387574ef3e432c0902605 main_color avia-section-default avia-shadow  avia-builder-el-16  el_after_av_section  avia-builder-el-last  avia-bg-style-scroll container_wrap fullsize'  ><div class='container av-section-cont-open' ><div class='template-page content  av-content-full alpha units'><div class='post-entry post-entry-type-page post-entry-6489'><div class='entry-content-wrapper clearfix'>\n\n<style type=\"text\/css\" data-created_by=\"avia_inline_auto\" id=\"style-css-av-7m56i1-b6ccffcaec58c5b6953e29bd8854b3a6\">\n.flex_column.av-7m56i1-b6ccffcaec58c5b6953e29bd8854b3a6{\nborder-radius:0px 0px 0px 0px;\npadding:0px 0px 0px 0px;\n}\n<\/style>\n<div  class='flex_column av-7m56i1-b6ccffcaec58c5b6953e29bd8854b3a6 av_one_half  avia-builder-el-17  el_before_av_one_half  avia-builder-el-first  first flex_column_div av-zero-column-padding  '     ><section  class='av_textblock_section av-5k57q1-1601f018da1cc698fa418f472c789057 '   itemscope=\"itemscope\" itemtype=\"https:\/\/schema.org\/CreativeWork\" ><div class='avia_textblock'  itemprop=\"text\" ><h3>Unsere Online Mixing Services beinhalten:<\/h3>\n<ul>\n<li>High End Audio Mixing\u00a0von Manuel Roessler.<\/li>\n<li>File Konvertierung\u00a0f\u00fcr Digital Distribution und iTunes Releases.<\/li>\n<li>Hybrid Analog Summierung in Kombination mit\u00a0Outboard Gear.<\/li>\n<li>Red Book CDR&#8217;s und DDP Files f\u00fcr Vinyl und Cd Pressung.<\/li>\n<li>SSL und Neve\u00a0Studio Mixe sind auf Anfrage verf\u00fcgbar.<\/li>\n<li>Projekt Konsultation und Supervising.<\/li>\n<\/ul>\n<\/div><\/section><\/div>\n<style type=\"text\/css\" data-created_by=\"avia_inline_auto\" id=\"style-css-av-3zvbmh-134d0fb0cb6fcadc6dc2a97172b1823a\">\n.flex_column.av-3zvbmh-134d0fb0cb6fcadc6dc2a97172b1823a{\nborder-radius:0px 0px 0px 0px;\npadding:0px 0px 0px 0px;\n}\n<\/style>\n<div  class='flex_column av-3zvbmh-134d0fb0cb6fcadc6dc2a97172b1823a av_one_half  avia-builder-el-19  el_after_av_one_half  avia-builder-el-last  flex_column_div av-zero-column-padding  '     ><section  class='av_textblock_section av-2rjtcp-8f4dea388422ccea692d2c7d0edadec9 '   itemscope=\"itemscope\" itemtype=\"https:\/\/schema.org\/CreativeWork\" ><div class='avia_textblock'  itemprop=\"text\" ><h4>Wie bereite ich meine Songs vor?<\/h4>\n<p>F\u00fcr die Mix Session k\u00f6nnen Sie uns entweder eine Pro Tools Session\u00a0oder exportierte Wav Files senden. Wir unterst\u00fctzen Pro Tools Sessions bis Version 12.6 abgespeichert als .ptf oder .ptx File. Bitte speichern Sie keine Plugins mit der Session ab. Nur Standard Pro Tools Plugins sind erlaubt.<\/p>\n<p>Falls Sie spezielle Effekte ben\u00f6tigen die essentiell f\u00fcr Ihren Song sind, erstellen Sie bitte eine &#8222;Dry&#8220; und eine &#8222;FX&#8220; Version des Instrumentes (oder exportieren Sie den Effekt damit wir diesen gegebenenfalls rekonstruieren k\u00f6nnen).<\/p>\n<\/div><\/section><\/div>\n<\/p>\n","protected":false},"excerpt":{"rendered":"","protected":false},"author":11,"featured_media":0,"parent":0,"menu_order":0,"comment_status":"closed","ping_status":"closed","template":"","meta":{"footnotes":""},"class_list":["post-6489","page","type-page","status-publish","hentry"],"_links":{"self":[{"href":"https:\/\/roessler-mastering.com\/de\/wp-json\/wp\/v2\/pages\/6489","targetHints":{"allow":["GET"]}}],"collection":[{"href":"https:\/\/roessler-mastering.com\/de\/wp-json\/wp\/v2\/pages"}],"about":[{"href":"https:\/\/roessler-mastering.com\/de\/wp-json\/wp\/v2\/types\/page"}],"author":[{"embeddable":true,"href":"https:\/\/roessler-mastering.com\/de\/wp-json\/wp\/v2\/users\/11"}],"replies":[{"embeddable":true,"href":"https:\/\/roessler-mastering.com\/de\/wp-json\/wp\/v2\/comments?post=6489"}],"version-history":[{"count":0,"href":"https:\/\/roessler-mastering.com\/de\/wp-json\/wp\/v2\/pages\/6489\/revisions"}],"wp:attachment":[{"href":"https:\/\/roessler-mastering.com\/de\/wp-json\/wp\/v2\/media?parent=6489"}],"curies":[{"name":"wp","href":"https:\/\/api.w.org\/{rel}","templated":true}]}}