{"id":6462,"date":"2016-10-19T14:56:47","date_gmt":"2016-10-19T12:56:47","guid":{"rendered":"http:\/\/roessler-mastering.com\/de\/?page_id=6462"},"modified":"2022-06-04T19:36:44","modified_gmt":"2022-06-04T17:36:44","slug":"stem-mastering","status":"publish","type":"page","link":"https:\/\/roessler-mastering.com\/de\/audio-mastering\/stem-mastering\/","title":{"rendered":"Stem Mastering"},"content":{"rendered":"<div id='av_section_1'  class='avia-section av-av_section-72c8e58fc17039894028b5f5fa5f4cd2 alternate_color avia-section-default avia-no-border-styling  avia-builder-el-0  el_before_av_section  avia-builder-el-first  avia-bg-style-scroll container_wrap fullsize'  ><div class='container av-section-cont-open' ><main  role=\"main\" itemprop=\"mainContentOfPage\"  class='template-page content  av-content-full alpha units'><div class='post-entry post-entry-type-page post-entry-6462'><div class='entry-content-wrapper clearfix'>\n\n<style type=\"text\/css\" data-created_by=\"avia_inline_auto\" id=\"style-css-av-jhpw7amp-a9d17606c732de0637b188ce346a7343\">\n#top .av_textblock_section.av-jhpw7amp-a9d17606c732de0637b188ce346a7343 .avia_textblock{\ncolor:#ffffff;\n}\n<\/style>\n<section  class='av_textblock_section av-jhpw7amp-a9d17606c732de0637b188ce346a7343 '   itemscope=\"itemscope\" itemtype=\"https:\/\/schema.org\/CreativeWork\" ><div class='avia_textblock av_inherit_color'  itemprop=\"text\" ><h1>Stem Mastering Online:<\/h1>\n<p>Stem Mastering oder auch Multi Track Mastering genannt ist eine spezielle Audio Mastering Technik in der mehrere einzelne Spuren eines Tracks f\u00fcr die Bearbeitung genutzt werden.\u00a0Diese Technik unterscheidet sich zum normalen Stereo Mastering Service bei dem nur ein File eines Songs verwendet wird.<\/p>\n<\/div><\/section>\n<\/div><\/div><\/main><!-- close content main element --><\/div><\/div><div id='av_section_2'  class='avia-section av-av_section-2dcda1862a94bb522b437cf4f29dd74d main_color avia-section-default avia-no-shadow  avia-builder-el-2  el_after_av_section  el_before_av_section  avia-bg-style-scroll container_wrap fullsize'  ><div class='container av-section-cont-open' ><div class='template-page content  av-content-full alpha units'><div class='post-entry post-entry-type-page post-entry-6462'><div class='entry-content-wrapper clearfix'>\n\n<style type=\"text\/css\" data-created_by=\"avia_inline_auto\" id=\"style-css-av-av_one_half-15d750bd1b332b34c6e70b077ebbccdf\">\n.flex_column.av-av_one_half-15d750bd1b332b34c6e70b077ebbccdf{\nborder-radius:0px 0px 0px 0px;\npadding:0px 0px 0px 0px;\n}\n<\/style>\n<div  class='flex_column av-av_one_half-15d750bd1b332b34c6e70b077ebbccdf av_one_half  avia-builder-el-3  el_before_av_one_half  avia-builder-el-first  first flex_column_div av-zero-column-padding  '     ><section  class='av_textblock_section av-av_textblock-2bd894dbf2e4bf2c4acf98ce4fbf94aa '   itemscope=\"itemscope\" itemtype=\"https:\/\/schema.org\/CreativeWork\" ><div class='avia_textblock'  itemprop=\"text\" ><p>Das verwenden von Stems gibt dem Audio\u00a0Engineer viel mehr M\u00f6glichkeiten um Audio Mix Probleme zu beheben. Dies \u00e4hnelt dem <a href=\"https:\/\/roessler-mastering.com\/de\/online-mixing\/\">Online Mixing und Mastering<\/a> nur ohne die Nutzung von Zumischeffekten und einer Begrenzung auf 8 Spuren.<\/p>\n<p>Zum Beispiel k\u00f6nnen wir die Balance, die Stereo Breite, Low End und Bass Probleme viel leichter korrigieren.<\/p>\n<p>Dies darf aber nicht mit Stem Mixing verwechselt werden, bei dem ein Mix Engineer einen mehrspurigen Song auf verschiedene Subgruppen verkleinert.<\/p>\n<p>Unser Audio Engineer verwendet bis zu 8 Stereo Spuren Ihrer Aufnahmen. Ein <a href=\"https:\/\/en.wikipedia.org\/wiki\/Stem_(audio)\">Stem Mix<\/a> sollte getrennte Main und Background Vocals, Drum und Bass Tracks sowie alle andere Instrumente Ihres Songs enthalten.<\/p>\n<p>W\u00e4hrend der Session werden wir Ihre Musik durch unseren Dangerous 2 Bus analog summieren, in Kombination mit analogem Outboard Equipment.<\/p>\n<p>Diese Technik erlaubt es uns Ihren Songs mehr Tiefe, Punch, Weite und W\u00e4rme zu verleihen, \u00e4hnlich gro\u00dfer Vintage Recording Konsolen wie Neve und SSL.<\/p>\n<\/div><\/section><\/div>\n<style type=\"text\/css\" data-created_by=\"avia_inline_auto\" id=\"style-css-av-av_one_half-c8fc129dc35fd1ae2a1e410224d39ea8\">\n.flex_column.av-av_one_half-c8fc129dc35fd1ae2a1e410224d39ea8{\nborder-radius:0px 0px 0px 0px;\npadding:0px 0px 0px 0px;\n}\n<\/style>\n<div  class='flex_column av-av_one_half-c8fc129dc35fd1ae2a1e410224d39ea8 av_one_half  avia-builder-el-5  el_after_av_one_half  avia-builder-el-last  flex_column_div av-zero-column-padding  '     ><style type=\"text\/css\" data-created_by=\"avia_inline_auto\" id=\"style-css-av-av_image-4c251b6b2d4d0f9c583e519946a79c90\">\n.avia-image-container.av-av_image-4c251b6b2d4d0f9c583e519946a79c90 img.avia_image{\nbox-shadow:none;\n}\n.avia-image-container.av-av_image-4c251b6b2d4d0f9c583e519946a79c90 .av-image-caption-overlay-center{\ncolor:#ffffff;\n}\n<\/style>\n<div  class='avia-image-container av-av_image-4c251b6b2d4d0f9c583e519946a79c90 av-styling-circle avia-align-center  avia-builder-el-6  avia-builder-el-no-sibling '   itemprop=\"image\" itemscope=\"itemscope\" itemtype=\"https:\/\/schema.org\/ImageObject\" ><div class=\"avia-image-container-inner\"><div class=\"avia-image-overlay-wrap\"><img decoding=\"async\" fetchpriority=\"high\" class='wp-image-9379 avia-img-lazy-loading-not-9379 avia_image ' src=\"https:\/\/roessler-mastering.com\/wp-content\/uploads\/stem-mastering-tracks.jpg\" alt='stem mastering' title='stem-mastering-tracks'  height=\"400\" width=\"400\"  itemprop=\"thumbnailUrl\" srcset=\"https:\/\/roessler-mastering.com\/wp-content\/uploads\/stem-mastering-tracks.jpg 400w, https:\/\/roessler-mastering.com\/wp-content\/uploads\/stem-mastering-tracks-80x80.jpg 80w, https:\/\/roessler-mastering.com\/wp-content\/uploads\/stem-mastering-tracks-300x300.jpg 300w, https:\/\/roessler-mastering.com\/wp-content\/uploads\/stem-mastering-tracks-36x36.jpg 36w, https:\/\/roessler-mastering.com\/wp-content\/uploads\/stem-mastering-tracks-180x180.jpg 180w, https:\/\/roessler-mastering.com\/wp-content\/uploads\/stem-mastering-tracks-120x120.jpg 120w\" sizes=\"(max-width: 400px) 100vw, 400px\" \/><\/div><\/div><\/div><\/div>\n<\/p>\n<\/div><\/div><\/div><!-- close content main div --><\/div><\/div><div id='av_section_3'  class='avia-section av-av_section-f5b65ff4622e4bead803022ed7efd5e7 main_color avia-section-default avia-shadow  avia-builder-el-7  el_after_av_section  el_before_av_section  avia-bg-style-scroll container_wrap fullsize'  ><div class='container av-section-cont-open' ><div class='template-page content  av-content-full alpha units'><div class='post-entry post-entry-type-page post-entry-6462'><div class='entry-content-wrapper clearfix'>\n\n<style type=\"text\/css\" data-created_by=\"avia_inline_auto\" id=\"style-css-av-av_one_half-15d750bd1b332b34c6e70b077ebbccdf\">\n.flex_column.av-av_one_half-15d750bd1b332b34c6e70b077ebbccdf{\nborder-radius:0px 0px 0px 0px;\npadding:0px 0px 0px 0px;\n}\n<\/style>\n<div  class='flex_column av-av_one_half-15d750bd1b332b34c6e70b077ebbccdf av_one_half  avia-builder-el-8  el_before_av_one_half  avia-builder-el-first  first flex_column_div av-zero-column-padding  '     ><section  class='av_textblock_section av-av_textblock-2bd894dbf2e4bf2c4acf98ce4fbf94aa '   itemscope=\"itemscope\" itemtype=\"https:\/\/schema.org\/CreativeWork\" ><div class='avia_textblock'  itemprop=\"text\" ><h2>Vorbereitungstipps f\u00fcr Stem Mastering:<\/h2>\n<\/div><\/section><br \/>\n<section  class='av_textblock_section av-av_textblock-2bd894dbf2e4bf2c4acf98ce4fbf94aa '   itemscope=\"itemscope\" itemtype=\"https:\/\/schema.org\/CreativeWork\" ><div class='avia_textblock'  itemprop=\"text\" ><p>Bitte beachten Sie folgende Regeln um die besten Ergebnisse zu erzielen:<\/p>\n<p>Exportieren Sie\u00a0bitte 8 Stereo Wavs Ihres Mixes, diese sollten zum Beispiel Ihre Vocals, Bass, Drums, Gitarren, Hauptinstrumente und Samples enthalten.<\/p>\n<p>Nutzen Sie keinen Kompressor, Limiter oder Maximizer auf Ihrem Master Output wenn Sie die Files\u00a0exportieren.<\/p>\n<p>Stellen Sie sicher das nichts clippt und lassen Sie einen Headroom von -3db.<\/p>\n<p>Jeder Stem Mix sollte als 16 Bit (oder h\u00f6her) Wav File in 44,1 kHz (oder h\u00f6her) gesendet werden. Erstellen Sie einen Ordner f\u00fcr jeden Song und benennen Sie Ihre Files z.B.: Drums, Vocals etc.<\/p>\n<ul>\n<li>De-essen Sie S- Laute\u00a0bei den Vocals.<\/li>\n<li>Erstellen Sie f\u00fcr jeden Song einen eigenen Ordner.<\/li>\n<li>Sample &#038; Bit Raten von\u00a016 Bit oder h\u00f6her\u00a044,1 Khz oder h\u00f6her.<\/li>\n<\/ul>\n<\/div><\/section><\/p><\/div>\n<style type=\"text\/css\" data-created_by=\"avia_inline_auto\" id=\"style-css-av-av_one_half-c8fc129dc35fd1ae2a1e410224d39ea8\">\n.flex_column.av-av_one_half-c8fc129dc35fd1ae2a1e410224d39ea8{\nborder-radius:0px 0px 0px 0px;\npadding:0px 0px 0px 0px;\n}\n<\/style>\n<div  class='flex_column av-av_one_half-c8fc129dc35fd1ae2a1e410224d39ea8 av_one_half  avia-builder-el-11  el_after_av_one_half  avia-builder-el-last  flex_column_div av-zero-column-padding  '     ><style type=\"text\/css\" data-created_by=\"avia_inline_auto\" id=\"style-css-av-av_image-45af11ae6b29facde58b3f2203588161\">\n.avia-image-container.av-av_image-45af11ae6b29facde58b3f2203588161 img.avia_image{\nbox-shadow:none;\n}\n.avia-image-container.av-av_image-45af11ae6b29facde58b3f2203588161 .av-image-caption-overlay-center{\ncolor:#ffffff;\n}\n<\/style>\n<div  class='avia-image-container av-av_image-45af11ae6b29facde58b3f2203588161 av-styling-circle avia-align-center  avia-builder-el-12  avia-builder-el-no-sibling '   itemprop=\"image\" itemscope=\"itemscope\" itemtype=\"https:\/\/schema.org\/ImageObject\" ><div class=\"avia-image-container-inner\"><div class=\"avia-image-overlay-wrap\"><img decoding=\"async\" fetchpriority=\"high\" class='wp-image-9383 avia-img-lazy-loading-not-9383 avia_image ' src=\"https:\/\/roessler-mastering.com\/wp-content\/uploads\/compressor-dynamics.jpg\" alt='dynamic processing' title='compressor-dynamics'  height=\"400\" width=\"400\"  itemprop=\"thumbnailUrl\" srcset=\"https:\/\/roessler-mastering.com\/wp-content\/uploads\/compressor-dynamics.jpg 400w, https:\/\/roessler-mastering.com\/wp-content\/uploads\/compressor-dynamics-80x80.jpg 80w, https:\/\/roessler-mastering.com\/wp-content\/uploads\/compressor-dynamics-300x300.jpg 300w, https:\/\/roessler-mastering.com\/wp-content\/uploads\/compressor-dynamics-36x36.jpg 36w, https:\/\/roessler-mastering.com\/wp-content\/uploads\/compressor-dynamics-180x180.jpg 180w, https:\/\/roessler-mastering.com\/wp-content\/uploads\/compressor-dynamics-120x120.jpg 120w\" sizes=\"(max-width: 400px) 100vw, 400px\" \/><\/div><\/div><\/div><\/div>\n\n<\/div><\/div><\/div><!-- close content main div --><\/div><\/div><div id='av_section_4'  class='avia-section av-av_section-f5b65ff4622e4bead803022ed7efd5e7 main_color avia-section-default avia-shadow  avia-builder-el-13  el_after_av_section  avia-builder-el-last  avia-bg-style-scroll container_wrap fullsize'  ><div class='container av-section-cont-open' ><div class='template-page content  av-content-full alpha units'><div class='post-entry post-entry-type-page post-entry-6462'><div class='entry-content-wrapper clearfix'>\n\n<style type=\"text\/css\" data-created_by=\"avia_inline_auto\" id=\"style-css-av-av_one_half-15d750bd1b332b34c6e70b077ebbccdf\">\n.flex_column.av-av_one_half-15d750bd1b332b34c6e70b077ebbccdf{\nborder-radius:0px 0px 0px 0px;\npadding:0px 0px 0px 0px;\n}\n<\/style>\n<div  class='flex_column av-av_one_half-15d750bd1b332b34c6e70b077ebbccdf av_one_half  avia-builder-el-14  el_before_av_one_half  avia-builder-el-first  first flex_column_div av-zero-column-padding  '     ><section  class='av_textblock_section av-av_textblock-2bd894dbf2e4bf2c4acf98ce4fbf94aa '   itemscope=\"itemscope\" itemtype=\"https:\/\/schema.org\/CreativeWork\" ><div class='avia_textblock'  itemprop=\"text\" ><h3>Unsere Services bieten:<\/h3>\n<\/div><\/section><br \/>\n<section  class='av_textblock_section av-av_textblock-283972ea15f2e73870c23e2d6de3245d '   itemscope=\"itemscope\" itemtype=\"https:\/\/schema.org\/CreativeWork\" ><div class='avia_textblock'  itemprop=\"text\" ><ul>\n<li>Professioneller Audio Engineer.<\/li>\n<li>Nutzung von\u00a0High End\u00a0analog Equipment und Summierer.<\/li>\n<li>Low und Hi End Korrektur.<\/li>\n<li>Mix Review und Pre Master Planung.<\/li>\n<li>Verleihung von W\u00e4rme f\u00fcr digital Mixe.<\/li>\n<\/ul>\n<\/div><\/section><\/p><\/div>\n<style type=\"text\/css\" data-created_by=\"avia_inline_auto\" id=\"style-css-av-av_one_half-c8fc129dc35fd1ae2a1e410224d39ea8\">\n.flex_column.av-av_one_half-c8fc129dc35fd1ae2a1e410224d39ea8{\nborder-radius:0px 0px 0px 0px;\npadding:0px 0px 0px 0px;\n}\n<\/style>\n<div  class='flex_column av-av_one_half-c8fc129dc35fd1ae2a1e410224d39ea8 av_one_half  avia-builder-el-17  el_after_av_one_half  avia-builder-el-last  flex_column_div av-zero-column-padding  '     ><section  class='av_textblock_section av-av_textblock-396ddf1f42196ca838231e61a4602801 '   itemscope=\"itemscope\" itemtype=\"https:\/\/schema.org\/CreativeWork\" ><div class='avia_textblock'  itemprop=\"text\" ><h3>Was sind Stems?<\/h3>\n<\/div><\/section><br \/>\n<section  class='av_textblock_section av-av_textblock-2bd894dbf2e4bf2c4acf98ce4fbf94aa '   itemscope=\"itemscope\" itemtype=\"https:\/\/schema.org\/CreativeWork\" ><div class='avia_textblock'  itemprop=\"text\" ><p>Der Term wird oft in Verbindung gebracht mit dem Stem Mix oder der Bearbeitung von Multitracks. Ein Stem ist ein Sub Mix, zum Beispiel: Main und Background Vocals, Drums, Bass etc. Diese werden zusammengefasst. Eine 24\u00a0Spur Aufnahme wird auf einen 8 Spur Sub Mix reduziert. <em>Stem Mastering<\/em> wird oft von Audio Mastering Engineers verwendet aber auch von Mix Engineers, jedoch zu unterschiedlichen Zwecken.<\/p>\n<p>Stem Mixing wird verwendet, wenn man auf einer Konsole arbeitet, um die Spuren bei limitierter Kanalanzahl zu reduzieren.<\/p>\n<\/div><\/section><\/p><\/div>\n\n","protected":false},"excerpt":{"rendered":"","protected":false},"author":11,"featured_media":0,"parent":6434,"menu_order":0,"comment_status":"closed","ping_status":"closed","template":"","meta":{"footnotes":""},"class_list":["post-6462","page","type-page","status-publish","hentry"],"_links":{"self":[{"href":"https:\/\/roessler-mastering.com\/de\/wp-json\/wp\/v2\/pages\/6462","targetHints":{"allow":["GET"]}}],"collection":[{"href":"https:\/\/roessler-mastering.com\/de\/wp-json\/wp\/v2\/pages"}],"about":[{"href":"https:\/\/roessler-mastering.com\/de\/wp-json\/wp\/v2\/types\/page"}],"author":[{"embeddable":true,"href":"https:\/\/roessler-mastering.com\/de\/wp-json\/wp\/v2\/users\/11"}],"replies":[{"embeddable":true,"href":"https:\/\/roessler-mastering.com\/de\/wp-json\/wp\/v2\/comments?post=6462"}],"version-history":[{"count":1,"href":"https:\/\/roessler-mastering.com\/de\/wp-json\/wp\/v2\/pages\/6462\/revisions"}],"predecessor-version":[{"id":10399,"href":"https:\/\/roessler-mastering.com\/de\/wp-json\/wp\/v2\/pages\/6462\/revisions\/10399"}],"up":[{"embeddable":true,"href":"https:\/\/roessler-mastering.com\/de\/wp-json\/wp\/v2\/pages\/6434"}],"wp:attachment":[{"href":"https:\/\/roessler-mastering.com\/de\/wp-json\/wp\/v2\/media?parent=6462"}],"curies":[{"name":"wp","href":"https:\/\/api.w.org\/{rel}","templated":true}]}}