{"id":6456,"date":"2016-10-19T14:27:28","date_gmt":"2016-10-19T12:27:28","guid":{"rendered":"http:\/\/roessler-mastering.com\/de\/?page_id=6456"},"modified":"2020-03-22T12:06:59","modified_gmt":"2020-03-22T11:06:59","slug":"cd-mastering","status":"publish","type":"page","link":"https:\/\/roessler-mastering.com\/de\/audio-mastering\/cd-mastering\/","title":{"rendered":"CD Mastering"},"content":{"rendered":"<div id='av_section_1'  class='avia-section av-av_section-72c8e58fc17039894028b5f5fa5f4cd2 alternate_color avia-section-default avia-no-border-styling  avia-builder-el-0  el_before_av_section  avia-builder-el-first  avia-bg-style-scroll container_wrap fullsize'  ><div class='container av-section-cont-open' ><main  role=\"main\" itemprop=\"mainContentOfPage\"  class='template-page content  av-content-full alpha units'><div class='post-entry post-entry-type-page post-entry-6456'><div class='entry-content-wrapper clearfix'>\n\n<style type=\"text\/css\" data-created_by=\"avia_inline_auto\" id=\"style-css-av-jhpw6h5r-e5bb5e9559d4c543bc75daa1fd04bf31\">\n#top .av_textblock_section.av-jhpw6h5r-e5bb5e9559d4c543bc75daa1fd04bf31 .avia_textblock{\ncolor:#ffffff;\n}\n<\/style>\n<section  class='av_textblock_section av-jhpw6h5r-e5bb5e9559d4c543bc75daa1fd04bf31 '   itemscope=\"itemscope\" itemtype=\"https:\/\/schema.org\/CreativeWork\" ><div class='avia_textblock av_inherit_color'  itemprop=\"text\" ><h1>CD Mastering &#038; Authoring:<\/h1>\n<p>Informationen \u00fcber den CD Mastering Prozess und warum dies f\u00fcr die Pressung wichtig ist.\u00a0Lernen Sie was es zu beachten gilt bevor Sie Ihre Songs mastern lassen und welche Files f\u00fcr die Vervielf\u00e4ltigung &#038; Authoring ben\u00f6tigt werden.\u00a0Die CD ist ein physikalisches Datenspeicher Medium.<\/p>\n<\/div><\/section>\n<\/div><\/div><\/main><!-- close content main element --><\/div><\/div><div id='av_section_2'  class='avia-section av-av_section-2f8a4d5d3ebd9c637093dc8e14b646e9 main_color avia-section-default avia-no-border-styling  avia-builder-el-2  el_after_av_section  el_before_av_section  avia-bg-style-scroll container_wrap fullsize'  ><div class='container av-section-cont-open' ><div class='template-page content  av-content-full alpha units'><div class='post-entry post-entry-type-page post-entry-6456'><div class='entry-content-wrapper clearfix'>\n\n<style type=\"text\/css\" data-created_by=\"avia_inline_auto\" id=\"style-css-av-av_one_half-15d750bd1b332b34c6e70b077ebbccdf\">\n.flex_column.av-av_one_half-15d750bd1b332b34c6e70b077ebbccdf{\nborder-radius:0px 0px 0px 0px;\npadding:0px 0px 0px 0px;\n}\n<\/style>\n<div  class='flex_column av-av_one_half-15d750bd1b332b34c6e70b077ebbccdf av_one_half  avia-builder-el-3  el_before_av_one_half  avia-builder-el-first  first flex_column_div av-zero-column-padding  '     ><p><section  class='av_textblock_section av-av_textblock-2bd894dbf2e4bf2c4acf98ce4fbf94aa '   itemscope=\"itemscope\" itemtype=\"https:\/\/schema.org\/CreativeWork\" ><div class='avia_textblock'  itemprop=\"text\" ><p>Die Compact Disk ist seit 1982 verf\u00fcgbar. Sie wurde entwickelt um Audio Aufnahmen zu speichern und abzuspielen. Fr\u00fcher erstellten Audio Engineers ein Glasmaster w\u00e4hrend der CD Herstellung. Das Glasmaster wurde als Vorlage f\u00fcr die CD Pressung genutzt, \u00e4hnlich dem <a href=\"https:\/\/roessler-mastering.com\/de\/audio-mastering\/vinyl-mastering\/\">Vinyl Mastering<\/a>.<\/p>\n<p>In der heutigen Zeit bereitet der Mastering Engineer w\u00e4hrend des Masterns das Album f\u00fcr die CD Pressung unter Einhaltung des Red Book Standards vor.<\/p>\n<p>Es werden entweder eine Red Book CDR oder die digitale Version genannt DDP erstellt und dann vom Presswerk f\u00fcr die Vervielf\u00e4ltigung genutzt. Dies ist der n\u00e4chste Schritt nach dem eigentlichen Audio Mastering Service Prozess und ist \u00e4u\u00dferst wichtig f\u00fcr die Abspielqualit\u00e4t.<\/p>\n<\/div><\/section><br \/>\n<section  class='av_textblock_section av-av_textblock-283972ea15f2e73870c23e2d6de3245d '   itemscope=\"itemscope\" itemtype=\"https:\/\/schema.org\/CreativeWork\" ><div class='avia_textblock'  itemprop=\"text\" ><p>Eine Red Book CDR ist eine speziell formatierte CD. Sie wird vom Presswerk f\u00fcr die CD Erstellung verwendet. Sie beinhaltet gemasterte Stereo Audio Files in 16 Bit und 44,1 kHz. Jedes Lied muss mindestens eine L\u00e4nge von 4 Sekunden besitzen. Weiterhin wird eine Pause mit einem Minimum von 2 Sekunden zwischen jedem Song ben\u00f6tigt.<\/p>\n<p>Ein DDP File ist die digitale und sichere Variante einer Red Book CDR. Dies ist der neue Standard und kann online and das Presswerk gesendet werden.<\/p>\n<\/div><\/section><\/p><\/div>\n<style type=\"text\/css\" data-created_by=\"avia_inline_auto\" id=\"style-css-av-av_one_half-c8fc129dc35fd1ae2a1e410224d39ea8\">\n.flex_column.av-av_one_half-c8fc129dc35fd1ae2a1e410224d39ea8{\nborder-radius:0px 0px 0px 0px;\npadding:0px 0px 0px 0px;\n}\n<\/style>\n<div  class='flex_column av-av_one_half-c8fc129dc35fd1ae2a1e410224d39ea8 av_one_half  avia-builder-el-6  el_after_av_one_half  avia-builder-el-last  flex_column_div av-zero-column-padding  '     ><style type=\"text\/css\" data-created_by=\"avia_inline_auto\" id=\"style-css-av-av_image-28714adcd63c76af2555b77cb1d00f05\">\n.avia-image-container.av-av_image-28714adcd63c76af2555b77cb1d00f05 img.avia_image{\nbox-shadow:none;\n}\n.avia-image-container.av-av_image-28714adcd63c76af2555b77cb1d00f05 .av-image-caption-overlay-center{\ncolor:#ffffff;\n}\n<\/style>\n<div  class='avia-image-container av-av_image-28714adcd63c76af2555b77cb1d00f05 av-styling-circle avia-align-center  avia-builder-el-7  avia-builder-el-no-sibling '   itemprop=\"image\" itemscope=\"itemscope\" itemtype=\"https:\/\/schema.org\/ImageObject\" ><div class=\"avia-image-container-inner\"><div class=\"avia-image-overlay-wrap\"><img decoding=\"async\" fetchpriority=\"high\" class='wp-image-9425 avia-img-lazy-loading-not-9425 avia_image ' src=\"https:\/\/roessler-mastering.com\/wp-content\/uploads\/cd.jpg\" alt='Cd Mastering and the final product' title='Mastered cd'  height=\"400\" width=\"400\"  itemprop=\"thumbnailUrl\" srcset=\"https:\/\/roessler-mastering.com\/wp-content\/uploads\/cd.jpg 400w, https:\/\/roessler-mastering.com\/wp-content\/uploads\/cd-80x80.jpg 80w, https:\/\/roessler-mastering.com\/wp-content\/uploads\/cd-300x300.jpg 300w, https:\/\/roessler-mastering.com\/wp-content\/uploads\/cd-36x36.jpg 36w, https:\/\/roessler-mastering.com\/wp-content\/uploads\/cd-180x180.jpg 180w, https:\/\/roessler-mastering.com\/wp-content\/uploads\/cd-120x120.jpg 120w\" sizes=\"(max-width: 400px) 100vw, 400px\" \/><\/div><\/div><\/div><\/div>\n<\/p>\n<\/div><\/div><\/div><!-- close content main div --><\/div><\/div><div id='av_section_3'  class='avia-section av-av_section-f5b65ff4622e4bead803022ed7efd5e7 main_color avia-section-default avia-shadow  avia-builder-el-8  el_after_av_section  el_before_av_section  avia-bg-style-scroll container_wrap fullsize'  ><div class='container av-section-cont-open' ><div class='template-page content  av-content-full alpha units'><div class='post-entry post-entry-type-page post-entry-6456'><div class='entry-content-wrapper clearfix'>\n\n<style type=\"text\/css\" data-created_by=\"avia_inline_auto\" id=\"style-css-av-av_one_half-15d750bd1b332b34c6e70b077ebbccdf\">\n.flex_column.av-av_one_half-15d750bd1b332b34c6e70b077ebbccdf{\nborder-radius:0px 0px 0px 0px;\npadding:0px 0px 0px 0px;\n}\n<\/style>\n<div  class='flex_column av-av_one_half-15d750bd1b332b34c6e70b077ebbccdf av_one_half  avia-builder-el-9  el_before_av_one_half  avia-builder-el-first  first flex_column_div av-zero-column-padding  '     ><section  class='av_textblock_section av-av_textblock-2bd894dbf2e4bf2c4acf98ce4fbf94aa '   itemscope=\"itemscope\" itemtype=\"https:\/\/schema.org\/CreativeWork\" ><div class='avia_textblock'  itemprop=\"text\" ><h2>Unsere CD Mastering Services:<\/h2>\n<\/div><\/section><br \/>\n<section  class='av_textblock_section av-av_textblock-2bd894dbf2e4bf2c4acf98ce4fbf94aa '   itemscope=\"itemscope\" itemtype=\"https:\/\/schema.org\/CreativeWork\" ><div class='avia_textblock'  itemprop=\"text\" ><p>Damit CD-Player in der Lage sind Musik richtig abzuspielen ist die richtige Formatierung wichtig. Falls dies nicht nach dem Red-Book-Standard der Fall ist k\u00f6nnen verschiedenste Probleme auftreten.<\/p>\n<p>Der Red-Book-Standard wird ben\u00f6tigt um sicherzustellen, dass dieselbe Abspielqualit\u00e4t auf allen CD-Playern gew\u00e4hrleistet wird.<\/p>\n<p>Dieser Prozess sollte nur von einem professionellen Engineer durchgef\u00fchrt werden um ein fehlerloses abspielen sicherzustellen.<\/p>\n<\/div><\/section><br \/>\n<section  class='av_textblock_section av-av_textblock-2bd894dbf2e4bf2c4acf98ce4fbf94aa '   itemscope=\"itemscope\" itemtype=\"https:\/\/schema.org\/CreativeWork\" ><div class='avia_textblock'  itemprop=\"text\" ><p>Unsere Services beinhalten:<\/p>\n<ul>\n<li>Authoring nach dem Red-Book-Standard.<\/li>\n<li>Sequencing inkl. CD-Text. Stereo oder <a href=\"https:\/\/roessler-mastering.com\/de\/audio-mastering\/stem-mastering\/\">Stem Mastering Service<\/a><\/li>\n<li>Erstellung von\u00a0Red-Book-CDR&#8217;s &#038; DDP Files<\/li>\n<li>Error Check mit Plex Tools.<\/li>\n<\/ul>\n<\/div><\/section><\/p><\/div>\n<style type=\"text\/css\" data-created_by=\"avia_inline_auto\" id=\"style-css-av-av_one_half-c8fc129dc35fd1ae2a1e410224d39ea8\">\n.flex_column.av-av_one_half-c8fc129dc35fd1ae2a1e410224d39ea8{\nborder-radius:0px 0px 0px 0px;\npadding:0px 0px 0px 0px;\n}\n<\/style>\n<div  class='flex_column av-av_one_half-c8fc129dc35fd1ae2a1e410224d39ea8 av_one_half  avia-builder-el-13  el_after_av_one_half  avia-builder-el-last  flex_column_div av-zero-column-padding  '     ><style type=\"text\/css\" data-created_by=\"avia_inline_auto\" id=\"style-css-av-av_image-d83934a71a26913d6b46affac566c531\">\n.avia-image-container.av-av_image-d83934a71a26913d6b46affac566c531 img.avia_image{\nbox-shadow:none;\n}\n.avia-image-container.av-av_image-d83934a71a26913d6b46affac566c531 .av-image-caption-overlay-center{\ncolor:#ffffff;\n}\n<\/style>\n<div  class='avia-image-container av-av_image-d83934a71a26913d6b46affac566c531 av-styling-circle avia-align-center  avia-builder-el-14  avia-builder-el-no-sibling '   itemprop=\"image\" itemscope=\"itemscope\" itemtype=\"https:\/\/schema.org\/ImageObject\" ><div class=\"avia-image-container-inner\"><div class=\"avia-image-overlay-wrap\"><img decoding=\"async\" fetchpriority=\"high\" class='wp-image-9428 avia-img-lazy-loading-not-9428 avia_image ' src=\"https:\/\/roessler-mastering.com\/wp-content\/uploads\/authoring-session.jpg\" alt='Authoring Session and the process' title='authoring for duplication'  height=\"400\" width=\"400\"  itemprop=\"thumbnailUrl\" srcset=\"https:\/\/roessler-mastering.com\/wp-content\/uploads\/authoring-session.jpg 400w, https:\/\/roessler-mastering.com\/wp-content\/uploads\/authoring-session-80x80.jpg 80w, https:\/\/roessler-mastering.com\/wp-content\/uploads\/authoring-session-300x300.jpg 300w, https:\/\/roessler-mastering.com\/wp-content\/uploads\/authoring-session-36x36.jpg 36w, https:\/\/roessler-mastering.com\/wp-content\/uploads\/authoring-session-180x180.jpg 180w, https:\/\/roessler-mastering.com\/wp-content\/uploads\/authoring-session-120x120.jpg 120w\" sizes=\"(max-width: 400px) 100vw, 400px\" \/><\/div><\/div><\/div><\/div>\n\n<\/div><\/div><\/div><!-- close content main div --><\/div><\/div><div id='av_section_4'  class='avia-section av-av_section-f5b65ff4622e4bead803022ed7efd5e7 main_color avia-section-default avia-shadow  avia-builder-el-15  el_after_av_section  avia-builder-el-last  avia-bg-style-scroll container_wrap fullsize'  ><div class='container av-section-cont-open' ><div class='template-page content  av-content-full alpha units'><div class='post-entry post-entry-type-page post-entry-6456'><div class='entry-content-wrapper clearfix'>\n\n<style type=\"text\/css\" data-created_by=\"avia_inline_auto\" id=\"style-css-av-av_one_half-15d750bd1b332b34c6e70b077ebbccdf\">\n.flex_column.av-av_one_half-15d750bd1b332b34c6e70b077ebbccdf{\nborder-radius:0px 0px 0px 0px;\npadding:0px 0px 0px 0px;\n}\n<\/style>\n<div  class='flex_column av-av_one_half-15d750bd1b332b34c6e70b077ebbccdf av_one_half  avia-builder-el-16  el_before_av_one_half  avia-builder-el-first  first flex_column_div av-zero-column-padding  '     ><section  class='av_textblock_section av-av_textblock-0366cc7376be6c9e82a3e9cc8987b64f '   itemscope=\"itemscope\" itemtype=\"https:\/\/schema.org\/CreativeWork\" ><div class='avia_textblock'  itemprop=\"text\" ><h3>Was sind ISRC Codes?<\/h3>\n<\/div><\/section><br \/>\n<section  class='av_textblock_section av-av_textblock-283972ea15f2e73870c23e2d6de3245d '   itemscope=\"itemscope\" itemtype=\"https:\/\/schema.org\/CreativeWork\" ><div class='avia_textblock'  itemprop=\"text\" ><p>Der Internationale Standard Recording Code ist ein zw\u00f6lfstelliger Standard Code der genutzt wird um Audio und Video Aufnahmen zu identifizieren. Er kann w\u00e4hrend des Authoring Prozesses zusammen mit dem CD-Text hinzugef\u00fcgt werden. Er identifiziert eine spezielle Aufnahme. Das hei\u00dft, dass jede Version eines Liedes z.B. ein Remix oder eine Instrumental Version ihren eigenen Code ben\u00f6tigt.<\/p>\n<\/div><\/section><\/p><\/div>\n<style type=\"text\/css\" data-created_by=\"avia_inline_auto\" id=\"style-css-av-av_one_half-c8fc129dc35fd1ae2a1e410224d39ea8\">\n.flex_column.av-av_one_half-c8fc129dc35fd1ae2a1e410224d39ea8{\nborder-radius:0px 0px 0px 0px;\npadding:0px 0px 0px 0px;\n}\n<\/style>\n<div  class='flex_column av-av_one_half-c8fc129dc35fd1ae2a1e410224d39ea8 av_one_half  avia-builder-el-19  el_after_av_one_half  avia-builder-el-last  flex_column_div av-zero-column-padding  '     ><section  class='av_textblock_section av-av_textblock-2bd894dbf2e4bf2c4acf98ce4fbf94aa '   itemscope=\"itemscope\" itemtype=\"https:\/\/schema.org\/CreativeWork\" ><div class='avia_textblock'  itemprop=\"text\" ><h4>Was ist ein EAN Code?<\/h4>\n<\/div><\/section><br \/>\n<section  class='av_textblock_section av-av_textblock-2bd894dbf2e4bf2c4acf98ce4fbf94aa '   itemscope=\"itemscope\" itemtype=\"https:\/\/schema.org\/CreativeWork\" ><div class='avia_textblock'  itemprop=\"text\" ><p>Der EAN ist ein Barcode (UPC in den USA). Er ist als die Europ\u00e4ische Artikel Nummer bekannt (nun die Internationale Artikel Nummer). Er ist eine dreizehnstelliger Barcode Standard der genutzt wird um ein Produkt oder einen Artikel zu identifizieren. Er wird auch dazu verwendet ein Album als Produkt zu deklarieren. Der EAN Code kann auch mit unserem\u00a0<em>CD Mastering Service<\/em>\u00a0eingef\u00fcgt werden.<\/p>\n<\/div><\/section><\/p><\/div>\n\n","protected":false},"excerpt":{"rendered":"","protected":false},"author":11,"featured_media":0,"parent":6434,"menu_order":0,"comment_status":"closed","ping_status":"closed","template":"","meta":{"footnotes":""},"class_list":["post-6456","page","type-page","status-publish","hentry"],"_links":{"self":[{"href":"https:\/\/roessler-mastering.com\/de\/wp-json\/wp\/v2\/pages\/6456","targetHints":{"allow":["GET"]}}],"collection":[{"href":"https:\/\/roessler-mastering.com\/de\/wp-json\/wp\/v2\/pages"}],"about":[{"href":"https:\/\/roessler-mastering.com\/de\/wp-json\/wp\/v2\/types\/page"}],"author":[{"embeddable":true,"href":"https:\/\/roessler-mastering.com\/de\/wp-json\/wp\/v2\/users\/11"}],"replies":[{"embeddable":true,"href":"https:\/\/roessler-mastering.com\/de\/wp-json\/wp\/v2\/comments?post=6456"}],"version-history":[{"count":0,"href":"https:\/\/roessler-mastering.com\/de\/wp-json\/wp\/v2\/pages\/6456\/revisions"}],"up":[{"embeddable":true,"href":"https:\/\/roessler-mastering.com\/de\/wp-json\/wp\/v2\/pages\/6434"}],"wp:attachment":[{"href":"https:\/\/roessler-mastering.com\/de\/wp-json\/wp\/v2\/media?parent=6456"}],"curies":[{"name":"wp","href":"https:\/\/api.w.org\/{rel}","templated":true}]}}