{"id":6449,"date":"2016-10-19T14:09:05","date_gmt":"2016-10-19T12:09:05","guid":{"rendered":"http:\/\/roessler-mastering.com\/de\/?page_id=6449"},"modified":"2020-03-22T12:08:20","modified_gmt":"2020-03-22T11:08:20","slug":"remastered","status":"publish","type":"page","link":"https:\/\/roessler-mastering.com\/de\/audio-mastering\/remastered\/","title":{"rendered":"Remastered"},"content":{"rendered":"<div id='av_section_1'  class='avia-section av-av_section-72c8e58fc17039894028b5f5fa5f4cd2 alternate_color avia-section-default avia-no-border-styling  avia-builder-el-0  el_before_av_section  avia-builder-el-first  avia-bg-style-scroll container_wrap fullsize'  ><div class='container av-section-cont-open' ><main  role=\"main\" itemprop=\"mainContentOfPage\"  class='template-page content  av-content-full alpha units'><div class='post-entry post-entry-type-page post-entry-6449'><div class='entry-content-wrapper clearfix'>\n\n<style type=\"text\/css\" data-created_by=\"avia_inline_auto\" id=\"style-css-av-av_textblock-f355e1488476fab364df7d4bc81fcb59\">\n#top .av_textblock_section.av-av_textblock-f355e1488476fab364df7d4bc81fcb59 .avia_textblock{\ncolor:#ffffff;\n}\n<\/style>\n<section  class='av_textblock_section av-av_textblock-f355e1488476fab364df7d4bc81fcb59 '   itemscope=\"itemscope\" itemtype=\"https:\/\/schema.org\/CreativeWork\" ><div class='avia_textblock av_inherit_color'  itemprop=\"text\" ><h1>Remastering &#8211; Services und mehr:<\/h1>\n<p>Hier finden Sie Informationen zu unserem Remastering Service. Lernen Sie warum dies essentiell f\u00fcr das Re-releasen \u00e4lterer Projekte ist. Beim Audio Remastering werden \u00e4ltere, bereits ver\u00f6ffentlichte Projekte restauriert oder klanglich \u00fcberholt, um sie an die heutigen Audio Standards an zu passen.<\/p>\n<\/div><\/section>\n<\/div><\/div><\/main><!-- close content main element --><\/div><\/div><div id='av_section_2'  class='avia-section av-av_section-2dcda1862a94bb522b437cf4f29dd74d main_color avia-section-default avia-no-shadow  avia-builder-el-2  el_after_av_section  el_before_av_section  avia-bg-style-scroll container_wrap fullsize'  ><div class='container av-section-cont-open' ><div class='template-page content  av-content-full alpha units'><div class='post-entry post-entry-type-page post-entry-6449'><div class='entry-content-wrapper clearfix'>\n\n<style type=\"text\/css\" data-created_by=\"avia_inline_auto\" id=\"style-css-av-av_one_half-15d750bd1b332b34c6e70b077ebbccdf\">\n.flex_column.av-av_one_half-15d750bd1b332b34c6e70b077ebbccdf{\nborder-radius:0px 0px 0px 0px;\npadding:0px 0px 0px 0px;\n}\n<\/style>\n<div  class='flex_column av-av_one_half-15d750bd1b332b34c6e70b077ebbccdf av_one_half  avia-builder-el-3  el_before_av_one_half  avia-builder-el-first  first flex_column_div av-zero-column-padding  '     ><section  class='av_textblock_section av-av_textblock-2bd894dbf2e4bf2c4acf98ce4fbf94aa '   itemscope=\"itemscope\" itemtype=\"https:\/\/schema.org\/CreativeWork\" ><div class='avia_textblock'  itemprop=\"text\" ><h2>Was bedeutet\u00a0Remastering oder Audio Remastered?<\/h2>\n<\/div><\/section><br \/>\n<section  class='av_textblock_section av-av_textblock-2bd894dbf2e4bf2c4acf98ce4fbf94aa '   itemscope=\"itemscope\" itemtype=\"https:\/\/schema.org\/CreativeWork\" ><div class='avia_textblock'  itemprop=\"text\" ><p>Der Name Remastering oder Remastered wird oft im Zusammenhang mit der Phrase Digital Remastered verwendet.<\/p>\n<p>Ein Remaster kann f\u00fcr verschiedene Formate erstellt werden. Wie zum Beispiel: <a href=\"https:\/\/roessler-mastering.com\/de\/audio-mastering\/mastered-itunes\/\">iTunes<\/a>, CD, Vinyl, Videospiele, Filme und Sound Libraries.<\/p>\n<p>Unser Mastering Engineer hat sich darauf spezialisiert die Audioqualit\u00e4t \u00e4lterer Studioaufnahmen zu verbessern.\u00a0Dazu k\u00f6nnen entweder Pro Tools Sessions oder Wav &#038; Aiff Files verwendet werden. Wir bevorzugen die oben genannte File Formate.<\/p>\n<p>In\u00a0der Remastering Session verbessern wir die Dynamik und Lautst\u00e4rke Ihrer Musik. Moderate Kompression wird angewandt um den Charakter Ihrer Songs zu erhalten.<\/p>\n<p>Au\u00dferdem entfernt unser Engineer falls n\u00f6tig, Tape Rauschen mit Hilfe von Noise Reduction und verbessert tonale Balancen durch Eq Techniken.<\/p>\n<p>Weiterhin ist anzumerken das, dass Dynamik- und Eq- Processing sich nicht vom Standard Audio Mastering unterscheidet.<\/p>\n<p>Dabei werden die gleichen Verfahren angewendet.<\/p>\n<\/div><\/section><\/p><\/div>\n<style type=\"text\/css\" data-created_by=\"avia_inline_auto\" id=\"style-css-av-av_one_half-c8fc129dc35fd1ae2a1e410224d39ea8\">\n.flex_column.av-av_one_half-c8fc129dc35fd1ae2a1e410224d39ea8{\nborder-radius:0px 0px 0px 0px;\npadding:0px 0px 0px 0px;\n}\n<\/style>\n<div  class='flex_column av-av_one_half-c8fc129dc35fd1ae2a1e410224d39ea8 av_one_half  avia-builder-el-6  el_after_av_one_half  avia-builder-el-last  flex_column_div av-zero-column-padding  '     ><style type=\"text\/css\" data-created_by=\"avia_inline_auto\" id=\"style-css-av-av_image-bf0a1b125050d432e5816fb7d129b200\">\n.avia-image-container.av-av_image-bf0a1b125050d432e5816fb7d129b200 img.avia_image{\nbox-shadow:none;\n}\n.avia-image-container.av-av_image-bf0a1b125050d432e5816fb7d129b200 .av-image-caption-overlay-center{\ncolor:#ffffff;\n}\n<\/style>\n<div  class='avia-image-container av-av_image-bf0a1b125050d432e5816fb7d129b200 av-styling-circle avia-align-center  avia-builder-el-7  avia-builder-el-no-sibling '   itemprop=\"image\" itemscope=\"itemscope\" itemtype=\"https:\/\/schema.org\/ImageObject\" ><div class=\"avia-image-container-inner\"><div class=\"avia-image-overlay-wrap\"><img decoding=\"async\" fetchpriority=\"high\" class='wp-image-9398 avia-img-lazy-loading-not-9398 avia_image ' src=\"https:\/\/roessler-mastering.com\/wp-content\/uploads\/remastered-cds.jpg\" alt='Overhauled Music' title='remastered-cds'  height=\"400\" width=\"400\"  itemprop=\"thumbnailUrl\" srcset=\"https:\/\/roessler-mastering.com\/wp-content\/uploads\/remastered-cds.jpg 400w, https:\/\/roessler-mastering.com\/wp-content\/uploads\/remastered-cds-80x80.jpg 80w, https:\/\/roessler-mastering.com\/wp-content\/uploads\/remastered-cds-300x300.jpg 300w, https:\/\/roessler-mastering.com\/wp-content\/uploads\/remastered-cds-36x36.jpg 36w, https:\/\/roessler-mastering.com\/wp-content\/uploads\/remastered-cds-180x180.jpg 180w, https:\/\/roessler-mastering.com\/wp-content\/uploads\/remastered-cds-120x120.jpg 120w\" sizes=\"(max-width: 400px) 100vw, 400px\" \/><\/div><\/div><\/div><\/div><\/div><\/div><\/div><!-- close content main div --><\/div><\/div><div id='av_section_3'  class='avia-section av-av_section-f5b65ff4622e4bead803022ed7efd5e7 main_color avia-section-default avia-shadow  avia-builder-el-8  el_after_av_section  avia-builder-el-last  avia-bg-style-scroll container_wrap fullsize'  ><div class='container av-section-cont-open' ><div class='template-page content  av-content-full alpha units'><div class='post-entry post-entry-type-page post-entry-6449'><div class='entry-content-wrapper clearfix'>\n\n<style type=\"text\/css\" data-created_by=\"avia_inline_auto\" id=\"style-css-av-av_one_half-15d750bd1b332b34c6e70b077ebbccdf\">\n.flex_column.av-av_one_half-15d750bd1b332b34c6e70b077ebbccdf{\nborder-radius:0px 0px 0px 0px;\npadding:0px 0px 0px 0px;\n}\n<\/style>\n<div  class='flex_column av-av_one_half-15d750bd1b332b34c6e70b077ebbccdf av_one_half  avia-builder-el-9  el_before_av_one_half  avia-builder-el-first  first flex_column_div av-zero-column-padding  '     ><section  class='av_textblock_section av-av_textblock-0366cc7376be6c9e82a3e9cc8987b64f '   itemscope=\"itemscope\" itemtype=\"https:\/\/schema.org\/CreativeWork\" ><div class='avia_textblock'  itemprop=\"text\" ><h3>Warum wird Remastering ben\u00f6tigt?<\/h3>\n<\/div><\/section><br \/>\n<section  class='av_textblock_section av-av_textblock-2bd894dbf2e4bf2c4acf98ce4fbf94aa '   itemscope=\"itemscope\" itemtype=\"https:\/\/schema.org\/CreativeWork\" ><div class='avia_textblock'  itemprop=\"text\" ><p>\u00c4ltere Projekte klanglich zu \u00fcberholen und die Audio Qualit\u00e4t an heutige Anspr\u00fcche anzupassen, kann f\u00fcr Labels und K\u00fcnstler f\u00fcr die Mehrfachverwertung von Vorteil sein, da der Stand der heutigen Technik nicht mehr mit fr\u00fcher vergleichbar ist.<\/p>\n<p>Musik f\u00fcr <a href=\"https:\/\/roessler-mastering.com\/de\/audio-mastering\/vinyl-mastering\/\">Vinyl<\/a>, iTunes oder vergleichbare Audio Stores Remastern zu lassen ist heutzutage weitverbreitet. Einige Labels lassen sogar Ihren gesamten Musikkatalog remastern. Das\u00a0Remaster eines Albums kann die Sound Qualit\u00e4t enorm verbessern.<\/p>\n<p>Jedoch sollte immer das originale Feeling erhalten bleiben. Die re-gemasterte Version sollte nicht \u00fcberkomprimiert klingen. Die Services unsere Studios beinhalten:<\/p>\n<ul>\n<li>High End Audio Remastering.<\/li>\n<li>Format Konversion &#038; Digital Transfers<\/li>\n<li>Song Restauration.<\/li>\n<li>Klangverbesserung\u00a0f\u00fcr iTunes, <a href=\"https:\/\/roessler-mastering.com\/de\/audio-mastering\/cd-mastering\/\">CD&#8217;s<\/a> etc.<\/li>\n<\/ul>\n<\/div><\/section><\/p><\/div>\n<style type=\"text\/css\" data-created_by=\"avia_inline_auto\" id=\"style-css-av-av_one_half-c8fc129dc35fd1ae2a1e410224d39ea8\">\n.flex_column.av-av_one_half-c8fc129dc35fd1ae2a1e410224d39ea8{\nborder-radius:0px 0px 0px 0px;\npadding:0px 0px 0px 0px;\n}\n<\/style>\n<div  class='flex_column av-av_one_half-c8fc129dc35fd1ae2a1e410224d39ea8 av_one_half  avia-builder-el-12  el_after_av_one_half  avia-builder-el-last  flex_column_div av-zero-column-padding  '     ><style type=\"text\/css\" data-created_by=\"avia_inline_auto\" id=\"style-css-av-av_image-f5128a5e95262a079579b0531a76448e\">\n.avia-image-container.av-av_image-f5128a5e95262a079579b0531a76448e img.avia_image{\nbox-shadow:none;\n}\n.avia-image-container.av-av_image-f5128a5e95262a079579b0531a76448e .av-image-caption-overlay-center{\ncolor:#ffffff;\n}\n<\/style>\n<div  class='avia-image-container av-av_image-f5128a5e95262a079579b0531a76448e av-styling-circle avia-align-center  avia-builder-el-13  avia-builder-el-no-sibling '   itemprop=\"image\" itemscope=\"itemscope\" itemtype=\"https:\/\/schema.org\/ImageObject\" ><div class=\"avia-image-container-inner\"><div class=\"avia-image-overlay-wrap\"><img decoding=\"async\" fetchpriority=\"high\" class='wp-image-9402 avia-img-lazy-loading-not-9402 avia_image ' src=\"https:\/\/roessler-mastering.com\/wp-content\/uploads\/remastered-track.jpg\" alt='audio remastering' title='remastered'  height=\"400\" width=\"400\"  itemprop=\"thumbnailUrl\" srcset=\"https:\/\/roessler-mastering.com\/wp-content\/uploads\/remastered-track.jpg 400w, https:\/\/roessler-mastering.com\/wp-content\/uploads\/remastered-track-80x80.jpg 80w, https:\/\/roessler-mastering.com\/wp-content\/uploads\/remastered-track-300x300.jpg 300w, https:\/\/roessler-mastering.com\/wp-content\/uploads\/remastered-track-36x36.jpg 36w, https:\/\/roessler-mastering.com\/wp-content\/uploads\/remastered-track-180x180.jpg 180w, https:\/\/roessler-mastering.com\/wp-content\/uploads\/remastered-track-120x120.jpg 120w\" sizes=\"(max-width: 400px) 100vw, 400px\" \/><\/div><\/div><\/div><\/div><\/p>\n","protected":false},"excerpt":{"rendered":"","protected":false},"author":11,"featured_media":0,"parent":6434,"menu_order":0,"comment_status":"closed","ping_status":"closed","template":"","meta":{"footnotes":""},"class_list":["post-6449","page","type-page","status-publish","hentry"],"_links":{"self":[{"href":"https:\/\/roessler-mastering.com\/de\/wp-json\/wp\/v2\/pages\/6449","targetHints":{"allow":["GET"]}}],"collection":[{"href":"https:\/\/roessler-mastering.com\/de\/wp-json\/wp\/v2\/pages"}],"about":[{"href":"https:\/\/roessler-mastering.com\/de\/wp-json\/wp\/v2\/types\/page"}],"author":[{"embeddable":true,"href":"https:\/\/roessler-mastering.com\/de\/wp-json\/wp\/v2\/users\/11"}],"replies":[{"embeddable":true,"href":"https:\/\/roessler-mastering.com\/de\/wp-json\/wp\/v2\/comments?post=6449"}],"version-history":[{"count":0,"href":"https:\/\/roessler-mastering.com\/de\/wp-json\/wp\/v2\/pages\/6449\/revisions"}],"up":[{"embeddable":true,"href":"https:\/\/roessler-mastering.com\/de\/wp-json\/wp\/v2\/pages\/6434"}],"wp:attachment":[{"href":"https:\/\/roessler-mastering.com\/de\/wp-json\/wp\/v2\/media?parent=6449"}],"curies":[{"name":"wp","href":"https:\/\/api.w.org\/{rel}","templated":true}]}}