{"id":6444,"date":"2016-10-19T12:49:11","date_gmt":"2016-10-19T10:49:11","guid":{"rendered":"http:\/\/roessler-mastering.com\/de\/?page_id=6444"},"modified":"2020-03-22T12:07:50","modified_gmt":"2020-03-22T11:07:50","slug":"mastered-itunes","status":"publish","type":"page","link":"https:\/\/roessler-mastering.com\/de\/audio-mastering\/mastered-itunes\/","title":{"rendered":"Mastered iTunes"},"content":{"rendered":"<div id='av_section_1'  class='avia-section av-3fdky4-b753823e1fbc2417f3f02d583874650c alternate_color avia-section-default avia-no-border-styling  avia-builder-el-0  el_before_av_section  avia-builder-el-first  avia-bg-style-scroll container_wrap fullsize'  ><div class='container av-section-cont-open' ><main  role=\"main\" itemprop=\"mainContentOfPage\"  class='template-page content  av-content-full alpha units'><div class='post-entry post-entry-type-page post-entry-6444'><div class='entry-content-wrapper clearfix'>\n\n<style type=\"text\/css\" data-created_by=\"avia_inline_auto\" id=\"style-css-av-vshp58-640bd0011f6aa8266642ecc0d955043d\">\n.flex_column.av-vshp58-640bd0011f6aa8266642ecc0d955043d{\nborder-radius:0px 0px 0px 0px;\npadding:0px 0px 0px 0px;\n}\n<\/style>\n<div  class='flex_column av-vshp58-640bd0011f6aa8266642ecc0d955043d av_one_full  avia-builder-el-1  avia-builder-el-no-sibling  first flex_column_div av-zero-column-padding  '     ><style type=\"text\/css\" data-created_by=\"avia_inline_auto\" id=\"style-css-av-jhpw6vvf-9a9eb39f8247c910ad6a85ddaff4c409\">\n#top .av_textblock_section.av-jhpw6vvf-9a9eb39f8247c910ad6a85ddaff4c409 .avia_textblock{\ncolor:#ffffff;\n}\n<\/style>\n<section  class='av_textblock_section av-jhpw6vvf-9a9eb39f8247c910ad6a85ddaff4c409 '   itemscope=\"itemscope\" itemtype=\"https:\/\/schema.org\/CreativeWork\" ><div class='avia_textblock av_inherit_color'  itemprop=\"text\" ><h1>Mastered for iTunes: Service f\u00fcr Digital-Ver\u00f6ffentlichungen:<\/h1>\n<p>Detaillierte Informationen \u00fcber die Bearbeitung f\u00fcr Digital Formate. Mastered for iTunes ist Apple&#8217;s neue Audio Sektion im Store f\u00fcr hoch aufl\u00f6sende Master. Songs die damit ausgezeichnet sind wurden speziell gemastert um keinen Verlust der Klangqualit\u00e4t w\u00e4hrend des Konvertierungsprozesses in das AAC Format zu erhalten.<\/p>\n<\/div><\/section><\/div><\/div><\/div><\/main><!-- close content main element --><\/div><\/div><div id='av_section_2'  class='avia-section av-v02gq4-5bbdd6a93d24577d246766711314f456 main_color avia-section-default avia-no-shadow  avia-builder-el-3  el_after_av_section  el_before_av_section  avia-bg-style-scroll container_wrap fullsize'  ><div class='container av-section-cont-open' ><div class='template-page content  av-content-full alpha units'><div class='post-entry post-entry-type-page post-entry-6444'><div class='entry-content-wrapper clearfix'>\n\n<style type=\"text\/css\" data-created_by=\"avia_inline_auto\" id=\"style-css-av-t4y1zg-33384e27905eda37309cd82387764724\">\n.flex_column.av-t4y1zg-33384e27905eda37309cd82387764724{\nborder-radius:0px 0px 0px 0px;\npadding:0px 0px 0px 0px;\n}\n<\/style>\n<div  class='flex_column av-t4y1zg-33384e27905eda37309cd82387764724 av_one_half  avia-builder-el-4  el_before_av_one_half  avia-builder-el-first  first flex_column_div av-zero-column-padding  '     ><section  class='av_textblock_section av-qn58t8-f0277a0e9bb1d01d8ed3722e209f845b '   itemscope=\"itemscope\" itemtype=\"https:\/\/schema.org\/CreativeWork\" ><div class='avia_textblock'  itemprop=\"text\" ><p>Mit den von Apple zur Verf\u00fcgung gestellten Tools kann unser Audio Engineer hochqualitative Master erstellen. Diese klingen genau so wie sie auch der K\u00fcnstler im Studio geh\u00f6rt hat.<\/p>\n<p>Wir k\u00f6nnen nun den Konvertierungsprozess mit Hilfe spezieller Plugins \u00fcberwachen und darauf reagieren falls Qualit\u00e4tseinbu\u00dfen w\u00e4hrenddessen eintreten. Zum Beispiel falls Low- End Informationen verloren gehen, k\u00f6nnen wir dies kompensieren.<\/p>\n<p>Mit <strong>Mastered for iTunes<\/strong> k\u00f6nnen Sie sicherstellen, dass Ihre Musik den gleichen Klang\u00a0auf allen iOS Ger\u00e4ten wie: iPods, iPads, Mac Books etc. aufweist.<\/p>\n<p>Strikte Guidelines erfordern es ein hoch aufl\u00f6sendes Master an Apple zu \u00fcbermitteln. Bitte senden Sie Ihre Mixe mit einer Bit &#038; Sample Rate von 24 Bit und 96 kHz.\u00a0Mit Hilfe der bereitgestellten Tools k\u00f6nnen wir die Dynamik und Frequenzen, die eventuell bei der Konvertierung verlorengehen, verbessern um einem Verlust entgegenzuwirken.<\/p>\n<p>All unsere Standard &#038; <a href=\"https:\/\/roessler-mastering.com\/de\/audio-mastering\/stem-mastering\/\">Stem Mastering Services<\/a> sind kompatibel mit dem normalen Apple Store und allen anderen Digitalen Download Stores. Mfit ist eine spezifische Sektion im Store.<\/p>\n<\/div><\/section><\/div>\n<style type=\"text\/css\" data-created_by=\"avia_inline_auto\" id=\"style-css-av-q8cmfg-e36d53c386ce23f6feedf987248e9b71\">\n.flex_column.av-q8cmfg-e36d53c386ce23f6feedf987248e9b71{\nborder-radius:0px 0px 0px 0px;\npadding:0px 0px 0px 0px;\n}\n<\/style>\n<div  class='flex_column av-q8cmfg-e36d53c386ce23f6feedf987248e9b71 av_one_half  avia-builder-el-6  el_after_av_one_half  avia-builder-el-last  flex_column_div av-zero-column-padding  '     ><style type=\"text\/css\" data-created_by=\"avia_inline_auto\" id=\"style-css-av-og4dos-68be5c923a27a78f452dd8257d9e25cd\">\n.avia-image-container.av-og4dos-68be5c923a27a78f452dd8257d9e25cd img.avia_image{\nbox-shadow:none;\n}\n.avia-image-container.av-og4dos-68be5c923a27a78f452dd8257d9e25cd .av-image-caption-overlay-center{\ncolor:#ffffff;\n}\n<\/style>\n<div  class='avia-image-container av-og4dos-68be5c923a27a78f452dd8257d9e25cd av-styling-circle avia-align-center  avia-builder-el-7  avia-builder-el-no-sibling '   itemprop=\"image\" itemscope=\"itemscope\" itemtype=\"https:\/\/schema.org\/ImageObject\" ><div class=\"avia-image-container-inner\"><div class=\"avia-image-overlay-wrap\"><img decoding=\"async\" fetchpriority=\"high\" class='wp-image-9449 avia-img-lazy-loading-not-9449 avia_image ' src=\"https:\/\/roessler-mastering.com\/wp-content\/uploads\/itunes.jpg\" alt='Mastered for Itunes in the store' title='Master for itunes'  height=\"400\" width=\"400\"  itemprop=\"thumbnailUrl\" srcset=\"https:\/\/roessler-mastering.com\/wp-content\/uploads\/itunes.jpg 400w, https:\/\/roessler-mastering.com\/wp-content\/uploads\/itunes-80x80.jpg 80w, https:\/\/roessler-mastering.com\/wp-content\/uploads\/itunes-300x300.jpg 300w, https:\/\/roessler-mastering.com\/wp-content\/uploads\/itunes-36x36.jpg 36w, https:\/\/roessler-mastering.com\/wp-content\/uploads\/itunes-180x180.jpg 180w, https:\/\/roessler-mastering.com\/wp-content\/uploads\/itunes-120x120.jpg 120w\" sizes=\"(max-width: 400px) 100vw, 400px\" \/><\/div><\/div><\/div><\/div>\n<\/p>\n<\/div><\/div><\/div><!-- close content main div --><\/div><\/div><div id='av_section_3'  class='avia-section av-my3ajg-3b250b3a2fbac936821001282dbfa2fd main_color avia-section-default avia-shadow  avia-builder-el-8  el_after_av_section  el_before_av_section  avia-bg-style-scroll container_wrap fullsize'  ><div class='container av-section-cont-open' ><div class='template-page content  av-content-full alpha units'><div class='post-entry post-entry-type-page post-entry-6444'><div class='entry-content-wrapper clearfix'>\n\n<style type=\"text\/css\" data-created_by=\"avia_inline_auto\" id=\"style-css-av-kzu55o-88300faf6dc48c5262c2ee15d6e5e616\">\n.flex_column.av-kzu55o-88300faf6dc48c5262c2ee15d6e5e616{\nborder-radius:0px 0px 0px 0px;\npadding:0px 0px 0px 0px;\n}\n<\/style>\n<div  class='flex_column av-kzu55o-88300faf6dc48c5262c2ee15d6e5e616 av_one_half  avia-builder-el-9  el_before_av_one_half  avia-builder-el-first  first flex_column_div av-zero-column-padding  '     ><section  class='av_textblock_section av-iit72k-a4d19eee95b75a0759c861eb8deb239e '   itemscope=\"itemscope\" itemtype=\"https:\/\/schema.org\/CreativeWork\" ><div class='avia_textblock'  itemprop=\"text\" ><h2>Warum\u00a0Mastered for iTunes?<\/h2>\n<\/div><\/section><br \/>\n<section  class='av_textblock_section av-i29zlo-083b5eb3a937a1b6bc34dd04710d77ba '   itemscope=\"itemscope\" itemtype=\"https:\/\/schema.org\/CreativeWork\" ><div class='avia_textblock'  itemprop=\"text\" ><p>Digital Release gewinnen heutzutage immer mehr an Bedeutung f\u00fcr Independent Labels und K\u00fcnstler. Digitale Formate m\u00fcssen speziell gemastert werden um auf allen Abspielger\u00e4ten bestm\u00f6glich zu klingen.<\/p>\n<p>Egal ob Sie Ihr Album als Mp3 oder AAC ver\u00f6ffentlichen. W\u00e4hrend des Encoding Prozess von einem Wav File zu einem datenkomprimierten Audioformat k\u00f6nnen Frequenzinformationen verloren gehen.<\/p>\n<p>Deswegen nutzen wir Sonnox &#8222;Pro Codec&#8220; f\u00fcr hochqualitatives Encoding und dessen Abh\u00f6rm\u00f6glichkeiten. Wir k\u00f6nnen den Prozess \u00fcberwachen und den verloren gegangen Frequenzen entgegenwirken und die Dynamik verbessern.<\/p>\n<p>Mit &#8222;Mfit&#8220; und den zertifizierten Audio Unit Tools optimiert\u00a0unser Mastering Engineer Ihre Songs.<\/p>\n<p>Dies erlaubt uns hochqualitative Master f\u00fcr das lossless AAC Format zu erstellen.<\/p>\n<\/div><\/section><\/p><\/div>\n<style type=\"text\/css\" data-created_by=\"avia_inline_auto\" id=\"style-css-av-f7an3g-bdbca8525926d611fde272442fc8a911\">\n.flex_column.av-f7an3g-bdbca8525926d611fde272442fc8a911{\nborder-radius:0px 0px 0px 0px;\npadding:0px 0px 0px 0px;\n}\n<\/style>\n<div  class='flex_column av-f7an3g-bdbca8525926d611fde272442fc8a911 av_one_half  avia-builder-el-12  el_after_av_one_half  avia-builder-el-last  flex_column_div av-zero-column-padding  '     ><style type=\"text\/css\" data-created_by=\"avia_inline_auto\" id=\"style-css-av-e9pd58-93011d5f62bd1b24dead59b8e44c3ad8\">\n.avia-image-container.av-e9pd58-93011d5f62bd1b24dead59b8e44c3ad8 img.avia_image{\nbox-shadow:none;\n}\n.avia-image-container.av-e9pd58-93011d5f62bd1b24dead59b8e44c3ad8 .av-image-caption-overlay-center{\ncolor:#ffffff;\n}\n<\/style>\n<div  class='avia-image-container av-e9pd58-93011d5f62bd1b24dead59b8e44c3ad8 av-styling-circle avia-align-center  avia-builder-el-13  avia-builder-el-no-sibling '   itemprop=\"image\" itemscope=\"itemscope\" itemtype=\"https:\/\/schema.org\/ImageObject\" ><div class=\"avia-image-container-inner\"><div class=\"avia-image-overlay-wrap\"><img decoding=\"async\" fetchpriority=\"high\" class='wp-image-9452 avia-img-lazy-loading-not-9452 avia_image ' src=\"https:\/\/roessler-mastering.com\/wp-content\/uploads\/digital-release.jpg\" alt='Digital release example of conversion' title='digital-release'  height=\"400\" width=\"400\"  itemprop=\"thumbnailUrl\" srcset=\"https:\/\/roessler-mastering.com\/wp-content\/uploads\/digital-release.jpg 400w, https:\/\/roessler-mastering.com\/wp-content\/uploads\/digital-release-80x80.jpg 80w, https:\/\/roessler-mastering.com\/wp-content\/uploads\/digital-release-300x300.jpg 300w, https:\/\/roessler-mastering.com\/wp-content\/uploads\/digital-release-36x36.jpg 36w, https:\/\/roessler-mastering.com\/wp-content\/uploads\/digital-release-180x180.jpg 180w, https:\/\/roessler-mastering.com\/wp-content\/uploads\/digital-release-120x120.jpg 120w\" sizes=\"(max-width: 400px) 100vw, 400px\" \/><\/div><\/div><\/div><\/div>\n\n<\/div><\/div><\/div><!-- close content main div --><\/div><\/div><div id='av_section_4'  class='avia-section av-c1m4uk-beaee2699612a165d06052496f014bae main_color avia-section-default avia-shadow  avia-builder-el-14  el_after_av_section  avia-builder-el-last  avia-bg-style-scroll container_wrap fullsize'  ><div class='container av-section-cont-open' ><div class='template-page content  av-content-full alpha units'><div class='post-entry post-entry-type-page post-entry-6444'><div class='entry-content-wrapper clearfix'>\n\n<style type=\"text\/css\" data-created_by=\"avia_inline_auto\" id=\"style-css-av-aory3g-0bac2ca7e38c0c6191a102981d277c9e\">\n.flex_column.av-aory3g-0bac2ca7e38c0c6191a102981d277c9e{\nborder-radius:0px 0px 0px 0px;\npadding:0px 0px 0px 0px;\n}\n<\/style>\n<div  class='flex_column av-aory3g-0bac2ca7e38c0c6191a102981d277c9e av_one_half  avia-builder-el-15  el_before_av_one_half  avia-builder-el-first  first flex_column_div av-zero-column-padding  '     ><section  class='av_textblock_section av-9p12xo-37c068a96b17b6217139d0e27808de0c '   itemscope=\"itemscope\" itemtype=\"https:\/\/schema.org\/CreativeWork\" ><div class='avia_textblock'  itemprop=\"text\" ><h3>Digital &#038; Mfit Anforderungen:<\/h3>\n<\/div><\/section><br \/>\n<section  class='av_textblock_section av-6t0fu4-0e628e021834af1e9db082fa189ae4f1 '   itemscope=\"itemscope\" itemtype=\"https:\/\/schema.org\/CreativeWork\" ><div class='avia_textblock'  itemprop=\"text\" ><ul>\n<li>24 Bit und 32 Bit WAV oder AIFF Files werden akzeptiert.<\/li>\n<li>44,1khz bis 96khz Files werden akzeptiert.<\/li>\n<li>Bitte lassen\u00a0Sie einen Headroom zwischen -3 und -5db.<\/li>\n<li>Nutzen Sie keinen Kompressor, Limiter oder Maximizer auf dem Master Output.<\/li>\n<li>F\u00fcr <em>Mastered for iTunes<\/em>\u00a0werden h\u00f6here Sample- und Bit- Raten bevorzugt.<\/li>\n<li>F\u00fcr normale digital Release sind 24 Bit &#038; 44,1khz Files in Ordnung.<\/li>\n<\/ul>\n<\/div><\/section><\/p><\/div>\n<style type=\"text\/css\" data-created_by=\"avia_inline_auto\" id=\"style-css-av-62m2vg-5519567ec8f794305e1f598d606d6689\">\n.flex_column.av-62m2vg-5519567ec8f794305e1f598d606d6689{\nborder-radius:0px 0px 0px 0px;\npadding:0px 0px 0px 0px;\n}\n<\/style>\n<div  class='flex_column av-62m2vg-5519567ec8f794305e1f598d606d6689 av_one_half  avia-builder-el-18  el_after_av_one_half  avia-builder-el-last  flex_column_div av-zero-column-padding  '     ><section  class='av_textblock_section av-f9wn0-c26fef369ec49e3155d4d8678c4099fa '   itemscope=\"itemscope\" itemtype=\"https:\/\/schema.org\/CreativeWork\" ><div class='avia_textblock'  itemprop=\"text\" ><h3>Mastered for iTunes Unterschied zur CD:<\/h3>\n<\/div><\/section><br \/>\n<section  class='av_textblock_section av-2mf230-f6fbc07c4fa45ee9c8073022e1b37964 '   itemscope=\"itemscope\" itemtype=\"https:\/\/schema.org\/CreativeWork\" ><div class='avia_textblock'  itemprop=\"text\" ><p>Ein AAC File ist ein datenkomprimiertes Format wie Mp3! Jedoch ist das AAC Format mit weniger\u00a0Frequenzsverlusten verbunden im Vergleich zu herk\u00f6mmlichen Formaten. Man kann fast eine so hohe Qualit\u00e4t wie beim <a href=\"https:\/\/roessler-mastering.com\/de\/audio-mastering\/cd-mastering\/\">CD Mastering<\/a> erreichen.<\/p>\n<p>Mit speziellen Codecs und der kompletten Integration in unsere Soundblade Audio Workstation\u00a0k\u00f6nnen wir Inter Sample Peaks \u00fcberwachen und den Encoding Prozess abh\u00f6ren.<\/p>\n<\/div><\/section><\/p><\/div>\n\n","protected":false},"excerpt":{"rendered":"","protected":false},"author":11,"featured_media":0,"parent":6434,"menu_order":0,"comment_status":"closed","ping_status":"closed","template":"","meta":{"footnotes":""},"class_list":["post-6444","page","type-page","status-publish","hentry"],"_links":{"self":[{"href":"https:\/\/roessler-mastering.com\/de\/wp-json\/wp\/v2\/pages\/6444","targetHints":{"allow":["GET"]}}],"collection":[{"href":"https:\/\/roessler-mastering.com\/de\/wp-json\/wp\/v2\/pages"}],"about":[{"href":"https:\/\/roessler-mastering.com\/de\/wp-json\/wp\/v2\/types\/page"}],"author":[{"embeddable":true,"href":"https:\/\/roessler-mastering.com\/de\/wp-json\/wp\/v2\/users\/11"}],"replies":[{"embeddable":true,"href":"https:\/\/roessler-mastering.com\/de\/wp-json\/wp\/v2\/comments?post=6444"}],"version-history":[{"count":0,"href":"https:\/\/roessler-mastering.com\/de\/wp-json\/wp\/v2\/pages\/6444\/revisions"}],"up":[{"embeddable":true,"href":"https:\/\/roessler-mastering.com\/de\/wp-json\/wp\/v2\/pages\/6434"}],"wp:attachment":[{"href":"https:\/\/roessler-mastering.com\/de\/wp-json\/wp\/v2\/media?parent=6444"}],"curies":[{"name":"wp","href":"https:\/\/api.w.org\/{rel}","templated":true}]}}