{"id":6434,"date":"2016-10-18T16:17:44","date_gmt":"2016-10-18T14:17:44","guid":{"rendered":"http:\/\/roessler-mastering.com\/de\/?page_id=6434"},"modified":"2020-03-22T12:06:33","modified_gmt":"2020-03-22T11:06:33","slug":"audio-mastering","status":"publish","type":"page","link":"https:\/\/roessler-mastering.com\/de\/audio-mastering\/","title":{"rendered":"Audio Mastering"},"content":{"rendered":"<div id='av_section_1'  class='avia-section av-av_section-72c8e58fc17039894028b5f5fa5f4cd2 alternate_color avia-section-default avia-no-border-styling  avia-builder-el-0  el_before_av_section  avia-builder-el-first  avia-bg-style-scroll container_wrap fullsize'  ><div class='container av-section-cont-open' ><main  role=\"main\" itemprop=\"mainContentOfPage\"  class='template-page content  av-content-full alpha units'><div class='post-entry post-entry-type-page post-entry-6434'><div class='entry-content-wrapper clearfix'>\n\n<style type=\"text\/css\" data-created_by=\"avia_inline_auto\" id=\"style-css-av-jgqsgvaz-3981ce93cd83d5fc694fe3a80ef0fcdd\">\n#top .av_textblock_section.av-jgqsgvaz-3981ce93cd83d5fc694fe3a80ef0fcdd .avia_textblock{\ncolor:#ffffff;\n}\n<\/style>\n<section  class='av_textblock_section av-jgqsgvaz-3981ce93cd83d5fc694fe3a80ef0fcdd '   itemscope=\"itemscope\" itemtype=\"https:\/\/schema.org\/CreativeWork\" ><div class='avia_textblock av_inherit_color'  itemprop=\"text\" ><h1>Audio Mastering Online &#8211; Services f\u00fcr Alben &#038; EPs:<\/h1>\n<p>Unser Audio Mastering Service ist der letzte Schritt in der Musikproduktion. Es ist die letzte M\u00f6glichkeit um eventuelle Fehler zu beheben. Somit ist dies der kreative und technische Prozess zwischen dem Mix und der Ver\u00f6ffentlichung eines Songs. Es verbindet kreative und technische Aspekte sowie die Vorbereitung f\u00fcr die Vervielf\u00e4ltigung eines Projektes.<\/p>\n<\/div><\/section>\n<\/div><\/div><\/main><!-- close content main element --><\/div><\/div><div id='av_section_2'  class='avia-section av-av_section-2f8a4d5d3ebd9c637093dc8e14b646e9 main_color avia-section-default avia-no-border-styling  avia-builder-el-2  el_after_av_section  el_before_av_section  avia-bg-style-scroll container_wrap fullsize'  ><div class='container av-section-cont-open' ><div class='template-page content  av-content-full alpha units'><div class='post-entry post-entry-type-page post-entry-6434'><div class='entry-content-wrapper clearfix'>\n\n<style type=\"text\/css\" data-created_by=\"avia_inline_auto\" id=\"style-css-av-av_one_half-15d750bd1b332b34c6e70b077ebbccdf\">\n.flex_column.av-av_one_half-15d750bd1b332b34c6e70b077ebbccdf{\nborder-radius:0px 0px 0px 0px;\npadding:0px 0px 0px 0px;\n}\n<\/style>\n<div  class='flex_column av-av_one_half-15d750bd1b332b34c6e70b077ebbccdf av_one_half  avia-builder-el-3  el_before_av_one_half  avia-builder-el-first  first flex_column_div av-zero-column-padding  '     ><p><section  class='av_textblock_section av-av_textblock-2bd894dbf2e4bf2c4acf98ce4fbf94aa '   itemscope=\"itemscope\" itemtype=\"https:\/\/schema.org\/CreativeWork\" ><div class='avia_textblock'  itemprop=\"text\" ><p>Unser Mastering Service beinhaltet die Anpassung der Lautst\u00e4rken mehrerer Songs um einen einheitlichen Audiopegel, Klangfarbe sowie eine gleichbleibende Audioqualit\u00e4t zu erhalten. Weiterhin ist es wichtig die Balancen eines Mixes zu korrigieren um den Charakter eines Songs zu optimieren. Ein Audio Engineer nutzt Eq&#8217;s um bestimmte Frequenzprobleme zu beheben.<\/p>\n<p>Er verwendet Kompressoren um die Dynamik zu verbessern. Es werden diverse Audiotechniken angewendet wie zum Beispiel: Stereo, Mid-Side, <a href=\"https:\/\/roessler-mastering.com\/de\/audio-mastering\/remastered\/\">Audio Remastering<\/a> und Stem Processing um die Qualit\u00e4t zu steigern. W\u00e4hrend des Bearbeitungsprozesses wird Ihre Musikaufnahme sozusagen &#8222;aufpoliert&#8220; um Ihr den letzten Feinschliff zu verleihen. Ihre Songs werden brillanter, voller und pr\u00e4senter klingen nachdem sie das Studio verlassen haben.<\/p>\n<\/div><\/section><br \/>\n<section  class='av_textblock_section av-av_textblock-2bd894dbf2e4bf2c4acf98ce4fbf94aa '   itemscope=\"itemscope\" itemtype=\"https:\/\/schema.org\/CreativeWork\" ><div class='avia_textblock'  itemprop=\"text\" ><p><strong>Wie muss ich meine Files vorbereiten?<\/strong> Lassen Sie gen\u00fcgend Headroom (zwischen -3 und -6db) f\u00fcr das mastering online. Dabei handelt es sich um den zus\u00e4tzlich verf\u00fcgbaren Audio Level unter 0db.<\/p>\n<p>Bitte stellen Sie sicher die Vocals richtig zu de-essen, damit diese nicht zu scharf klingen. Auch die Balance zwischen Vocals und dem Instrumental sollte stimmig sein.<\/p>\n<ul>\n<li>Bitte normalisieren oder \u00fcberkomprimieren Sie Ihren Song nicht.<\/li>\n<li>Bitte legen Sie keinen Limiter oder Maximizer auf den\u00a0Master Output.<\/li>\n<li>Ein Headroom zwischen\u00a0-3 and -6db wird ben\u00f6tigt.<\/li>\n<li>16 Bit, bis zu 32 Bit Files mit Sample Raten von\u00a044,1 kHz bis\u00a0zu\u00a096 Khz.<\/li>\n<\/ul>\n<\/div><\/section><\/p><\/div>\n<style type=\"text\/css\" data-created_by=\"avia_inline_auto\" id=\"style-css-av-av_one_half-c8fc129dc35fd1ae2a1e410224d39ea8\">\n.flex_column.av-av_one_half-c8fc129dc35fd1ae2a1e410224d39ea8{\nborder-radius:0px 0px 0px 0px;\npadding:0px 0px 0px 0px;\n}\n<\/style>\n<div  class='flex_column av-av_one_half-c8fc129dc35fd1ae2a1e410224d39ea8 av_one_half  avia-builder-el-6  el_after_av_one_half  avia-builder-el-last  flex_column_div av-zero-column-padding  '     ><style type=\"text\/css\" data-created_by=\"avia_inline_auto\" id=\"style-css-av-av_image-1bf50b8528ba0592eda2f706f0d89b24\">\n.avia-image-container.av-av_image-1bf50b8528ba0592eda2f706f0d89b24 img.avia_image{\nbox-shadow:none;\n}\n.avia-image-container.av-av_image-1bf50b8528ba0592eda2f706f0d89b24 .av-image-caption-overlay-center{\ncolor:#ffffff;\n}\n<\/style>\n<div  class='avia-image-container av-av_image-1bf50b8528ba0592eda2f706f0d89b24 av-styling-circle avia-align-center  avia-builder-el-7  avia-builder-el-no-sibling '   itemprop=\"image\" itemscope=\"itemscope\" itemtype=\"https:\/\/schema.org\/ImageObject\" ><div class=\"avia-image-container-inner\"><div class=\"avia-image-overlay-wrap\"><img decoding=\"async\" fetchpriority=\"high\" class='wp-image-9246 avia-img-lazy-loading-not-9246 avia_image ' src=\"https:\/\/roessler-mastering.com\/wp-content\/uploads\/master-comp.jpg\" alt='analog compressor' title='master-comp'  height=\"400\" width=\"400\"  itemprop=\"thumbnailUrl\" srcset=\"https:\/\/roessler-mastering.com\/wp-content\/uploads\/master-comp.jpg 400w, https:\/\/roessler-mastering.com\/wp-content\/uploads\/master-comp-80x80.jpg 80w, https:\/\/roessler-mastering.com\/wp-content\/uploads\/master-comp-300x300.jpg 300w, https:\/\/roessler-mastering.com\/wp-content\/uploads\/master-comp-36x36.jpg 36w, https:\/\/roessler-mastering.com\/wp-content\/uploads\/master-comp-180x180.jpg 180w, https:\/\/roessler-mastering.com\/wp-content\/uploads\/master-comp-120x120.jpg 120w\" sizes=\"(max-width: 400px) 100vw, 400px\" \/><\/div><\/div><\/div><\/div>\n<\/p>\n<\/div><\/div><\/div><!-- close content main div --><\/div><\/div><div id='av_section_3'  class='avia-section av-av_section-f5b65ff4622e4bead803022ed7efd5e7 main_color avia-section-default avia-shadow  avia-builder-el-8  el_after_av_section  el_before_av_layout_row  avia-bg-style-scroll container_wrap fullsize'  ><div class='container av-section-cont-open' ><div class='template-page content  av-content-full alpha units'><div class='post-entry post-entry-type-page post-entry-6434'><div class='entry-content-wrapper clearfix'>\n\n<style type=\"text\/css\" data-created_by=\"avia_inline_auto\" id=\"style-css-av-av_one_full-afe0216eeec2347696d7845cc1b12dcb\">\n.flex_column.av-av_one_full-afe0216eeec2347696d7845cc1b12dcb{\nborder-radius:0px 0px 0px 0px;\npadding:0px 0px 0px 0px;\n}\n<\/style>\n<div  class='flex_column av-av_one_full-afe0216eeec2347696d7845cc1b12dcb av_one_full  avia-builder-el-9  avia-builder-el-no-sibling  first no_margin flex_column_div av-zero-column-padding  '     ><section  class='av_textblock_section av-av_textblock-2bd894dbf2e4bf2c4acf98ce4fbf94aa '   itemscope=\"itemscope\" itemtype=\"https:\/\/schema.org\/CreativeWork\" ><div class='avia_textblock'  itemprop=\"text\" ><h2 style=\"text-align: center;\">Wir bieten folgende Audio Mastering Services:<\/h2>\n<\/div><\/section><\/div>\n\n<\/div><\/div><\/div><!-- close content main div --><\/div><\/div><div id='av-layout-grid-1'  class='av-layout-grid-container av-av_layout_row-36df8fd88c39c69ee7db5c4c2119ff00 entry-content-wrapper main_color av-flex-cells  avia-builder-el-11  el_after_av_section  el_before_av_section  grid-row-not-first  container_wrap fullsize'  >\n\n<style type=\"text\/css\" data-created_by=\"avia_inline_auto\" id=\"style-css-av-av_cell_one_fourth-57afa0056c873f2fb2739f3ed1dbcad1\">\n.flex_cell.av-av_cell_one_fourth-57afa0056c873f2fb2739f3ed1dbcad1{\nvertical-align:top;\n}\n.responsive #top #wrap_all .flex_cell.av-av_cell_one_fourth-57afa0056c873f2fb2739f3ed1dbcad1{\npadding:20px 20px 80px 20px !important;\n}\n<\/style>\n<div class='flex_cell av-av_cell_one_fourth-57afa0056c873f2fb2739f3ed1dbcad1 av-gridrow-cell av_one_fourth no_margin  avia-builder-el-12  el_before_av_cell_one_fourth  avia-builder-el-first  content-align-top'  ><div class='flex_cell_inner'>\n<style type=\"text\/css\" data-created_by=\"avia_inline_auto\" id=\"style-css-av-av_icon_box-0a935c59a7a613a76dbecd8f0a81c399\">\n.iconbox.av-av_icon_box-0a935c59a7a613a76dbecd8f0a81c399 .iconbox_icon{\nbackground-color:#109bc5;\nborder:1px solid #109bc5;\ncolor:#ffffff;\n}\n.iconbox.av-av_icon_box-0a935c59a7a613a76dbecd8f0a81c399 .iconbox_icon.avia-svg-icon svg:first-child{\nfill:#ffffff;\nstroke:#ffffff;\n}\n<\/style>\n<article  class='iconbox iconbox_top av-av_icon_box-0a935c59a7a613a76dbecd8f0a81c399 av-no-box  avia-builder-el-13  avia-builder-el-no-sibling '  itemscope=\"itemscope\" itemtype=\"https:\/\/schema.org\/CreativeWork\" ><div class=\"iconbox_content\"><header class=\"entry-content-header\" aria-label=\"Icon: Stereo &amp; Stem Bearbeitung:\"><div class='iconbox_icon heading-color avia-iconfont avia-font-entypo-fontello' data-av_icon='\ue811' data-av_iconfont='entypo-fontello'  ><\/div><h3 class='iconbox_content_title '  itemprop=\"headline\" >Stereo & Stem Bearbeitung:<\/h3><\/header><div class='iconbox_content_container '  itemprop=\"text\" ><p>Wir bearbeiten Ihre Mixe mit High End Analog Equipment inklusive analoger Summierung. Sie k\u00f6nnen uns bis zu 8 Stems (Instrumente, Samples, Bass, Vocals etc) Ihres Songs senden. Diese Technik \u00a0ist optimal um digitalen Mixen die\u00a0W\u00e4rme und den Punch einer analogen Konsole zu verleihen.<\/p>\n<p><a href=\"https:\/\/roessler-mastering.com\/de\/audio-mastering\/stem-mastering\/\">Mehr \u00fcber das Arbeiten mit Stems.<\/a><\/p>\n<\/div><\/div><footer class=\"entry-footer\"><\/footer><\/article>\n<\/div><\/div>\n<style type=\"text\/css\" data-created_by=\"avia_inline_auto\" id=\"style-css-av-av_cell_one_fourth-57afa0056c873f2fb2739f3ed1dbcad1\">\n.flex_cell.av-av_cell_one_fourth-57afa0056c873f2fb2739f3ed1dbcad1{\nvertical-align:top;\n}\n.responsive #top #wrap_all .flex_cell.av-av_cell_one_fourth-57afa0056c873f2fb2739f3ed1dbcad1{\npadding:20px 20px 80px 20px !important;\n}\n<\/style>\n<div class='flex_cell av-av_cell_one_fourth-57afa0056c873f2fb2739f3ed1dbcad1 av-gridrow-cell av_one_fourth no_margin  avia-builder-el-14  el_after_av_cell_one_fourth  el_before_av_cell_one_fourth  content-align-top'  ><div class='flex_cell_inner'>\n<style type=\"text\/css\" data-created_by=\"avia_inline_auto\" id=\"style-css-av-av_icon_box-d1229ea3970baefc6252a0a6ba7c345f\">\n.iconbox.av-av_icon_box-d1229ea3970baefc6252a0a6ba7c345f .iconbox_icon{\nbackground-color:#109bc5;\nborder:1px solid #109bc5;\ncolor:#ffffff;\n}\n.iconbox.av-av_icon_box-d1229ea3970baefc6252a0a6ba7c345f .iconbox_icon.avia-svg-icon svg:first-child{\nfill:#ffffff;\nstroke:#ffffff;\n}\n<\/style>\n<article  class='iconbox iconbox_top av-av_icon_box-d1229ea3970baefc6252a0a6ba7c345f av-no-box  avia-builder-el-15  avia-builder-el-no-sibling '  itemscope=\"itemscope\" itemtype=\"https:\/\/schema.org\/CreativeWork\" ><div class=\"iconbox_content\"><header class=\"entry-content-header\" aria-label=\"Icon: Audio Master f\u00fcr iTunes &amp; Co:\"><div class='iconbox_icon heading-color avia-iconfont avia-font-entypo-fontello' data-av_icon='\ue913' data-av_iconfont='entypo-fontello'  ><\/div><h3 class='iconbox_content_title '  itemprop=\"headline\" >Audio Master f\u00fcr iTunes & Co:<\/h3><\/header><div class='iconbox_content_container '  itemprop=\"text\" ><p>Wir mastern Ihr Projekt f\u00fcr die Digitale Ver\u00f6ffentlichung. Unsere Master sind mit allen digitalen Stores und Audio Plattformen inklusive Streams kompatible wie: iTunes, Amazon, Soundcloud, Android und vielen mehr. Wir erstellen auch Master f\u00fcr Apples spezielle &#8222;Mastered for iTunes&#8220; Sektion.<\/p>\n<p><a href=\"https:\/\/roessler-mastering.com\/de\/audio-mastering\/mastered-itunes\/\">Mehr \u00fcber Mastered for iTunes.<\/a><\/p>\n<\/div><\/div><footer class=\"entry-footer\"><\/footer><\/article>\n<\/div><\/div>\n<style type=\"text\/css\" data-created_by=\"avia_inline_auto\" id=\"style-css-av-av_cell_one_fourth-57afa0056c873f2fb2739f3ed1dbcad1\">\n.flex_cell.av-av_cell_one_fourth-57afa0056c873f2fb2739f3ed1dbcad1{\nvertical-align:top;\n}\n.responsive #top #wrap_all .flex_cell.av-av_cell_one_fourth-57afa0056c873f2fb2739f3ed1dbcad1{\npadding:20px 20px 80px 20px !important;\n}\n<\/style>\n<div class='flex_cell av-av_cell_one_fourth-57afa0056c873f2fb2739f3ed1dbcad1 av-gridrow-cell av_one_fourth no_margin  avia-builder-el-16  el_after_av_cell_one_fourth  el_before_av_cell_one_fourth  content-align-top'  ><div class='flex_cell_inner'>\n<style type=\"text\/css\" data-created_by=\"avia_inline_auto\" id=\"style-css-av-av_icon_box-c78964c6ec64dd87e77b17d7450be54e\">\n.iconbox.av-av_icon_box-c78964c6ec64dd87e77b17d7450be54e .iconbox_icon{\nbackground-color:#109bc5;\nborder:1px solid #109bc5;\ncolor:#ffffff;\n}\n.iconbox.av-av_icon_box-c78964c6ec64dd87e77b17d7450be54e .iconbox_icon.avia-svg-icon svg:first-child{\nfill:#ffffff;\nstroke:#ffffff;\n}\n<\/style>\n<article  class='iconbox iconbox_top av-av_icon_box-c78964c6ec64dd87e77b17d7450be54e av-no-box  avia-builder-el-17  avia-builder-el-no-sibling '  itemscope=\"itemscope\" itemtype=\"https:\/\/schema.org\/CreativeWork\" ><div class=\"iconbox_content\"><header class=\"entry-content-header\" aria-label=\"Icon: Optimierung f\u00fcr CD:\"><div class='iconbox_icon heading-color avia-iconfont avia-font-entypo-fontello' data-av_icon='\ue897' data-av_iconfont='entypo-fontello'  ><\/div><h3 class='iconbox_content_title '  itemprop=\"headline\" >Optimierung f\u00fcr CD:<\/h3><\/header><div class='iconbox_content_container '  itemprop=\"text\" ><p>Wir bereiten Ihr Album f\u00fcr die CD Pressung vor. Unser Engineer erstellt eine spezielle Red Book CDR oder ein DDP File nach internationalen Audio Standards. Au\u00dferdem f\u00fcgen wir nach Absprache alle n\u00f6tigen Codes hinzu. Diese sind erforderlich um eine hohe Qualit\u00e4t zu gew\u00e4hrleisten.<\/p>\n<p><a href=\"https:\/\/roessler-mastering.com\/de\/audio-mastering\/cd-mastering\/\">Mehr \u00fcber CD Mastering f\u00fcr Pressungen.<\/a><\/p>\n<\/div><\/div><footer class=\"entry-footer\"><\/footer><\/article>\n<\/div><\/div>\n<style type=\"text\/css\" data-created_by=\"avia_inline_auto\" id=\"style-css-av-av_cell_one_fourth-57afa0056c873f2fb2739f3ed1dbcad1\">\n.flex_cell.av-av_cell_one_fourth-57afa0056c873f2fb2739f3ed1dbcad1{\nvertical-align:top;\n}\n.responsive #top #wrap_all .flex_cell.av-av_cell_one_fourth-57afa0056c873f2fb2739f3ed1dbcad1{\npadding:20px 20px 80px 20px !important;\n}\n<\/style>\n<div class='flex_cell av-av_cell_one_fourth-57afa0056c873f2fb2739f3ed1dbcad1 av-gridrow-cell av_one_fourth no_margin  avia-builder-el-18  el_after_av_cell_one_fourth  avia-builder-el-last  content-align-top'  ><div class='flex_cell_inner'>\n<style type=\"text\/css\" data-created_by=\"avia_inline_auto\" id=\"style-css-av-av_icon_box-9ebb655e47e181b3000b232a1c7201a0\">\n.iconbox.av-av_icon_box-9ebb655e47e181b3000b232a1c7201a0 .iconbox_icon{\nbackground-color:#109bc5;\nborder:1px solid #109bc5;\ncolor:#ffffff;\n}\n.iconbox.av-av_icon_box-9ebb655e47e181b3000b232a1c7201a0 .iconbox_icon.avia-svg-icon svg:first-child{\nfill:#ffffff;\nstroke:#ffffff;\n}\n<\/style>\n<article  class='iconbox iconbox_top av-av_icon_box-9ebb655e47e181b3000b232a1c7201a0 av-no-box  avia-builder-el-19  avia-builder-el-no-sibling '  itemscope=\"itemscope\" itemtype=\"https:\/\/schema.org\/CreativeWork\" ><div class=\"iconbox_content\"><header class=\"entry-content-header\" aria-label=\"Icon: Optimierung f\u00fcr Vinyl:\"><div class='iconbox_icon heading-color avia-iconfont avia-font-entypo-fontello' data-av_icon='\ue8ae' data-av_iconfont='entypo-fontello'  ><\/div><h3 class='iconbox_content_title '  itemprop=\"headline\" >Optimierung f\u00fcr Vinyl:<\/h3><\/header><div class='iconbox_content_container '  itemprop=\"text\" ><p>Unser Audio Engineer ist Experte f\u00fcr Vinyl Pressungen. Wir optimieren Ihre Songs speziell f\u00fcr den Vinyl Cut, damit\u00a0eine Pressung ohne Probleme verl\u00e4uft. Wir \u00fcberpr\u00fcfen Ihre Mixe auf Vinyl Kompatibilit\u00e4t und geben Ihnen gegebenenfalls detaillierte Tipps und Verbesserungsvorschl\u00e4ge.<\/p>\n<p><a href=\"https:\/\/roessler-mastering.com\/de\/audio-mastering\/vinyl-mastering\/\">Lernen Sie mehr \u00fcber Vinyl Mastering.<\/a><\/p>\n<\/div><\/div><footer class=\"entry-footer\"><\/footer><\/article>\n<\/div><\/div>\n<\/div>\n<div id='av_section_4'  class='avia-section av-av_section-f5b65ff4622e4bead803022ed7efd5e7 main_color avia-section-default avia-shadow  avia-builder-el-20  el_after_av_layout_row  avia-builder-el-last  avia-bg-style-scroll container_wrap fullsize'  ><div class='container av-section-cont-open' ><div class='template-page content  av-content-full alpha units'><div class='post-entry post-entry-type-page post-entry-6434'><div class='entry-content-wrapper clearfix'>\n\n<style type=\"text\/css\" data-created_by=\"avia_inline_auto\" id=\"style-css-av-av_one_half-15d750bd1b332b34c6e70b077ebbccdf\">\n.flex_column.av-av_one_half-15d750bd1b332b34c6e70b077ebbccdf{\nborder-radius:0px 0px 0px 0px;\npadding:0px 0px 0px 0px;\n}\n<\/style>\n<div  class='flex_column av-av_one_half-15d750bd1b332b34c6e70b077ebbccdf av_one_half  avia-builder-el-21  el_before_av_one_half  avia-builder-el-first  first flex_column_div av-zero-column-padding  '     ><section  class='av_textblock_section av-av_textblock-2bd894dbf2e4bf2c4acf98ce4fbf94aa '   itemscope=\"itemscope\" itemtype=\"https:\/\/schema.org\/CreativeWork\" ><div class='avia_textblock'  itemprop=\"text\" ><h4>Die Unterschiede zwischen Audio Mastering &#038; Mixing:<\/h4>\n<\/div><\/section><br \/>\n<section  class='av_textblock_section av-av_textblock-2bd894dbf2e4bf2c4acf98ce4fbf94aa '   itemscope=\"itemscope\" itemtype=\"https:\/\/schema.org\/CreativeWork\" ><div class='avia_textblock'  itemprop=\"text\" ><p>Zun\u00e4chst sind ein Mix &#038; Master zwei komplett verschiedene Schritte. Diese sollten immer als ein separater Prozess gesehen werden. Beim Mischen eines Songs\u00a0werden alle einzelnen Instrumente &#038; Vocal Spuren bearbeitet und balanciert.<\/p>\n<p>Reverb Effekte und Delays werden verwendet um mehr r\u00e4umliche Tiefe zu erzeugen. Mehrere einzelne Spuren werden zu einer finalen Version zusammengefasst bzw. gemischt. <a href=\"https:\/\/roessler-mastering.com\/de\/online-mixing\/\">Online Mixing<\/a> ist der letzte Schritt vor dem Master eines Musikst\u00fccks.<\/p>\n<p>W\u00e4hrend der Bearbeitung eines Tracks\u00a0wird entweder ein einzelnes Stereo File oder in manchen F\u00e4llen Stems eines Mixes im Studio verwendet. Die Songs sollten immer als ein Ganzes gesehen werden, deshalb sollte das Gesamtbild im Fokus stehen.<\/p>\n<p>Des Weiteren unterscheidet sich auch die Dynamikbearbeitung zum Beispiel wird ein Stereo oder Multibandkompressor in Verbindung mit einem Limiter genutzt um die Lautst\u00e4rke zu erh\u00f6hen. Dies wird nur moderat verwendet um die Qualit\u00e4t zu verbessern. Um <em>Audio Mastering online<\/em> zu buchen kontaktieren Sie uns.<\/p>\n<\/div><\/section><\/p><\/div>\n<style type=\"text\/css\" data-created_by=\"avia_inline_auto\" id=\"style-css-av-av_one_half-c8fc129dc35fd1ae2a1e410224d39ea8\">\n.flex_column.av-av_one_half-c8fc129dc35fd1ae2a1e410224d39ea8{\nborder-radius:0px 0px 0px 0px;\npadding:0px 0px 0px 0px;\n}\n<\/style>\n<div  class='flex_column av-av_one_half-c8fc129dc35fd1ae2a1e410224d39ea8 av_one_half  avia-builder-el-24  el_after_av_one_half  avia-builder-el-last  flex_column_div av-zero-column-padding  '     ><style type=\"text\/css\" data-created_by=\"avia_inline_auto\" id=\"style-css-av-av_image-d0f36e639c41833b70376578dfb2f8c3\">\n.avia-image-container.av-av_image-d0f36e639c41833b70376578dfb2f8c3 img.avia_image{\nbox-shadow:none;\n}\n.avia-image-container.av-av_image-d0f36e639c41833b70376578dfb2f8c3 .av-image-caption-overlay-center{\ncolor:#ffffff;\n}\n<\/style>\n<div  class='avia-image-container av-av_image-d0f36e639c41833b70376578dfb2f8c3 av-styling-circle avia-align-center  avia-builder-el-25  avia-builder-el-no-sibling '   itemprop=\"image\" itemscope=\"itemscope\" itemtype=\"https:\/\/schema.org\/ImageObject\" ><div class=\"avia-image-container-inner\"><div class=\"avia-image-overlay-wrap\"><img decoding=\"async\" fetchpriority=\"high\" class='wp-image-9259 avia-img-lazy-loading-not-9259 avia_image ' src=\"https:\/\/roessler-mastering.com\/wp-content\/uploads\/session.jpg\" alt='audio mastering session' title='session'  height=\"400\" width=\"400\"  itemprop=\"thumbnailUrl\" srcset=\"https:\/\/roessler-mastering.com\/wp-content\/uploads\/session.jpg 400w, https:\/\/roessler-mastering.com\/wp-content\/uploads\/session-80x80.jpg 80w, https:\/\/roessler-mastering.com\/wp-content\/uploads\/session-300x300.jpg 300w, https:\/\/roessler-mastering.com\/wp-content\/uploads\/session-36x36.jpg 36w, https:\/\/roessler-mastering.com\/wp-content\/uploads\/session-180x180.jpg 180w, https:\/\/roessler-mastering.com\/wp-content\/uploads\/session-120x120.jpg 120w\" sizes=\"(max-width: 400px) 100vw, 400px\" \/><\/div><\/div><\/div><\/div>\n\n","protected":false},"excerpt":{"rendered":"","protected":false},"author":11,"featured_media":0,"parent":0,"menu_order":0,"comment_status":"closed","ping_status":"closed","template":"","meta":{"footnotes":""},"class_list":["post-6434","page","type-page","status-publish","hentry"],"_links":{"self":[{"href":"https:\/\/roessler-mastering.com\/de\/wp-json\/wp\/v2\/pages\/6434","targetHints":{"allow":["GET"]}}],"collection":[{"href":"https:\/\/roessler-mastering.com\/de\/wp-json\/wp\/v2\/pages"}],"about":[{"href":"https:\/\/roessler-mastering.com\/de\/wp-json\/wp\/v2\/types\/page"}],"author":[{"embeddable":true,"href":"https:\/\/roessler-mastering.com\/de\/wp-json\/wp\/v2\/users\/11"}],"replies":[{"embeddable":true,"href":"https:\/\/roessler-mastering.com\/de\/wp-json\/wp\/v2\/comments?post=6434"}],"version-history":[{"count":0,"href":"https:\/\/roessler-mastering.com\/de\/wp-json\/wp\/v2\/pages\/6434\/revisions"}],"wp:attachment":[{"href":"https:\/\/roessler-mastering.com\/de\/wp-json\/wp\/v2\/media?parent=6434"}],"curies":[{"name":"wp","href":"https:\/\/api.w.org\/{rel}","templated":true}]}}