{"id":6431,"date":"2016-10-18T15:57:49","date_gmt":"2016-10-18T13:57:49","guid":{"rendered":"http:\/\/roessler-mastering.com\/de\/?page_id=6431"},"modified":"2020-03-22T12:11:12","modified_gmt":"2020-03-22T11:11:12","slug":"equipment","status":"publish","type":"page","link":"https:\/\/roessler-mastering.com\/de\/equipment\/","title":{"rendered":"Equipment"},"content":{"rendered":"<div id='av_section_1'  class='avia-section av-185qxlr-3d091d7f27f8770d730be4902329b376 alternate_color avia-section-default avia-no-border-styling  avia-builder-el-0  el_before_av_section  avia-builder-el-first  avia-bg-style-scroll container_wrap fullsize'  ><div class='container av-section-cont-open' ><main  role=\"main\" itemprop=\"mainContentOfPage\"  class='template-page content  av-content-full alpha units'><div class='post-entry post-entry-type-page post-entry-6431'><div class='entry-content-wrapper clearfix'>\n\n<style type=\"text\/css\" data-created_by=\"avia_inline_auto\" id=\"style-css-av-jgqsfcw3-e02b20245c1fe19f5cecd4ebc9bc9cf6\">\n#top .av_textblock_section.av-jgqsfcw3-e02b20245c1fe19f5cecd4ebc9bc9cf6 .avia_textblock{\ncolor:#ffffff;\n}\n<\/style>\n<section  class='av_textblock_section av-jgqsfcw3-e02b20245c1fe19f5cecd4ebc9bc9cf6 '   itemscope=\"itemscope\" itemtype=\"https:\/\/schema.org\/CreativeWork\" ><div class='avia_textblock av_inherit_color'  itemprop=\"text\" ><h1>Analog Mastering Suite &#038; Equipment:<\/h1>\n<p>Unsere R\u00e4umlichkeiten bestehen aus einem akustisch optimierten Regie Raum. Er wurde speziell f\u00fcr uns gebaut. Wir nutzen nur ausgew\u00e4hltes Equipment von Firmen wie: Manley, Dangerous Music, Solid State Logic, Sonic Solutions, Avid und mehr. Das Equipment wird dem Projekt entsprechen gew\u00e4hlt und kann sich f\u00fcr die Verbesserung des Klanges \u00e4ndern.<\/p>\n<\/div><\/section>\n\n<\/div><\/div><\/main><!-- close content main element --><\/div><\/div><div id='av_section_2'  class='avia-section av-16wts0f-afc610737bd8d074fe2b0d0139aa2895 main_color avia-section-default avia-no-shadow  avia-builder-el-2  el_after_av_section  el_before_av_section  avia-bg-style-scroll container_wrap fullsize'  ><div class='container av-section-cont-open' ><div class='template-page content  av-content-full alpha units'><div class='post-entry post-entry-type-page post-entry-6431'><div class='entry-content-wrapper clearfix'>\n\n<style type=\"text\/css\" data-created_by=\"avia_inline_auto\" id=\"style-css-av-153lqov-71cb04cb34c6676b5ac6d5b512778e14\">\n.flex_column.av-153lqov-71cb04cb34c6676b5ac6d5b512778e14{\nborder-radius:0px 0px 0px 0px;\npadding:0px 0px 0px 0px;\n}\n<\/style>\n<div  class='flex_column av-153lqov-71cb04cb34c6676b5ac6d5b512778e14 av_one_half  avia-builder-el-3  el_before_av_one_half  avia-builder-el-first  first flex_column_div av-zero-column-padding  '     ><section  class='av_textblock_section av-1344v8f-a2ff3621b0cceaf99fdd2d5b4cb0f974 '   itemscope=\"itemscope\" itemtype=\"https:\/\/schema.org\/CreativeWork\" ><div class='avia_textblock'  itemprop=\"text\" ><p>Die R\u00e4umlichkeiten sind um eine Sterling Modular Plan A Konsole aufgebaut. Die Konsole ist so gebaut, dass sie akustisch unsichtbar ist und keine Reflexionen im Raum verursacht.\u00a0Dies bietet uns die M\u00f6glichkeit auch die kleinsten Details zu erfassen und Mixfehler zu korrigieren.<\/p>\n<p>Dies ist wichtig, da sonst das Klangbild verf\u00e4lscht wird und keine neutrale Beurteilung mehr m\u00f6glich ist.\u00a0Als Haupt DAW&#8217;s nutzen wir Sonic&#8217;s Soundblade und Avid&#8217;s Pro Tools HD. Kaum andere Daw&#8217;s bieten so eine transparente\u00a0Sound Engine\u00a0wie diese.<\/p>\n<p>Unsere Ger\u00e4te sind komplett mit Vovox Kabeln ausgestattet um einen klaren Signalpfad zu erhalten. Wir haben daf\u00fcr verschiedenste Kabel getestet.<\/p>\n<p>Das ausgew\u00e4hlte Equipment wird von uns \u00fcber einen l\u00e4ngeren Zeitraum in unserem <a href=\"https:\/\/roessler-mastering.com\/de\/online-mixing\/\">Online Mixing Studio<\/a>\u00a0und der Mastering Suite\u00a0getestet. W\u00e4hrend dieser Zeit k\u00f6nnen wir beurteilen ob es unseren klanglichen Vorstellungen entspricht.<\/p>\n<p>F\u00fcr das <a href=\"https:\/\/roessler-mastering.com\/de\/audio-mastering\/cd-mastering\/\">CD Mastering Online &#038; Authoring<\/a> nutzen wir ein Plextor CD Laufwerk um mit Hilfe der Plextor Software alle Red Book CDR&#8217;s nach Fehlern zu \u00fcberpr\u00fcfen. So k\u00f6nnen wir 100% sichere DDP&#8217;s und Red Book CDR&#8217;s erstellen.<\/p>\n<\/div><\/section><\/div>\n<style type=\"text\/css\" data-created_by=\"avia_inline_auto\" id=\"style-css-av-10p6xrj-957036b21908b4e3a90542711872b2b1\">\n.flex_column.av-10p6xrj-957036b21908b4e3a90542711872b2b1{\nborder-radius:0px 0px 0px 0px;\npadding:0px 0px 0px 0px;\n}\n<\/style>\n<div  class='flex_column av-10p6xrj-957036b21908b4e3a90542711872b2b1 av_one_half  avia-builder-el-5  el_after_av_one_half  avia-builder-el-last  flex_column_div av-zero-column-padding  '     ><style type=\"text\/css\" data-created_by=\"avia_inline_auto\" id=\"style-css-av-zmywq7-a21dc4c74d317790d760f9373ca55734\">\n.avia-image-container.av-zmywq7-a21dc4c74d317790d760f9373ca55734 img.avia_image{\nbox-shadow:none;\n}\n.avia-image-container.av-zmywq7-a21dc4c74d317790d760f9373ca55734 .av-image-caption-overlay-center{\ncolor:#ffffff;\n}\n<\/style>\n<div  class='avia-image-container av-zmywq7-a21dc4c74d317790d760f9373ca55734 av-styling-circle avia-align-center  avia-builder-el-6  avia-builder-el-no-sibling '   itemprop=\"image\" itemscope=\"itemscope\" itemtype=\"https:\/\/schema.org\/ImageObject\" ><div class=\"avia-image-container-inner\"><div class=\"avia-image-overlay-wrap\"><img decoding=\"async\" fetchpriority=\"high\" class='wp-image-10097 avia-img-lazy-loading-not-10097 avia_image ' src=\"https:\/\/roessler-mastering.com\/wp-content\/uploads\/equipment-1.jpg\" alt='' title='Studio &amp; Equipment'  height=\"400\" width=\"400\"  itemprop=\"thumbnailUrl\" srcset=\"https:\/\/roessler-mastering.com\/wp-content\/uploads\/equipment-1.jpg 400w, https:\/\/roessler-mastering.com\/wp-content\/uploads\/equipment-1-80x80.jpg 80w, https:\/\/roessler-mastering.com\/wp-content\/uploads\/equipment-1-300x300.jpg 300w, https:\/\/roessler-mastering.com\/wp-content\/uploads\/equipment-1-36x36.jpg 36w, https:\/\/roessler-mastering.com\/wp-content\/uploads\/equipment-1-180x180.jpg 180w, https:\/\/roessler-mastering.com\/wp-content\/uploads\/equipment-1-120x120.jpg 120w\" sizes=\"(max-width: 400px) 100vw, 400px\" \/><\/div><\/div><\/div><\/div>\n\n<\/div><\/div><\/div><!-- close content main div --><\/div><\/div><div id='av_section_3'  class='avia-section av-y2185b-20b05e9decfbbc2f6c49069d48517af2 main_color avia-section-default avia-shadow  avia-builder-el-7  el_after_av_section  avia-builder-el-last  avia-bg-style-scroll container_wrap fullsize'  ><div class='container av-section-cont-open' ><div class='template-page content  av-content-full alpha units'><div class='post-entry post-entry-type-page post-entry-6431'><div class='entry-content-wrapper clearfix'>\n<section  class='av_textblock_section av-wqi6xb-fc8bf8b278ac71a757c3ccdc5137c54a '   itemscope=\"itemscope\" itemtype=\"https:\/\/schema.org\/CreativeWork\" ><div class='avia_textblock'  itemprop=\"text\" ><h2 style=\"text-align: center;\">Mastering Suite:<\/h2>\n<\/div><\/section>\n\n<style type=\"text\/css\" data-created_by=\"avia_inline_auto\" id=\"style-css-av-ulkrun-d6cdba346fc537c4a4a3d18122d36bde\">\n.flex_column.av-ulkrun-d6cdba346fc537c4a4a3d18122d36bde{\nborder-radius:0px 0px 0px 0px;\npadding:0px 0px 0px 0px;\n}\n<\/style>\n<div  class='flex_column av-ulkrun-d6cdba346fc537c4a4a3d18122d36bde av_one_third  avia-builder-el-9  el_after_av_textblock  el_before_av_one_third  first flex_column_div av-zero-column-padding  column-top-margin'     ><style type=\"text\/css\" data-created_by=\"avia_inline_auto\" id=\"style-css-av-tmgmlb-7d99b6f1ad425cf7d02637f8246b0570\">\n.avia-image-container.av-tmgmlb-7d99b6f1ad425cf7d02637f8246b0570 img.avia_image{\nbox-shadow:none;\n}\n.avia-image-container.av-tmgmlb-7d99b6f1ad425cf7d02637f8246b0570 .av-image-caption-overlay-center{\ncolor:#ffffff;\n}\n<\/style>\n<div  class='avia-image-container av-tmgmlb-7d99b6f1ad425cf7d02637f8246b0570 av-styling-circle avia-align-center  avia-builder-el-10  avia-builder-el-no-sibling '   itemprop=\"image\" itemscope=\"itemscope\" itemtype=\"https:\/\/schema.org\/ImageObject\" ><div class=\"avia-image-container-inner\"><div class=\"avia-image-overlay-wrap\"><img decoding=\"async\" fetchpriority=\"high\" class='wp-image-9310 avia-img-lazy-loading-not-9310 avia_image ' src=\"https:\/\/roessler-mastering.com\/wp-content\/uploads\/studiomain-300x300.jpg\" alt='Facility control room' title='studio main'  height=\"300\" width=\"300\"  itemprop=\"thumbnailUrl\" srcset=\"https:\/\/roessler-mastering.com\/wp-content\/uploads\/studiomain-300x300.jpg 300w, https:\/\/roessler-mastering.com\/wp-content\/uploads\/studiomain-80x80.jpg 80w, https:\/\/roessler-mastering.com\/wp-content\/uploads\/studiomain-36x36.jpg 36w, https:\/\/roessler-mastering.com\/wp-content\/uploads\/studiomain-180x180.jpg 180w, https:\/\/roessler-mastering.com\/wp-content\/uploads\/studiomain.jpg 400w, https:\/\/roessler-mastering.com\/wp-content\/uploads\/studiomain-120x120.jpg 120w\" sizes=\"(max-width: 300px) 100vw, 300px\" \/><\/div><\/div><\/div><\/div>\n<style type=\"text\/css\" data-created_by=\"avia_inline_auto\" id=\"style-css-av-s3ge0f-f2b906db98dc7772d1f0bde918c42de1\">\n.flex_column.av-s3ge0f-f2b906db98dc7772d1f0bde918c42de1{\nborder-radius:0px 0px 0px 0px;\npadding:0px 0px 0px 0px;\n}\n<\/style>\n<div  class='flex_column av-s3ge0f-f2b906db98dc7772d1f0bde918c42de1 av_one_third  avia-builder-el-11  el_after_av_one_third  el_before_av_one_third  flex_column_div av-zero-column-padding  column-top-margin'     ><style type=\"text\/css\" data-created_by=\"avia_inline_auto\" id=\"style-css-av-2l99fz-7e145d024d527d12535a92aefd333183\">\n.avia-image-container.av-2l99fz-7e145d024d527d12535a92aefd333183 img.avia_image{\nbox-shadow:none;\n}\n.avia-image-container.av-2l99fz-7e145d024d527d12535a92aefd333183 .av-image-caption-overlay-center{\ncolor:#ffffff;\n}\n<\/style>\n<div  class='avia-image-container av-2l99fz-7e145d024d527d12535a92aefd333183 av-styling-circle avia-align-center  avia-builder-el-12  avia-builder-el-no-sibling '   itemprop=\"image\" itemscope=\"itemscope\" itemtype=\"https:\/\/schema.org\/ImageObject\" ><div class=\"avia-image-container-inner\"><div class=\"avia-image-overlay-wrap\"><img decoding=\"async\" fetchpriority=\"high\" class='wp-image-9220 avia-img-lazy-loading-not-9220 avia_image ' src=\"https:\/\/roessler-mastering.com\/wp-content\/uploads\/audio-gear-1-300x300.jpg\" alt='audio gear' title='audio-gear'  height=\"300\" width=\"300\"  itemprop=\"thumbnailUrl\" srcset=\"https:\/\/roessler-mastering.com\/wp-content\/uploads\/audio-gear-1-300x300.jpg 300w, https:\/\/roessler-mastering.com\/wp-content\/uploads\/audio-gear-1-80x80.jpg 80w, https:\/\/roessler-mastering.com\/wp-content\/uploads\/audio-gear-1-36x36.jpg 36w, https:\/\/roessler-mastering.com\/wp-content\/uploads\/audio-gear-1-180x180.jpg 180w, https:\/\/roessler-mastering.com\/wp-content\/uploads\/audio-gear-1.jpg 400w, https:\/\/roessler-mastering.com\/wp-content\/uploads\/audio-gear-1-120x120.jpg 120w\" sizes=\"(max-width: 300px) 100vw, 300px\" \/><\/div><\/div><\/div><\/div>\n<style type=\"text\/css\" data-created_by=\"avia_inline_auto\" id=\"style-css-av-oc8mtb-9fd92b7c72bd3672281b7bd93d90d880\">\n.flex_column.av-oc8mtb-9fd92b7c72bd3672281b7bd93d90d880{\nborder-radius:0px 0px 0px 0px;\npadding:0px 0px 0px 0px;\n}\n<\/style>\n<div  class='flex_column av-oc8mtb-9fd92b7c72bd3672281b7bd93d90d880 av_one_third  avia-builder-el-13  el_after_av_one_third  el_before_av_hr  flex_column_div av-zero-column-padding  column-top-margin'     ><style type=\"text\/css\" data-created_by=\"avia_inline_auto\" id=\"style-css-av-m8ad67-9b065291e68beb81f11b1aa8058527b0\">\n.avia-image-container.av-m8ad67-9b065291e68beb81f11b1aa8058527b0 img.avia_image{\nbox-shadow:none;\n}\n.avia-image-container.av-m8ad67-9b065291e68beb81f11b1aa8058527b0 .av-image-caption-overlay-center{\ncolor:#ffffff;\n}\n<\/style>\n<div  class='avia-image-container av-m8ad67-9b065291e68beb81f11b1aa8058527b0 av-styling-circle avia-align-center  avia-builder-el-14  avia-builder-el-no-sibling '   itemprop=\"image\" itemscope=\"itemscope\" itemtype=\"https:\/\/schema.org\/ImageObject\" ><div class=\"avia-image-container-inner\"><div class=\"avia-image-overlay-wrap\"><img decoding=\"async\" fetchpriority=\"high\" class='wp-image-9224 avia-img-lazy-loading-not-9224 avia_image ' src=\"https:\/\/roessler-mastering.com\/wp-content\/uploads\/analog-master-300x300.jpg\" alt='analog gear' title='analog'  height=\"300\" width=\"300\"  itemprop=\"thumbnailUrl\" srcset=\"https:\/\/roessler-mastering.com\/wp-content\/uploads\/analog-master-300x300.jpg 300w, https:\/\/roessler-mastering.com\/wp-content\/uploads\/analog-master-80x80.jpg 80w, https:\/\/roessler-mastering.com\/wp-content\/uploads\/analog-master-36x36.jpg 36w, https:\/\/roessler-mastering.com\/wp-content\/uploads\/analog-master-180x180.jpg 180w, https:\/\/roessler-mastering.com\/wp-content\/uploads\/analog-master.jpg 400w, https:\/\/roessler-mastering.com\/wp-content\/uploads\/analog-master-120x120.jpg 120w\" sizes=\"(max-width: 300px) 100vw, 300px\" \/><\/div><\/div><\/div><\/div>\n<style type=\"text\/css\" data-created_by=\"avia_inline_auto\" id=\"style-css-av-jizr88n9-6af23d8a1c72f0a4a02387fa31bf8eac\">\n#top .hr.hr-invisible.av-jizr88n9-6af23d8a1c72f0a4a02387fa31bf8eac{\nheight:40px;\n}\n<\/style>\n<div  class='hr av-jizr88n9-6af23d8a1c72f0a4a02387fa31bf8eac hr-invisible  avia-builder-el-15  el_after_av_one_third  el_before_av_textblock '><span class='hr-inner '><span class=\"hr-inner-style\"><\/span><\/span><\/div>\n<section  class='av_textblock_section av-wqi6xb-fc8bf8b278ac71a757c3ccdc5137c54a '   itemscope=\"itemscope\" itemtype=\"https:\/\/schema.org\/CreativeWork\" ><div class='avia_textblock'  itemprop=\"text\" ><h3 style=\"text-align: center;\">Unser Equipment:<\/h3>\n<\/div><\/section>\n\n<style type=\"text\/css\" data-created_by=\"avia_inline_auto\" id=\"style-css-av-kxvmkf-cad305b30e70adb2596afb564d98923d\">\n.flex_column.av-kxvmkf-cad305b30e70adb2596afb564d98923d{\nborder-radius:0px 0px 0px 0px;\npadding:0px 0px 0px 0px;\n}\n<\/style>\n<div  class='flex_column av-kxvmkf-cad305b30e70adb2596afb564d98923d av_one_third  avia-builder-el-17  el_after_av_textblock  el_before_av_one_third  first flex_column_div av-zero-column-padding  column-top-margin'     ><section  class='av_textblock_section av-j12zm7-05433eab2346ddcbcea6323f56ab43fe '   itemscope=\"itemscope\" itemtype=\"https:\/\/schema.org\/CreativeWork\" ><div class='avia_textblock'  itemprop=\"text\" ><p><strong>Workstation:<\/strong><\/p>\n<ul>\n<li>Apple Mac Pro Intel Quadcore<\/li>\n<li>2 Samsung TFT Monitore<\/li>\n<li>Avid MC Control &#038; MC Mix<\/li>\n<li>Sterling Modular Plan A\u00a0Konsole<\/li>\n<\/ul>\n<\/div><\/section><\/div>\n<style type=\"text\/css\" data-created_by=\"avia_inline_auto\" id=\"style-css-av-hf485r-c1b72705e56e38f33eecaa904fdaf6f4\">\n.flex_column.av-hf485r-c1b72705e56e38f33eecaa904fdaf6f4{\nborder-radius:0px 0px 0px 0px;\npadding:0px 0px 0px 0px;\n}\n<\/style>\n<div  class='flex_column av-hf485r-c1b72705e56e38f33eecaa904fdaf6f4 av_one_third  avia-builder-el-19  el_after_av_one_third  el_before_av_one_third  flex_column_div av-zero-column-padding  column-top-margin'     ><section  class='av_textblock_section av-fn321r-8cbcb4744a9d9ded1e28236d3f3e1e1f '   itemscope=\"itemscope\" itemtype=\"https:\/\/schema.org\/CreativeWork\" ><div class='avia_textblock'  itemprop=\"text\" ><p><strong>Interface &#038; Konverter:<\/strong><\/p>\n<ul>\n<li>Avid HD 2 System<\/li>\n<li>Avid 192 IO<\/li>\n<li>UAD Apollo 16 Mk2<\/li>\n<li>Dangerous 2 Bus<\/li>\n<\/ul>\n<\/div><\/section><\/div>\n<style type=\"text\/css\" data-created_by=\"avia_inline_auto\" id=\"style-css-av-dq0rvj-795cdffb49ec4a908df059e5f89e8cfb\">\n.flex_column.av-dq0rvj-795cdffb49ec4a908df059e5f89e8cfb{\nborder-radius:0px 0px 0px 0px;\npadding:0px 0px 0px 0px;\n}\n<\/style>\n<div  class='flex_column av-dq0rvj-795cdffb49ec4a908df059e5f89e8cfb av_one_third  avia-builder-el-21  el_after_av_one_third  el_before_av_one_third  flex_column_div av-zero-column-padding  column-top-margin'     ><section  class='av_textblock_section av-cwv6dr-d8b4afff7b5e7046fc96b684fb6d44b7 '   itemscope=\"itemscope\" itemtype=\"https:\/\/schema.org\/CreativeWork\" ><div class='avia_textblock'  itemprop=\"text\" ><p><strong>DAW&#8217;s:<\/strong><\/p>\n<ul>\n<li>Avid Pro Tools HD 12<\/li>\n<li>Logic Pro<\/li>\n<li>Sonic Soundblade HD<\/li>\n<li>Sonnox Codec Toolbox<\/li>\n<\/ul>\n<\/div><\/section><\/div>\n<style type=\"text\/css\" data-created_by=\"avia_inline_auto\" id=\"style-css-av-159h6n-b30a0b81c727781e76750d11b3d869a2\">\n.flex_column.av-159h6n-b30a0b81c727781e76750d11b3d869a2{\nborder-radius:0px 0px 0px 0px;\npadding:0px 0px 0px 0px;\n}\n<\/style>\n<div  class='flex_column av-159h6n-b30a0b81c727781e76750d11b3d869a2 av_one_third  avia-builder-el-23  el_after_av_one_third  el_before_av_one_third  first flex_column_div av-zero-column-padding  column-top-margin'     ><section  class='av_textblock_section av-9d29nz-68bbc98c8822682a6678f15d81f62638 '   itemscope=\"itemscope\" itemtype=\"https:\/\/schema.org\/CreativeWork\" ><div class='avia_textblock'  itemprop=\"text\" ><p><strong>Processing:<\/strong><\/p>\n<ul>\n<li>SSL Bus Kompressor<\/li>\n<li>Manley Massive Passive<\/li>\n<li>API 2500<\/li>\n<li>Modifizierter Analog\u00a0Kompressor<\/li>\n<\/ul>\n<\/div><\/section><\/div>\n<style type=\"text\/css\" data-created_by=\"avia_inline_auto\" id=\"style-css-av-76z9of-4568852dada71c02e89dfea450837b14\">\n.flex_column.av-76z9of-4568852dada71c02e89dfea450837b14{\nborder-radius:0px 0px 0px 0px;\npadding:0px 0px 0px 0px;\n}\n<\/style>\n<div  class='flex_column av-76z9of-4568852dada71c02e89dfea450837b14 av_one_third  avia-builder-el-25  el_after_av_one_third  el_before_av_one_third  flex_column_div av-zero-column-padding  column-top-margin'     ><section  class='av_textblock_section av-5vjg73-edf6b8040f5aa6985b1097f46690b7a1 '   itemscope=\"itemscope\" itemtype=\"https:\/\/schema.org\/CreativeWork\" ><div class='avia_textblock'  itemprop=\"text\" ><p><strong>Plugins:<\/strong><\/p>\n<ul>\n<li>Waves Diamond Bundle<\/li>\n<li>UAD Compressors &#038; Eq&#8217;s<\/li>\n<li>URS Compressor &#038; Eq Bundle<\/li>\n<li>Verschiedenste andere Plugins<\/li>\n<\/ul>\n<\/div><\/section><\/div>\n<style type=\"text\/css\" data-created_by=\"avia_inline_auto\" id=\"style-css-av-4u0a7z-45019f0e75d32278eba6e6a6f0e76f0c\">\n.flex_column.av-4u0a7z-45019f0e75d32278eba6e6a6f0e76f0c{\nborder-radius:0px 0px 0px 0px;\npadding:0px 0px 0px 0px;\n}\n<\/style>\n<div  class='flex_column av-4u0a7z-45019f0e75d32278eba6e6a6f0e76f0c av_one_third  avia-builder-el-27  el_after_av_one_third  avia-builder-el-last  flex_column_div av-zero-column-padding  column-top-margin'     ><section  class='av_textblock_section av-28ty1r-15b0b63759b3e56ef7a553bd4dbc78f9 '   itemscope=\"itemscope\" itemtype=\"https:\/\/schema.org\/CreativeWork\" ><div class='avia_textblock'  itemprop=\"text\" ><p><strong>Monitore:<\/strong><\/p>\n<ul>\n<li>Event Opal Ref Monitore<\/li>\n<li>Adam A7<\/li>\n<li>Adam Sub 8<\/li>\n<li>Beyerdynamic DT 770 Pro<\/li>\n<\/ul>\n<\/div><\/section><\/div>\n","protected":false},"excerpt":{"rendered":"","protected":false},"author":11,"featured_media":0,"parent":0,"menu_order":0,"comment_status":"closed","ping_status":"closed","template":"","meta":{"footnotes":""},"class_list":["post-6431","page","type-page","status-publish","hentry"],"_links":{"self":[{"href":"https:\/\/roessler-mastering.com\/de\/wp-json\/wp\/v2\/pages\/6431","targetHints":{"allow":["GET"]}}],"collection":[{"href":"https:\/\/roessler-mastering.com\/de\/wp-json\/wp\/v2\/pages"}],"about":[{"href":"https:\/\/roessler-mastering.com\/de\/wp-json\/wp\/v2\/types\/page"}],"author":[{"embeddable":true,"href":"https:\/\/roessler-mastering.com\/de\/wp-json\/wp\/v2\/users\/11"}],"replies":[{"embeddable":true,"href":"https:\/\/roessler-mastering.com\/de\/wp-json\/wp\/v2\/comments?post=6431"}],"version-history":[{"count":0,"href":"https:\/\/roessler-mastering.com\/de\/wp-json\/wp\/v2\/pages\/6431\/revisions"}],"wp:attachment":[{"href":"https:\/\/roessler-mastering.com\/de\/wp-json\/wp\/v2\/media?parent=6431"}],"curies":[{"name":"wp","href":"https:\/\/api.w.org\/{rel}","templated":true}]}}