{"id":6425,"date":"2016-10-18T15:44:45","date_gmt":"2016-10-18T13:44:45","guid":{"rendered":"http:\/\/roessler-mastering.com\/de\/?page_id=6425"},"modified":"2020-03-22T12:13:13","modified_gmt":"2020-03-22T11:13:13","slug":"mastering-engineer","status":"publish","type":"page","link":"https:\/\/roessler-mastering.com\/de\/mastering-engineer\/","title":{"rendered":"Mastering Engineer"},"content":{"rendered":"<div id='av_section_1'  class='avia-section av-j2kcwp-fd01f6671db466311cb97bfbf129030b alternate_color avia-section-default avia-no-border-styling  avia-builder-el-0  el_before_av_section  avia-builder-el-first  avia-bg-style-scroll container_wrap fullsize'  ><div class='container av-section-cont-open' ><main  role=\"main\" itemprop=\"mainContentOfPage\"  class='template-page content  av-content-full alpha units'><div class='post-entry post-entry-type-page post-entry-6425'><div class='entry-content-wrapper clearfix'>\n\n<style type=\"text\/css\" data-created_by=\"avia_inline_auto\" id=\"style-css-av-jgqscvlx-2f5272f76f3e5ddd53cac46075e2f4cc\">\n#top .av_textblock_section.av-jgqscvlx-2f5272f76f3e5ddd53cac46075e2f4cc .avia_textblock{\ncolor:#ffffff;\n}\n<\/style>\n<section  class='av_textblock_section av-jgqscvlx-2f5272f76f3e5ddd53cac46075e2f4cc '   itemscope=\"itemscope\" itemtype=\"https:\/\/schema.org\/CreativeWork\" ><div class='avia_textblock av_inherit_color'  itemprop=\"text\" ><h1>Mastering &#038; Mixing Engineer &#038; Werdegang:<\/h1>\n<p>Manuel Roessler ist ein international anerkannter <em>Mixing Engineer<\/em>. Zu seinen\u00a0Referenzen geh\u00f6ren\u00a0unter anderem K\u00fcnstler wie: Pete Rock, Talib Kweli,\u00a0Oh No, Hi Tek, Kut Masta Kurt, Reek Da Villian, Camp Lo, Guilty Simpson, A.G, Skyzoo und viele mehr.\u00a0Er wurde bereits f\u00fcr mehrere &#8222;Album of the year&#8220; Awards in Europa und den USA nominiert.<\/p>\n<\/div><\/section>\n\n<\/div><\/div><\/main><!-- close content main element --><\/div><\/div><div id='av_section_2'  class='avia-section av-grn3rt-e2c4c4a8235eca4dcb7f5cfbd189d49a main_color avia-section-default avia-no-shadow  avia-builder-el-2  el_after_av_section  el_before_av_section  avia-bg-style-scroll container_wrap fullsize'  ><div class='container av-section-cont-open' ><div class='template-page content  av-content-full alpha units'><div class='post-entry post-entry-type-page post-entry-6425'><div class='entry-content-wrapper clearfix'>\n\n<style type=\"text\/css\" data-created_by=\"avia_inline_auto\" id=\"style-css-av-f96ss9-e67a29d327726557d86fe3783585432c\">\n.flex_column.av-f96ss9-e67a29d327726557d86fe3783585432c{\nborder-radius:0px 0px 0px 0px;\npadding:0px 0px 0px 0px;\n}\n<\/style>\n<div  class='flex_column av-f96ss9-e67a29d327726557d86fe3783585432c av_one_half  avia-builder-el-3  el_before_av_one_half  avia-builder-el-first  first flex_column_div av-zero-column-padding  '     ><section  class='av_textblock_section av-1h1uyh-6f3e034400605e12c0ae2b7c6e28c499 '   itemscope=\"itemscope\" itemtype=\"https:\/\/schema.org\/CreativeWork\" ><div class='avia_textblock'  itemprop=\"text\" ><p>Von Manuel gemasterte Songs wurden in den US Serien &#8222;Longmire&#8220;, &#8222;The Muppet Show&#8220; und dem Hollywood-Film &#8222;When the Bough Breaks&#8220; verwendet.<\/p>\n<p>Mark Kelly&#8217;s Album &#8222;I Am Who I Am&#8220; gewann au\u00dferdem den renommierten Swiss Musik Award.\u00a0Eine komplette Liste seiner Credits bzw. eine Diskographie kann unter der Kategorie &#8222;Referenzen&#8220; oder auf Discogs eingesehen werden.<\/p>\n<p>Nach seinem Audio Engineering Studium in M\u00fcnchen gr\u00fcndete er 2005 sein eigenes Studio in der N\u00e4he von N\u00fcrnberg (Bayern).<\/p>\n<p>Manuel hat sich unter anderem auf <a href=\"https:\/\/roessler-mastering.com\/de\/audio-mastering\/remastered\/\">Audio Remastering<\/a>, Stereo und <a href=\"https:\/\/roessler-mastering.com\/de\/audio-mastering\/stem-mastering\/\">Stem Mastering\u00a0<\/a>sowie auf analog Hybrid Mixing spezialisiert. Dank der Nutzung von analog Equipment k\u00f6nnen wir Ihren Songs gen\u00fcgend W\u00e4rme und Punch verleihen.<\/p>\n<p>Au\u00dferdem besteht die M\u00f6glichkeit sich in Studios mit SSL oder Neve Konsolen f\u00fcr unsere <a href=\"https:\/\/roessler-mastering.com\/de\/online-mixing\/\">Online Mixing Services<\/a> ein zu buchen. Dabei kann der Kunde auf Wunsch an der Session teilnehmen. Wir bevorzugen daf\u00fcr Studios in London.<\/p>\n<\/div><\/section><\/div>\n<style type=\"text\/css\" data-created_by=\"avia_inline_auto\" id=\"style-css-av-bra9hl-816416c900c0d9d06ac935c1deaac393\">\n.flex_column.av-bra9hl-816416c900c0d9d06ac935c1deaac393{\nborder-radius:0px 0px 0px 0px;\npadding:0px 0px 0px 0px;\n}\n<\/style>\n<div  class='flex_column av-bra9hl-816416c900c0d9d06ac935c1deaac393 av_one_half  avia-builder-el-5  el_after_av_one_half  avia-builder-el-last  flex_column_div av-zero-column-padding  '     ><style type=\"text\/css\" data-created_by=\"avia_inline_auto\" id=\"style-css-av-ay7gax-e01ae9e57e863f711bb1e936d3c73de5\">\n.avia-image-container.av-ay7gax-e01ae9e57e863f711bb1e936d3c73de5 img.avia_image{\nbox-shadow:none;\n}\n.avia-image-container.av-ay7gax-e01ae9e57e863f711bb1e936d3c73de5 .av-image-caption-overlay-center{\ncolor:#ffffff;\n}\n<\/style>\n<div  class='avia-image-container av-ay7gax-e01ae9e57e863f711bb1e936d3c73de5 av-styling-circle avia-align-center  avia-builder-el-6  avia-builder-el-no-sibling '   itemprop=\"image\" itemscope=\"itemscope\" itemtype=\"https:\/\/schema.org\/ImageObject\" ><div class=\"avia-image-container-inner\"><div class=\"avia-image-overlay-wrap\"><img decoding=\"async\" fetchpriority=\"high\" class='wp-image-10239 avia-img-lazy-loading-not-10239 avia_image ' src=\"https:\/\/roessler-mastering.com\/wp-content\/uploads\/audio-engineer-1.jpg\" alt='mastering engineer m roessler' title='mastering engineer'  height=\"400\" width=\"400\"  itemprop=\"thumbnailUrl\" srcset=\"https:\/\/roessler-mastering.com\/wp-content\/uploads\/audio-engineer-1.jpg 400w, https:\/\/roessler-mastering.com\/wp-content\/uploads\/audio-engineer-1-80x80.jpg 80w, https:\/\/roessler-mastering.com\/wp-content\/uploads\/audio-engineer-1-300x300.jpg 300w, https:\/\/roessler-mastering.com\/wp-content\/uploads\/audio-engineer-1-36x36.jpg 36w, https:\/\/roessler-mastering.com\/wp-content\/uploads\/audio-engineer-1-180x180.jpg 180w, https:\/\/roessler-mastering.com\/wp-content\/uploads\/audio-engineer-1-120x120.jpg 120w\" sizes=\"(max-width: 400px) 100vw, 400px\" \/><\/div><\/div><\/div><\/div><\/div><\/div><\/div><!-- close content main div --><\/div><\/div>\n<style type=\"text\/css\" data-created_by=\"avia_inline_auto\" id=\"style-css-av-9hfl8p-f44f2dc8d7567d8279d7ddfb02c6ac73\">\n.avia-section.av-9hfl8p-f44f2dc8d7567d8279d7ddfb02c6ac73{\nbackground-color:#ffffff;\nbackground-image:unset;\n}\n.avia-section.av-9hfl8p-f44f2dc8d7567d8279d7ddfb02c6ac73 .av-extra-border-element .av-extra-border-inner{\nbackground-color:#ffffff;\n}\n<\/style>\n<div id='av_section_3'  class='avia-section av-9hfl8p-f44f2dc8d7567d8279d7ddfb02c6ac73 main_color avia-section-default avia-shadow  avia-builder-el-7  el_after_av_section  avia-builder-el-last  avia-bg-style-scroll av-arrow-down-section container_wrap fullsize'  ><div class='container av-section-cont-open' ><div class='template-page content  av-content-full alpha units'><div class='post-entry post-entry-type-page post-entry-6425'><div class='entry-content-wrapper clearfix'>\n\n<style type=\"text\/css\" data-created_by=\"avia_inline_auto\" id=\"style-css-av-7bygah-1be7589ebeecff200eacc2a5bca9093d\">\n.flex_column.av-7bygah-1be7589ebeecff200eacc2a5bca9093d{\nborder-radius:0px 0px 0px 0px;\npadding:0px 0px 0px 0px;\n}\n<\/style>\n<div  class='flex_column av-7bygah-1be7589ebeecff200eacc2a5bca9093d av_one_half  avia-builder-el-8  el_before_av_one_half  avia-builder-el-first  first flex_column_div av-zero-column-padding  '     ><section  class='av_textblock_section av-6m23h5-4d23100f47075932f1ce969bbfde5334 '   itemscope=\"itemscope\" itemtype=\"https:\/\/schema.org\/CreativeWork\" ><div class='avia_textblock'  itemprop=\"text\" ><h2>Was ist ein Mastering &#038; Mixing Engineer?<\/h2>\n<p>Ein Mastering\u00a0Engineer bereitet Alben f\u00fcr die Vervielf\u00e4ltigung und den Digitalen Vertrieb vor. Eine seiner\u00a0Aufgaben ist es Mixfehler zu beheben und die finale\u00a0Lautst\u00e4rke fest zu legen. Er verbessert die Audioqualit\u00e4t der Mixe damit sie auf einer Vielzahl von Ger\u00e4ten, Formaten und Online Plattformen spielbar sind. Zum Beispiel ist es extrem wichtig f\u00fcr die CD- und Vinyl- Vervielf\u00e4ltigung spezielle Regeln ein zu halten um eine fehlerlose Pressung zu gew\u00e4hrleisten.<\/p>\n<p>Sie sind immer das letzte Glied in der Bearbeitungskette vor der Fertigstellung einer Produktion. Als erstes werden die Songs im Studio aufgenommen, dann von einem <strong>Mixing Engineer<\/strong> abgemischt und hinterher im Studio gemastert. Der Prozess sollte immer Hand in Hand gehen, beginnend mit dem Recording, bis hin zu Mix und Master Engineer.<\/p>\n<\/div><\/section><\/div>\n<style type=\"text\/css\" data-created_by=\"avia_inline_auto\" id=\"style-css-av-4d2prt-c3e45b3b3ae8e102c33c37eaee8fb977\">\n.flex_column.av-4d2prt-c3e45b3b3ae8e102c33c37eaee8fb977{\nborder-radius:0px 0px 0px 0px;\npadding:0px 0px 0px 0px;\n}\n<\/style>\n<div  class='flex_column av-4d2prt-c3e45b3b3ae8e102c33c37eaee8fb977 av_one_half  avia-builder-el-10  el_after_av_one_half  avia-builder-el-last  flex_column_div av-zero-column-padding  '     ><section  class='av_textblock_section av-32rmc9-0df1736e172e84b272d9cdb7951d6196 '   itemscope=\"itemscope\" itemtype=\"https:\/\/schema.org\/CreativeWork\" ><div class='avia_textblock'  itemprop=\"text\" ><h3>Was macht einen Mastering Engineer aus?<\/h3>\n<p>Als Erstes braucht man viele Jahre Praxis im Beruf. Ohne langj\u00e4hrige Erfahrung als Audio Engineer, Auge f\u00fcr Details, einem guten Geh\u00f6r und einem Gef\u00fchl f\u00fcr Musik wird man Schwierigkeiten haben ein guter Engineer zu werden. Da es kein richtiges <em>Mastering Engineer<\/em> Studium gibt, kann man manche Dinge einfach nur durch \u00dcbung und eigene Erfahrungen lernen.<\/p>\n<p>Als letzter Punkt ist auch\u00a0das Equipment wichtig. Egal ob man recordet, mixt oder master, man sollte sein Equipment immer sorgf\u00e4ltig ausw\u00e4hlen. Man nutzt haupts\u00e4chlich High End- \u00a0Eq&#8217;s, Kompressoren und Limiter. Diese haben gerasterte Potis um eine 100 Prozent genaue Reproduzierbarkeit bei Revisionen zu gew\u00e4hrleisten. Kontaktieren Sie uns per Email f\u00fcr weitere Fragen oder um Ihr Projekt zu planen.<\/p>\n<\/div><\/section><\/div>\n<\/p>\n","protected":false},"excerpt":{"rendered":"","protected":false},"author":11,"featured_media":0,"parent":0,"menu_order":0,"comment_status":"closed","ping_status":"closed","template":"","meta":{"footnotes":""},"class_list":["post-6425","page","type-page","status-publish","hentry"],"_links":{"self":[{"href":"https:\/\/roessler-mastering.com\/de\/wp-json\/wp\/v2\/pages\/6425","targetHints":{"allow":["GET"]}}],"collection":[{"href":"https:\/\/roessler-mastering.com\/de\/wp-json\/wp\/v2\/pages"}],"about":[{"href":"https:\/\/roessler-mastering.com\/de\/wp-json\/wp\/v2\/types\/page"}],"author":[{"embeddable":true,"href":"https:\/\/roessler-mastering.com\/de\/wp-json\/wp\/v2\/users\/11"}],"replies":[{"embeddable":true,"href":"https:\/\/roessler-mastering.com\/de\/wp-json\/wp\/v2\/comments?post=6425"}],"version-history":[{"count":0,"href":"https:\/\/roessler-mastering.com\/de\/wp-json\/wp\/v2\/pages\/6425\/revisions"}],"wp:attachment":[{"href":"https:\/\/roessler-mastering.com\/de\/wp-json\/wp\/v2\/media?parent=6425"}],"curies":[{"name":"wp","href":"https:\/\/api.w.org\/{rel}","templated":true}]}}