{"id":6370,"date":"2016-10-18T12:05:42","date_gmt":"2016-10-18T10:05:42","guid":{"rendered":"http:\/\/roessler-mastering.com\/de\/?page_id=6370"},"modified":"2020-03-22T12:12:11","modified_gmt":"2020-03-22T11:12:11","slug":"kontakt","status":"publish","type":"page","link":"https:\/\/roessler-mastering.com\/de\/kontakt\/","title":{"rendered":"Kontakt"},"content":{"rendered":"\n<style type=\"text\/css\" data-created_by=\"avia_inline_auto\" id=\"style-css-av-jje7kily-b1ef102868e9f487516a358bacfbd1e8\">\n.avia-section.av-jje7kily-b1ef102868e9f487516a358bacfbd1e8{\nbackground-color:#109bc5;\nbackground-image:unset;\n}\n<\/style>\n<div id='av_section_1'  class='avia-section av-jje7kily-b1ef102868e9f487516a358bacfbd1e8 main_color avia-section-default avia-no-border-styling  avia-builder-el-0  el_before_av_layout_row  avia-builder-el-first  avia-bg-style-scroll container_wrap fullsize'  ><div class='container av-section-cont-open' ><main  role=\"main\" itemprop=\"mainContentOfPage\"  class='template-page content  av-content-full alpha units'><div class='post-entry post-entry-type-page post-entry-6370'><div class='entry-content-wrapper clearfix'>\n\n<style type=\"text\/css\" data-created_by=\"avia_inline_auto\" id=\"style-css-av-qb1ab6-c45067b639be83beb1f6a6c605da80d5\">\n#top .av_textblock_section.av-qb1ab6-c45067b639be83beb1f6a6c605da80d5 .avia_textblock{\ncolor:#ffffff;\n}\n<\/style>\n<section  class='av_textblock_section av-qb1ab6-c45067b639be83beb1f6a6c605da80d5 '   itemscope=\"itemscope\" itemtype=\"https:\/\/schema.org\/CreativeWork\" ><div class='avia_textblock av_inherit_color'  itemprop=\"text\" ><h1>Kontakt &#8211; Senden Sie uns eine Nachricht:<\/h1>\n<p>Wir stehen Ihnen gerne f\u00fcr Fragen und Angebote zur Verf\u00fcgung!\u00a0Falls gew\u00fcnscht k\u00f6nnen Sie uns auch telefonisch sowie auf Skype erreichen.<\/p>\n<\/div><\/section>\n\n<\/div><\/div><\/main><!-- close content main element --><\/div><\/div><div id='av-layout-grid-1'  class='av-layout-grid-container av-t1gvr6-dbf8395669b7df520c69044bd9cf8ed9 entry-content-wrapper main_color av-flex-cells  avia-builder-el-2  el_after_av_section  el_before_av_layout_row  grid-row-not-first  container_wrap fullsize'  >\n\n<style type=\"text\/css\" data-created_by=\"avia_inline_auto\" id=\"style-css-av-r0un3m-973e8cba3747c0fe90c114be4449f0ce\">\n.flex_cell.av-r0un3m-973e8cba3747c0fe90c114be4449f0ce{\nvertical-align:top;\n}\n.responsive #top #wrap_all .flex_cell.av-r0un3m-973e8cba3747c0fe90c114be4449f0ce{\npadding:30px 30px 30px 30px !important;\n}\n<\/style>\n<div class='flex_cell av-r0un3m-973e8cba3747c0fe90c114be4449f0ce av-gridrow-cell av_three_fifth no_margin  avia-builder-el-3  el_before_av_cell_two_fifth  avia-builder-el-first  content-align-top'  ><div class='flex_cell_inner'><p><section  class='av_textblock_section av-2cmh4i-be836aafefc7a75d6c3e7f63117fc61b '   itemscope=\"itemscope\" itemtype=\"https:\/\/schema.org\/CreativeWork\" ><div class='avia_textblock'  itemprop=\"text\" ><p>Schreiben Sie uns einfach eine Nachricht per Email.<\/p>\n<p>Teilen Sie uns bitte so viele Einzelheiten wie m\u00f6glich \u00fcber Ihr Projekt mit.\u00a0Wir melden uns bei Ihnen innerhalb eines Werktages und planen die weiteren Schritte in Detail.<\/p>\n<\/div><\/section><br \/>\n\n<style type=\"text\/css\" data-created_by=\"avia_inline_auto\" id=\"style-css-av-2ac65u-2458f316ebbdc51f6b6c244e1982b7ff\">\n#top .hr.hr-invisible.av-2ac65u-2458f316ebbdc51f6b6c244e1982b7ff{\nheight:20px;\n}\n<\/style>\n<div  class='hr av-2ac65u-2458f316ebbdc51f6b6c244e1982b7ff hr-invisible  avia-builder-el-5  el_after_av_textblock  el_before_av_textblock '><span class='hr-inner '><span class=\"hr-inner-style\"><\/span><\/span><\/div><br \/>\n<section  class='av_textblock_section av-l8b51e-9a6ab53f97cb60154c982001e1eec015 '   itemscope=\"itemscope\" itemtype=\"https:\/\/schema.org\/CreativeWork\" ><div class='avia_textblock'  itemprop=\"text\" ><h2>Kontaktdetails:<\/h2>\n<\/div><\/section><br \/>\n\n<style type=\"text\/css\" data-created_by=\"avia_inline_auto\" id=\"style-css-av-1wpk4i-d513b563dc2c58a16e6e928163ee30dc\">\n#top .hr.hr-invisible.av-1wpk4i-d513b563dc2c58a16e6e928163ee30dc{\nheight:15px;\n}\n<\/style>\n<div  class='hr av-1wpk4i-d513b563dc2c58a16e6e928163ee30dc hr-invisible  avia-builder-el-7  el_after_av_textblock  el_before_av_textblock '><span class='hr-inner '><span class=\"hr-inner-style\"><\/span><\/span><\/div><br \/>\n<section  class='av_textblock_section av-hyfqoy-cfccc2d65ad15b97dd59276be93a8881 '   itemscope=\"itemscope\" itemtype=\"https:\/\/schema.org\/CreativeWork\" ><div class='avia_textblock'  itemprop=\"text\" ><p><strong>Manuel Roessler<\/strong> (Mixing \/ Mastering Engineer &#038; Booking)<\/p>\n<p>Email: <strong>info@roessler-mastering.com<\/strong><\/p>\n<p>Skype: Bitte senden Sie uns eine Email und wir arrangieren eine Skype- Konferenz.<\/p>\n<\/div><\/section><br \/>\n\n<style type=\"text\/css\" data-created_by=\"avia_inline_auto\" id=\"style-css-av-1wpk4i-04b4de7b8ea34219077c2d62e7d8ec78\">\n#top .hr.hr-invisible.av-1wpk4i-04b4de7b8ea34219077c2d62e7d8ec78{\nheight:30px;\n}\n<\/style>\n<div  class='hr av-1wpk4i-04b4de7b8ea34219077c2d62e7d8ec78 hr-invisible  avia-builder-el-9  el_after_av_textblock  el_before_av_textblock '><span class='hr-inner '><span class=\"hr-inner-style\"><\/span><\/span><\/div><br \/>\n<section  class='av_textblock_section av-jje8lhvs-7ef42da08897391e0e02f999d7195cab '   itemscope=\"itemscope\" itemtype=\"https:\/\/schema.org\/CreativeWork\" ><div class='avia_textblock'  itemprop=\"text\" ><h3>FAQ:<\/h3>\n<\/div><\/section><br \/>\n<div  class='togglecontainer av-jje8fxyf-1f350b9cbd6477280b93139f467ece42  avia-builder-el-11  el_after_av_textblock  avia-builder-el-last  toggle_close_all' >\n<section class='av_toggle_section av-9jkj9e-2d321c71004db3b486486ebea4dd127d'  itemscope=\"itemscope\" itemtype=\"https:\/\/schema.org\/CreativeWork\" ><div role=\"tablist\" class=\"single_toggle\" data-tags=\"{Alle} \"  ><p id='toggle-toggle-id-1' data-fake-id='#toggle-id-1' class='toggler  av-title-above '  itemprop=\"headline\"  role='tab' tabindex='0' aria-controls='toggle-id-1' data-slide-speed=\"200\" data-title=\"Wie kann ich einen Song f\u00fcr ein Test Master senden?\" data-title-open=\"\" data-aria_collapsed=\"Click to expand: Wie kann ich einen Song f\u00fcr ein Test Master senden?\" data-aria_expanded=\"Click to collapse: Wie kann ich einen Song f\u00fcr ein Test Master senden?\">Wie kann ich einen Song f\u00fcr ein Test Master senden?<span class=\"toggle_icon\"><span class=\"vert_icon\"><\/span><span class=\"hor_icon\"><\/span><\/span><\/p><div id='toggle-id-1' aria-labelledby='toggle-toggle-id-1' role='region' class='toggle_wrap  av-title-above'  ><div class='toggle_content invers-color '  itemprop=\"text\" ><p>Laden Sie Ihren Song bei Wetransfer oder Dropbox hoch. Senden Sie uns nun eine Email (an die oben genannte Email Adresse) die den Download Link enth\u00e4lt. Wir bieten jedem Neukunden ein Einmin\u00fctiges Test Master. G\u00fcltig f\u00fcr Projekte ab 3 Songs (EP&#8217;s und Alben). Bitte teilen Sie uns so viele Informationen wie m\u00f6glich \u00fcber Ihr Projekt mit. Zum Beispiel das Genre, die Song Anzahl, die Art des Releases usw.<\/p>\n<\/div><\/div><\/div><\/section>\n<section class='av_toggle_section av-asic02-ada5d8e32044d132232dd55cfab1b367'  itemscope=\"itemscope\" itemtype=\"https:\/\/schema.org\/CreativeWork\" ><div role=\"tablist\" class=\"single_toggle\" data-tags=\"{Alle} \"  ><p id='toggle-toggle-id-2' data-fake-id='#toggle-id-2' class='toggler  av-title-above '  itemprop=\"headline\"  role='tab' tabindex='0' aria-controls='toggle-id-2' data-slide-speed=\"200\" data-title=\"Wie lange dauert das Mixing oder Mastering?\" data-title-open=\"\" data-aria_collapsed=\"Click to expand: Wie lange dauert das Mixing oder Mastering?\" data-aria_expanded=\"Click to collapse: Wie lange dauert das Mixing oder Mastering?\">Wie lange dauert das Mixing oder Mastering?<span class=\"toggle_icon\"><span class=\"vert_icon\"><\/span><span class=\"hor_icon\"><\/span><\/span><\/p><div id='toggle-id-2' aria-labelledby='toggle-toggle-id-2' role='region' class='toggle_wrap  av-title-above'  ><div class='toggle_content invers-color '  itemprop=\"text\" ><p>F\u00fcr das Mixing eines Songs ben\u00f6tigen wir 2-3 Werktage (je nach Spurenanzahl). F\u00fcr das Mastering eines Albums ben\u00f6tigen wir 3 Werktage. Stem Mastering oder zus\u00e4tzliche Vinyl Versionen k\u00f6nnen etwas mehr Zeit in Anspruch nehmen. Bitte kontaktieren Sie uns f\u00fcr Express Sessions oder k\u00fcrzeren Deadlines.<\/p>\n<\/div><\/div><\/div><\/section>\n<section class='av_toggle_section av-6uqt5e-b081fa9c4c5959610e2cde360aaa1690'  itemscope=\"itemscope\" itemtype=\"https:\/\/schema.org\/CreativeWork\" ><div role=\"tablist\" class=\"single_toggle\" data-tags=\"{Alle} \"  ><p id='toggle-toggle-id-3' data-fake-id='#toggle-id-3' class='toggler  av-title-above '  itemprop=\"headline\"  role='tab' tabindex='0' aria-controls='toggle-id-3' data-slide-speed=\"200\" data-title=\"Wie kann ich meine Files senden?\" data-title-open=\"\" data-aria_collapsed=\"Click to expand: Wie kann ich meine Files senden?\" data-aria_expanded=\"Click to collapse: Wie kann ich meine Files senden?\">Wie kann ich meine Files senden?<span class=\"toggle_icon\"><span class=\"vert_icon\"><\/span><span class=\"hor_icon\"><\/span><\/span><\/p><div id='toggle-id-3' aria-labelledby='toggle-toggle-id-3' role='region' class='toggle_wrap  av-title-above'  ><div class='toggle_content invers-color '  itemprop=\"text\" ><p>Sie k\u00f6nnen Ihre Files ganz einfach per Wetransfer oder Dropbox an uns senden. Laden Sie hierf\u00fcr Ihre Files bei den genannten File Transfer Services hoch. Senden Sie uns nun eine Email die den Download Link enth\u00e4lt.<\/p>\n<\/div><\/div><\/div><\/section>\n<section class='av_toggle_section av-62vq1e-31ac16991e22a2007070d1d8157bddeb'  itemscope=\"itemscope\" itemtype=\"https:\/\/schema.org\/CreativeWork\" ><div role=\"tablist\" class=\"single_toggle\" data-tags=\"{Alle} \"  ><p id='toggle-toggle-id-4' data-fake-id='#toggle-id-4' class='toggler  av-title-above '  itemprop=\"headline\"  role='tab' tabindex='0' aria-controls='toggle-id-4' data-slide-speed=\"200\" data-title=\"Welche File Formate werden akzeptiert?\" data-title-open=\"\" data-aria_collapsed=\"Click to expand: Welche File Formate werden akzeptiert?\" data-aria_expanded=\"Click to collapse: Welche File Formate werden akzeptiert?\">Welche File Formate werden akzeptiert?<span class=\"toggle_icon\"><span class=\"vert_icon\"><\/span><span class=\"hor_icon\"><\/span><\/span><\/p><div id='toggle-id-4' aria-labelledby='toggle-toggle-id-4' role='region' class='toggle_wrap  av-title-above'  ><div class='toggle_content invers-color '  itemprop=\"text\" ><p>Wir akzeptieren Aiff und Wav Files mit Sample Raten ab 16 Bit \/ 44.1 kHz und h\u00f6her. In speziellen F\u00e4llen, falls die Original Files verloren gegangen sind, akzeptieren wir auch MP3 Files.<\/p>\n<\/div><\/div><\/div><\/section>\n<section class='av_toggle_section av-3oa0du-c9362c62aac9243bbccc1278b02e6d7d'  itemscope=\"itemscope\" itemtype=\"https:\/\/schema.org\/CreativeWork\" ><div role=\"tablist\" class=\"single_toggle\" data-tags=\"{Alle} \"  ><p id='toggle-toggle-id-5' data-fake-id='#toggle-id-5' class='toggler  av-title-above '  itemprop=\"headline\"  role='tab' tabindex='0' aria-controls='toggle-id-5' data-slide-speed=\"200\" data-title=\"Wie kann ich bezahlen?\" data-title-open=\"\" data-aria_collapsed=\"Click to expand: Wie kann ich bezahlen?\" data-aria_expanded=\"Click to collapse: Wie kann ich bezahlen?\">Wie kann ich bezahlen?<span class=\"toggle_icon\"><span class=\"vert_icon\"><\/span><span class=\"hor_icon\"><\/span><\/span><\/p><div id='toggle-id-5' aria-labelledby='toggle-toggle-id-5' role='region' class='toggle_wrap  av-title-above'  ><div class='toggle_content invers-color '  itemprop=\"text\" ><p>Sie k\u00f6nnen Zahlungen an uns einfach via Paypal t\u00e4tigen. Wir akzeptieren auch Bank\u00fcberweisungen.<\/p>\n<\/div><\/div><\/div><\/section>\n<section class='av_toggle_section av-9tkoi-57a854976c982304bf061cfcf38d3ab6'  itemscope=\"itemscope\" itemtype=\"https:\/\/schema.org\/CreativeWork\" ><div role=\"tablist\" class=\"single_toggle\" data-tags=\"{Alle} \"  ><p id='toggle-toggle-id-6' data-fake-id='#toggle-id-6' class='toggler  av-title-above '  itemprop=\"headline\"  role='tab' tabindex='0' aria-controls='toggle-id-6' data-slide-speed=\"200\" data-title=\"Welche Informationen muss ich vor der Session bereitstellen?\" data-title-open=\"\" data-aria_collapsed=\"Click to expand: Welche Informationen muss ich vor der Session bereitstellen?\" data-aria_expanded=\"Click to collapse: Welche Informationen muss ich vor der Session bereitstellen?\">Welche Informationen muss ich vor der Session bereitstellen?<span class=\"toggle_icon\"><span class=\"vert_icon\"><\/span><span class=\"hor_icon\"><\/span><\/span><\/p><div id='toggle-id-6' aria-labelledby='toggle-toggle-id-6' role='region' class='toggle_wrap  av-title-above'  ><div class='toggle_content invers-color '  itemprop=\"text\" ><p>Bitte senden Sie wenn m\u00f6glich einen Referenz Song mit, sowie eine Tracklist (bei EP&#8217;s und Alben).<\/p>\n<\/div><\/div><\/div><\/section>\n<\/div><\/p>\n<\/div><\/div>\n<style type=\"text\/css\" data-created_by=\"avia_inline_auto\" id=\"style-css-av-ehni0i-a49a894ac55c475e372e79afde8c0682\">\n.flex_cell.av-ehni0i-a49a894ac55c475e372e79afde8c0682{\nvertical-align:top;\n}\n.responsive #top #wrap_all .flex_cell.av-ehni0i-a49a894ac55c475e372e79afde8c0682{\npadding:0px 0px 0px 0px !important;\n}\n<\/style>\n<div class='flex_cell av-ehni0i-a49a894ac55c475e372e79afde8c0682 av-gridrow-cell av_two_fifth no_margin  avia-builder-el-12  el_after_av_cell_three_fifth  avia-builder-el-last  content-align-top av-zero-padding'  ><div class='flex_cell_inner'>\n<\/div><\/div><\/div><div id='av-layout-grid-2'  class='av-layout-grid-container av-8xl7lu-fdf198c3c3db023186c9abad2675380d entry-content-wrapper alternate_color av-flex-cells  avia-builder-el-14  el_after_av_layout_row  avia-builder-el-last  grid-row-not-first  container_wrap fullsize'  >\n\n<style type=\"text\/css\" data-created_by=\"avia_inline_auto\" id=\"style-css-av-s3d8i-99bcf892de063c0842ce520e5c85b936\">\n.flex_cell.av-s3d8i-99bcf892de063c0842ce520e5c85b936{\nvertical-align:top;\n}\n.responsive #top #wrap_all .flex_cell.av-s3d8i-99bcf892de063c0842ce520e5c85b936{\npadding:30px 30px 30px 30px !important;\n}\n<\/style>\n<div class='flex_cell av-s3d8i-99bcf892de063c0842ce520e5c85b936 av-gridrow-cell av_one_fourth no_margin  avia-builder-el-15  el_before_av_cell_one_fourth  avia-builder-el-first  content-align-top'  ><div class='flex_cell_inner'>\n<style type=\"text\/css\" data-created_by=\"avia_inline_auto\" id=\"style-css-av-jgqsinsa-03e13fe351335772b18da9ceb36ee722\">\n#top #wrap_all .iconbox.av-jgqsinsa-03e13fe351335772b18da9ceb36ee722 .iconbox_content_title{\ncolor:#ffffff;\n}\n.iconbox.av-jgqsinsa-03e13fe351335772b18da9ceb36ee722 .iconbox_content_container{\ncolor:#ffffff;\n}\n<\/style>\n<article  class='iconbox iconbox_left av-jgqsinsa-03e13fe351335772b18da9ceb36ee722  avia-builder-el-16  avia-builder-el-no-sibling '  itemscope=\"itemscope\" itemtype=\"https:\/\/schema.org\/CreativeWork\" ><div class=\"iconbox_content\"><header class=\"entry-content-header\" aria-label=\"Icon: Anfragen.\"><div class='iconbox_icon heading-color avia-iconfont avia-font-entypo-fontello' data-av_icon='' data-av_iconfont='entypo-fontello'  ><\/div><h3 class='iconbox_content_title '  itemprop=\"headline\" >Anfragen.<\/h3><\/header><div class='iconbox_content_container av_inherit_color'  itemprop=\"text\" ><p>Kontaktieren Sie uns f\u00fcr alle Buchungen, Angebote und Fragen. Nutzen Sie unser Kontaktformular, senden Sie uns eine Email oder rufen Sie uns einfach an. Gerne beantworten wir all Ihre Fragen.\u00a0Bitte kontaktieren Sie uns rechtzeitig, damit wir alle Details zeitnah planen k\u00f6nnen.<\/p>\n<\/div><\/div><footer class=\"entry-footer\"><\/footer><\/article>\n<\/div><\/div>\n<style type=\"text\/css\" data-created_by=\"avia_inline_auto\" id=\"style-css-av-6er3ua-4d5192e6f1c6517637fba9a02cfd8165\">\n.flex_cell.av-6er3ua-4d5192e6f1c6517637fba9a02cfd8165{\nvertical-align:top;\n}\n.responsive #top #wrap_all .flex_cell.av-6er3ua-4d5192e6f1c6517637fba9a02cfd8165{\npadding:30px 30px 30px 30px !important;\n}\n<\/style>\n<div class='flex_cell av-6er3ua-4d5192e6f1c6517637fba9a02cfd8165 av-gridrow-cell av_one_fourth no_margin  avia-builder-el-17  el_after_av_cell_one_fourth  el_before_av_cell_one_fourth  content-align-top'  ><div class='flex_cell_inner'>\n<style type=\"text\/css\" data-created_by=\"avia_inline_auto\" id=\"style-css-av-jgqsj05l-a6c611e2a86d81b2b4c9278fbc09d079\">\n#top #wrap_all .iconbox.av-jgqsj05l-a6c611e2a86d81b2b4c9278fbc09d079 .iconbox_content_title{\ncolor:#ffffff;\n}\n.iconbox.av-jgqsj05l-a6c611e2a86d81b2b4c9278fbc09d079 .iconbox_content_container{\ncolor:#ffffff;\n}\n<\/style>\n<article  class='iconbox iconbox_left av-jgqsj05l-a6c611e2a86d81b2b4c9278fbc09d079  avia-builder-el-18  avia-builder-el-no-sibling '  itemscope=\"itemscope\" itemtype=\"https:\/\/schema.org\/CreativeWork\" ><div class=\"iconbox_content\"><header class=\"entry-content-header\" aria-label=\"Icon: Job Angebote.\"><div class='iconbox_icon heading-color avia-iconfont avia-font-entypo-fontello' data-av_icon='\ue80a' data-av_iconfont='entypo-fontello'  ><\/div><h3 class='iconbox_content_title '  itemprop=\"headline\" >Job Angebote.<\/h3><\/header><div class='iconbox_content_container av_inherit_color'  itemprop=\"text\" ><p>Im Moment haben wir leider keine offenen Assistenten-, Praktika, Runner oder andere Stellenangebote. Offene Stellen werden in der Zukunft hier oder auf einer weiteren Seite unserer Homepage\u00a0angeboten. Schauen Sie einfach regelm\u00e4\u00dfig vorbei um auf dem Laufenden zu bleiben.<\/p>\n<\/div><\/div><footer class=\"entry-footer\"><\/footer><\/article>\n<\/div><\/div>\n<style type=\"text\/css\" data-created_by=\"avia_inline_auto\" id=\"style-css-av-3m34vm-4800b9cc0f26ec03233b7ea26b64bc39\">\n.flex_cell.av-3m34vm-4800b9cc0f26ec03233b7ea26b64bc39{\nvertical-align:top;\n}\n.responsive #top #wrap_all .flex_cell.av-3m34vm-4800b9cc0f26ec03233b7ea26b64bc39{\npadding:30px 30px 30px 30px !important;\n}\n<\/style>\n<div class='flex_cell av-3m34vm-4800b9cc0f26ec03233b7ea26b64bc39 av-gridrow-cell av_one_fourth no_margin  avia-builder-el-19  el_after_av_cell_one_fourth  el_before_av_cell_one_fourth  content-align-top'  ><div class='flex_cell_inner'>\n<style type=\"text\/css\" data-created_by=\"avia_inline_auto\" id=\"style-css-av-jgqsjb6i-fa150af13cb71ca4fa0ff0d912512a2d\">\n#top #wrap_all .iconbox.av-jgqsjb6i-fa150af13cb71ca4fa0ff0d912512a2d .iconbox_content_title{\ncolor:#ffffff;\n}\n.iconbox.av-jgqsjb6i-fa150af13cb71ca4fa0ff0d912512a2d .iconbox_content_container{\ncolor:#ffffff;\n}\n<\/style>\n<article  class='iconbox iconbox_left av-jgqsjb6i-fa150af13cb71ca4fa0ff0d912512a2d  avia-builder-el-20  avia-builder-el-no-sibling '  itemscope=\"itemscope\" itemtype=\"https:\/\/schema.org\/CreativeWork\" ><div class=\"iconbox_content\"><header class=\"entry-content-header\" aria-label=\"Icon: Location.\"><div class='iconbox_icon heading-color avia-iconfont avia-font-entypo-fontello' data-av_icon='\ue843' data-av_iconfont='entypo-fontello'  ><\/div><h3 class='iconbox_content_title '  itemprop=\"headline\" >Location.<\/h3><\/header><div class='iconbox_content_container av_inherit_color'  itemprop=\"text\" ><p>Roessler Mastering Studio hat seinen\u00a0Sitz in Neunkirchen nahe der Stadt N\u00fcrnberg. Wir k\u00f6nnen entweder mit der Bahn oder dem Auto erreicht werden. Der Flughafen N\u00fcrnberg ist ungef\u00e4hr 30 Min. entfernt. Besuchte Sessions sind leider nicht m\u00f6glich, da wir nur Online arbeiten.<\/p>\n<\/div><\/div><footer class=\"entry-footer\"><\/footer><\/article>\n<\/div><\/div>\n<style type=\"text\/css\" data-created_by=\"avia_inline_auto\" id=\"style-css-av-2yw35e-2b8adf572bc9cf917f1c7ebd2cc86ce6\">\n.flex_cell.av-2yw35e-2b8adf572bc9cf917f1c7ebd2cc86ce6{\nvertical-align:top;\n}\n.responsive #top #wrap_all .flex_cell.av-2yw35e-2b8adf572bc9cf917f1c7ebd2cc86ce6{\npadding:30px 30px 30px 30px !important;\n}\n<\/style>\n<div class='flex_cell av-2yw35e-2b8adf572bc9cf917f1c7ebd2cc86ce6 av-gridrow-cell av_one_fourth no_margin  avia-builder-el-21  el_after_av_cell_one_fourth  avia-builder-el-last  content-align-top'  ><div class='flex_cell_inner'>\n<style type=\"text\/css\" data-created_by=\"avia_inline_auto\" id=\"style-css-av-jgqsjmzc-61144bc4df34548140c45c1ae6d39c0f\">\n#top #wrap_all .iconbox.av-jgqsjmzc-61144bc4df34548140c45c1ae6d39c0f .iconbox_content_title{\ncolor:#ffffff;\n}\n.iconbox.av-jgqsjmzc-61144bc4df34548140c45c1ae6d39c0f .iconbox_content_container{\ncolor:#ffffff;\n}\n<\/style>\n<article  class='iconbox iconbox_left av-jgqsjmzc-61144bc4df34548140c45c1ae6d39c0f  avia-builder-el-22  avia-builder-el-no-sibling '  itemscope=\"itemscope\" itemtype=\"https:\/\/schema.org\/CreativeWork\" ><div class=\"iconbox_content\"><header class=\"entry-content-header\" aria-label=\"Icon: Adresse.\"><div class='iconbox_icon heading-color avia-iconfont avia-font-entypo-fontello' data-av_icon='\ue81e' data-av_iconfont='entypo-fontello'  ><\/div><h3 class='iconbox_content_title '  itemprop=\"headline\" >Adresse.<\/h3><\/header><div class='iconbox_content_container av_inherit_color'  itemprop=\"text\" ><p>Roessler Mastering:<\/p>\n<p>Farnweg 3,\u00a091233 Neunkirchen.<\/p>\n<p>nahe\u00a0N\u00fcrnberg,\u00a0Deutschland<\/p>\n<\/div><\/div><footer class=\"entry-footer\"><\/footer><\/article>\n<\/div><\/div><\/div><\/p>\n","protected":false},"excerpt":{"rendered":"","protected":false},"author":11,"featured_media":0,"parent":0,"menu_order":0,"comment_status":"closed","ping_status":"closed","template":"","meta":{"footnotes":""},"class_list":["post-6370","page","type-page","status-publish","hentry"],"_links":{"self":[{"href":"https:\/\/roessler-mastering.com\/de\/wp-json\/wp\/v2\/pages\/6370","targetHints":{"allow":["GET"]}}],"collection":[{"href":"https:\/\/roessler-mastering.com\/de\/wp-json\/wp\/v2\/pages"}],"about":[{"href":"https:\/\/roessler-mastering.com\/de\/wp-json\/wp\/v2\/types\/page"}],"author":[{"embeddable":true,"href":"https:\/\/roessler-mastering.com\/de\/wp-json\/wp\/v2\/users\/11"}],"replies":[{"embeddable":true,"href":"https:\/\/roessler-mastering.com\/de\/wp-json\/wp\/v2\/comments?post=6370"}],"version-history":[{"count":0,"href":"https:\/\/roessler-mastering.com\/de\/wp-json\/wp\/v2\/pages\/6370\/revisions"}],"wp:attachment":[{"href":"https:\/\/roessler-mastering.com\/de\/wp-json\/wp\/v2\/media?parent=6370"}],"curies":[{"name":"wp","href":"https:\/\/api.w.org\/{rel}","templated":true}]}}